{"id":16564,"date":"2018-01-04T15:56:39","date_gmt":"2018-01-04T17:56:39","guid":{"rendered":"http:\/\/35.194.95.18\/wp-admin\/?post_type=product&#038;p=16564"},"modified":"2025-08-11T13:26:23","modified_gmt":"2025-08-11T16:26:23","slug":"lutalyse-30ml","status":"publish","type":"product","link":"https:\/\/vetsul.com\/index.php\/product\/lutalyse-30ml\/","title":{"rendered":"Lutalyse 30ml"},"content":{"rendered":"<p>Lutalyse\u00ae (Dinoprost Trometamina) \u00e9 indicado em vacas, \u00e9guas e porcas.<\/p>\n<div>\n<div>F\u00f3rmula:<\/div>\n<div>Cada mL cont\u00e9m:<\/div>\n<div>Dinoprost trometamina (equivalente a 5mg\/mL de dinoprost) &#8230;&#8230;&#8230;&#8230;&#8230; 6,71 mg<\/div>\n<div>\u00c1lcool benz\u00edlico &#8230;&#8230;&#8230;&#8230;&#8230;&#8230;&#8230;&#8230;&#8230;&#8230;&#8230;&#8230;&#8230;&#8230;&#8230;&#8230;&#8230;&#8230;&#8230;&#8230;&#8230;&#8230;&#8230;&#8230;&#8230;&#8230; 9,00 mg<\/div>\n<div>Ve\u00edculo &#8230;.. q.s.p. &#8230;&#8230;&#8230;&#8230;&#8230;&#8230;&#8230;&#8230;&#8230;&#8230;&#8230;&#8230;&#8230;&#8230;&#8230;&#8230;&#8230;&#8230;&#8230;&#8230;&#8230;&#8230;&#8230;&#8230;&#8230;1,00 mL<\/div>\n<div>Indica\u00e7\u00f5es:<\/div>\n<div>Lutalyse\u00ae \u00e9 indicado em vacas, \u00e9guas e porcas para:<\/div>\n<div>&#8211; Controlar, com maior efic\u00e1cia, a sincroniza\u00e7\u00e3o do cio de vacas e \u00e9guas;<\/div>\n<div>&#8211; Tratamento de vacas e \u00e9guas com corpo l\u00fateo funcional sem expressar comportamento de estro (vacas sub-estro ou cio silencioso, \u00e9guas dif\u00edceis de cobrir);<\/div>\n<div>&#8211; Indu\u00e7\u00e3o do aborto ou parto em vacas e \u00e9guas;<\/div>\n<div>&#8211; Indu\u00e7\u00e3o do parto em vacas e porcas;<\/div>\n<div>&#8211; Tratamento da metrite cr\u00f4nica e piometrite em vacas;<\/div>\n<div>&#8211; Reprodu\u00e7\u00e3o controlada em vacas;<\/div>\n<div>&#8211; Diminui\u00e7\u00e3o do intervalo desmame\/cio f\u00e9rtil em porcas de granjas com problemas reprodutivos.<\/div>\n<div>Dosagem:<\/div>\n<div>Vacas: Administrar 25 mg de Dinoprost (5 mL) para:<\/div>\n<div>&#8211; Controle sobre dura\u00e7\u00e3o do cio e sobre a ovula\u00e7\u00e3o de vacas ou ciclo estral.<\/div>\n<div>&#8211; Tratamento de vacas que apresentam corpo-l\u00fateo funcional, mas n\u00e3o expressam o estro (sub-estro ou cio silencioso).<\/div>\n<div>&#8211; Tratamento de metrite cr\u00f4nica ou piometrite.<\/div>\n<div>&#8211; Reprodu\u00e7\u00e3o controlada.<\/div>\n<div>&#8211; Indu\u00e7\u00e3o do aborto.<\/div>\n<div>&#8211; Indu\u00e7\u00e3o do parto.<\/div>\n<div>\u00c9guas: Administrar 5 mg de Dinoprost (1 mL) para:<\/div>\n<div>&#8211; Controle sobre dura\u00e7\u00e3o do cio e sobre a ovula\u00e7\u00e3o de \u00e9guas em ciclo estral.<\/div>\n<div>&#8211; Tratamento de \u00e9guas que apresentam corpo-l\u00fateo funcional, mas n\u00e3o indicam cio comportamental (sub-estro ou cio silencioso).<\/div>\n<div>&#8211; Indu\u00e7\u00e3o do aborto.<\/div>\n<div>Dos 5 aos 35 dias de gesta\u00e7\u00e3o, 5 mg de Dinoprost (1 mL) resultar\u00e1 em aborto. Entretanto, animais com mais de 35 dias de gesta\u00e7\u00e3o exigir\u00e3o dosagem repetida diariamente at\u00e9 que ocorra o aborto.<\/div>\n<div>Porcas:&nbsp;<\/div>\n<div>&#8211; Para indu\u00e7\u00e3o do parto administrar 10 mg de Dinoprost (2 mL) dentro de 3 dias da data prevista para o nascimento.&nbsp;<\/div>\n<div>&#8211; Para uso p\u00f3s-parto, administrar 10 mg de Dinoprost (2 mL) 24 a 48 horas ap\u00f3s o parto.<\/div>\n<div>Administra\u00e7\u00e3o:<\/div>\n<div>Lutalyse\u00ae deve ser administrado por via intramuscular.<\/div>\n<div>Precau\u00e7\u00f5es:<\/div>\n<div>&#8211; Adotar t\u00e9cnicas de assepsia adequadas na administra\u00e7\u00e3o do produto.<\/div>\n<div>&#8211; N\u00e3o administrar a f\u00eameas prenhes, a n\u00e3o ser nos casos em que se requeira indu\u00e7\u00e3o do parto.<\/div>\n<div>&#8211; Indu\u00e7\u00e3o do parto ou aborto com qualquer composto ex\u00f3geno pode precipitar distocia, morte fetal, placenta retida e\/ou metrite.<\/div>\n<div>&#8211; Indu\u00e7\u00e3o do parto em porcas antes de 72 horas da data prevista para o parto pode resultar na mortalidade dos leit\u00f5es.<\/div>\n<div>&#8211; Animais destinados ao consumo humano devem ser abatidos 24 horas ap\u00f3s o \u00faltimo tratamento.<\/div>\n<div>&#8211; N\u00e3o permitir que gestantes, asm\u00e1ticos ou pessoas com problemas br\u00f4nquicos ou respirat\u00f3rios administrem o medicamento.<\/div>\n<div>&#8211; Respingos de Lutalyse sobre a pele devem ser imediatamente lavados com \u00e1gua e sab\u00e3o.<\/div>\n<div>Apresenta\u00e7\u00e3o:<\/div>\n<div>Cartuchos individuais contendo frascos de doses m\u00faltiplas de 10 ou 30 mL.<\/div>\n<div>Classe Terap\u00eautica: HORM\u00d4NIOS\/SIMILARES<\/div>\n<div>Princ\u00edpio(s) Ativo(s): DINOPROST<\/div>\n<div>Registro no Minist\u00e9rio da Agricultura, Pecu\u00e1ria e Abastecimento: 0966 em 13\/09\/79<\/div>\n<div>Respons\u00e1vel T\u00e9cnico:<\/div>\n<div>Elvira Aparecida Centeio &#8211; CRMV: CRF-SP n\u00ba 11.142<\/div>\n<\/div>\n","protected":false},"excerpt":{"rendered":"<p>Lutalyse\u00ae (Dinoprost Trometamina) \u00e9 indicado em vacas, \u00e9guas e porcas. F\u00f3rmula: Cada mL cont\u00e9m: Dinoprost trometamina (equivalente a 5mg\/mL de dinoprost) &#8230;&#8230;&#8230;&#8230;&#8230;<\/p>\n","protected":false},"featured_media":16565,"template":"","meta":{"_acf_changed":false},"product_brand":[970],"product_cat":[172,177],"product_tag":[822],"class_list":{"0":"post-16564","1":"product","2":"type-product","3":"status-publish","4":"has-post-thumbnail","6":"product_brand-zoetis","7":"product_cat-reproducao","8":"product_cat-reproducao-2","9":"product_tag-zoetis","11":"first","12":"instock","13":"purchasable","14":"product-type-simple"},"acf":[],"_links":{"self":[{"href":"https:\/\/vetsul.com\/index.php\/wp-json\/wp\/v2\/product\/16564","targetHints":{"allow":["GET"]}}],"collection":[{"href":"https:\/\/vetsul.com\/index.php\/wp-json\/wp\/v2\/product"}],"about":[{"href":"https:\/\/vetsul.com\/index.php\/wp-json\/wp\/v2\/types\/product"}],"wp:featuredmedia":[{"embeddable":true,"href":"https:\/\/vetsul.com\/index.php\/wp-json\/wp\/v2\/media\/16565"}],"wp:attachment":[{"href":"https:\/\/vetsul.com\/index.php\/wp-json\/wp\/v2\/media?parent=16564"}],"wp:term":[{"taxonomy":"product_brand","embeddable":true,"href":"https:\/\/vetsul.com\/index.php\/wp-json\/wp\/v2\/product_brand?post=16564"},{"taxonomy":"product_cat","embeddable":true,"href":"https:\/\/vetsul.com\/index.php\/wp-json\/wp\/v2\/product_cat?post=16564"},{"taxonomy":"product_tag","embeddable":true,"href":"https:\/\/vetsul.com\/index.php\/wp-json\/wp\/v2\/product_tag?post=16564"}],"curies":[{"name":"wp","href":"https:\/\/api.w.org\/{rel}","templated":true}]}}