{"id":16562,"date":"2018-01-04T15:51:42","date_gmt":"2018-01-04T17:51:42","guid":{"rendered":"http:\/\/35.194.95.18\/wp-admin\/?post_type=product&#038;p=16562"},"modified":"2025-02-07T16:00:15","modified_gmt":"2025-02-07T19:00:15","slug":"lidofarm-50ml","status":"publish","type":"product","link":"https:\/\/vetsul.com\/index.php\/product\/lidofarm-50ml\/","title":{"rendered":"Lidofarm 50ml"},"content":{"rendered":"<p>ANEST\u00c9SICO LOCAL<\/p>\n<p>USO VETERIN\u00c1RIO<\/p>\n<p>SOLU\u00c7\u00c3O INJET\u00c1VEL<\/p>\n<p>F\u00d3RMULA:<\/p>\n<p>Cada 100mL cont\u00e9m:<\/p>\n<p>Cloridrato de Lidoca\u00edna &#8230;&#8230;&#8230;&#8230;&#8230;&#8230;&#8230;&#8230;&#8230;&#8230;&#8230;&#8230;&#8230;&#8230;&#8230;&#8230;&#8230;&#8230;&#8230;&#8230;&#8230;&#8230;&#8230;&#8230;&#8230;&#8230;&#8230;&#8230;&#8230;&#8230;&#8230;&#8230;&#8230;&#8230;&#8230;&#8230;&#8230;&#8230;&#8230;.. 2,0g<\/p>\n<p>Epinefrina &#8230;&#8230;&#8230;&#8230;&#8230;&#8230;&#8230;&#8230;&#8230;&#8230;&#8230;&#8230;&#8230;&#8230;&#8230;&#8230;&#8230;&#8230;&#8230;&#8230;&#8230;&#8230;&#8230;&#8230;&#8230;&#8230;&#8230;&#8230;&#8230;&#8230;&#8230;&#8230;&#8230;&#8230;&#8230;&#8230;&#8230;&#8230;&#8230;&#8230;&#8230;&#8230;&#8230;&#8230;&#8230;&#8230;&#8230;. 2,0mg<\/p>\n<p>Ve\u00edculo q.s.p. &#8230;&#8230;&#8230;&#8230;&#8230;&#8230;&#8230;&#8230;&#8230;&#8230;&#8230;&#8230;&#8230;&#8230;&#8230;&#8230;&#8230;&#8230;&#8230;&#8230;&#8230;&#8230;&#8230;&#8230;&#8230;&#8230;&#8230;&#8230;&#8230;&#8230;&#8230;&#8230;&#8230;&#8230;&#8230;&#8230;&#8230;&#8230;&#8230;&#8230;&#8230;&#8230;&#8230;&#8230; 100,0mL<\/p>\n<p>Os anest\u00e9sicos locais s\u00e3o drogas que impedem a gera\u00e7\u00e3o e a condu\u00e7\u00e3o do<\/p>\n<p>impulso nervoso quando aplicados localmente no tecido, em concentra\u00e7\u00f5es apropriadas,<\/p>\n<p>sem preju\u00edzo do controle das fun\u00e7\u00f5es vitais.<\/p>\n<p>A Lidoca\u00edna age por meio do bloqueio da condu\u00e7\u00e3o do impulso nervoso<\/p>\n<p>diminuindo ou impedindo o aumento transit\u00f3rio na permeabilidade das membranas<\/p>\n<p>excit\u00e1veis ao Na+, que \u00e9 produzido por uma discreta despolariza\u00e7\u00e3o da membrana.<\/p>\n<p>Promove uma anestesia imediata e de dura\u00e7\u00e3o longa e extensa. Embora ela seja eficaz<\/p>\n<p>quando utilizada sem nenhum vasoconstritor, na presen\u00e7a de adrenalina a velocidade de<\/p>\n<p>absor\u00e7\u00e3o e a toxicidade s\u00e3o diminu\u00eddas e a dura\u00e7\u00e3o \u00e9 prolongada.<\/p>\n<p>INDICA\u00c7\u00d5ES:<\/p>\n<p>LIDOFarm \u00e9 um anest\u00e9sico local, indicado para inibi\u00e7\u00e3o da dor em uma<\/p>\n<p>determinada regi\u00e3o, nos casos de tratamentos e procedimentos cl\u00ednico-cir\u00fargicos.<\/p>\n<p>MODO DE USAR:<\/p>\n<p>LIDOFarm deve ser administrado por via subcut\u00e2nea, intramuscular, intravenosa,<\/p>\n<p>epidural ou paravertebral.<\/p>\n<p>POSOLOGIA:<\/p>\n<p>&#8211; Animais de pequeno porte (c\u00e3es e gatos): 1,0 a 2,5mL<\/p>\n<p>A dose m\u00e1xima permitida \u00e9 de 9,0 mg de Lidoca\u00edna por kg de peso.<\/p>\n<p>Altera\u00e7\u00f5es na posologia e modo de usar a crit\u00e9rio do M\u00e9dico Veterin\u00e1rio.<\/p>\n<p>CONTRAINDICA\u00c7\u00d5ES:<\/p>\n<p>N\u00e3o deve ser usado em animais que apresentam hipersibilidade a Lidoca\u00edna e<\/p>\n<p>epinefrina, em animais em tratamento com sulfonamidas, animais com hipovolemia,<\/p>\n<p>bradicardia, descompensa\u00e7\u00e3o card\u00edaca ou insufici\u00eancia card\u00edaca congestiva. Em gatos<\/p>\n<p>pode ocorrer supress\u00e3o card\u00edaca.<\/p>\n<p>Devido a presen\u00e7a da epinefrina o LIDOFarm deve ser evitado em cirurgias de<\/p>\n<p>extremidades ou circula\u00e7\u00f5es terminais.<\/p>\n<p>INTOXICA\u00c7\u00c3O:<\/p>\n<p>A superdosagem de Lidoca\u00edna deprime o sistema nervoso central e os efeitos<\/p>\n<p>colaterais incluem: sonol\u00eancia, vertigem, parestesias, estado mental acelerado, coma e<\/p>\n<p>convuls\u00f5es. O controle da respira\u00e7\u00e3o \u00e9 essencial no tratamento do est\u00e1gio tardio da<\/p>\n<p>intoxica\u00e7\u00e3o. O diazepan administrado pela via endovenosa \u00e9 a droga de elei\u00e7\u00e3o tanto<\/p>\n<p>para a preven\u00e7\u00e3o quanto para a parada das convuls\u00f5es.<\/p>\n<p>EFEITOS ADVERSOS:<\/p>\n<p>A presen\u00e7a da epinefrina poder\u00e1 causar agita\u00e7\u00e3o, taquicardia, retardar a<\/p>\n<p>cicatriza\u00e7\u00e3o de feridas, provocar edema ou necrose local. Em casos de altas doses, o<\/p>\n<p>animal poder\u00e1 manifestar sinais de excita\u00e7\u00e3o, convuls\u00e3o, hip\u00f3xia, acidose ou hipotens\u00e3o<\/p>\n<p>arterial. A oxigena\u00e7\u00e3o tecidual faz com que acidose e a hip\u00f3xia sejam corrigidas.<\/p>\n<p>O uso de barbit\u00faricos reduz a estimula\u00e7\u00e3o central. N\u00e3o se deve empregar<\/p>\n<p>pentobarbital nas convuls\u00f5es induzidas por lidoca\u00edna, pois potencializa a toxicidade<\/p>\n<p>desta subst\u00e2ncia.<\/p>\n<p>APRESENTA\u00c7\u00c3O:<\/p>\n<p>Frasco contendo 20mL.<\/p>\n<p>Conservar em local seco e fresco, ao abrigo da luz solar, fora do alcance de crian\u00e7as e<\/p>\n<p>animais dom\u00e9sticos.<\/p>\n<p>Licenciado no Minist\u00e9rio da Agricultura sob n\u00ba 4.038\/92 em 22\/07\/1992.<\/p>\n<div><\/div>\n","protected":false},"excerpt":{"rendered":"<p>ANEST\u00c9SICO LOCAL USO VETERIN\u00c1RIO SOLU\u00c7\u00c3O INJET\u00c1VEL F\u00d3RMULA: Cada 100mL cont\u00e9m: Cloridrato de Lidoca\u00edna &#8230;&#8230;&#8230;&#8230;&#8230;&#8230;&#8230;&#8230;&#8230;&#8230;&#8230;&#8230;&#8230;&#8230;&#8230;&#8230;&#8230;&#8230;&#8230;&#8230;&#8230;&#8230;&#8230;&#8230;&#8230;&#8230;&#8230;&#8230;&#8230;&#8230;&#8230;&#8230;&#8230;&#8230;&#8230;&#8230;&#8230;&#8230;&#8230;.. 2,0g Epinefrina &#8230;&#8230;&#8230;&#8230;&#8230;&#8230;&#8230;&#8230;&#8230;&#8230;&#8230;&#8230;&#8230;&#8230;&#8230;&#8230;&#8230;&#8230;&#8230;&#8230;&#8230;&#8230;&#8230;&#8230;&#8230;&#8230;&#8230;&#8230;&#8230;&#8230;&#8230;&#8230;&#8230;&#8230;&#8230;&#8230;&#8230;&#8230;&#8230;&#8230;&#8230;&#8230;&#8230;&#8230;&#8230;&#8230;&#8230;. 2,0mg Ve\u00edculo q.s.p. &#8230;&#8230;&#8230;&#8230;&#8230;&#8230;&#8230;&#8230;&#8230;&#8230;&#8230;&#8230;&#8230;&#8230;&#8230;&#8230;&#8230;&#8230;&#8230;&#8230;&#8230;&#8230;&#8230;&#8230;&#8230;&#8230;&#8230;&#8230;&#8230;&#8230;&#8230;&#8230;&#8230;&#8230;&#8230;&#8230;&#8230;&#8230;&#8230;&#8230;&#8230;&#8230;&#8230;&#8230; 100,0mL<\/p>\n","protected":false},"featured_media":16563,"template":"","meta":{"_acf_changed":false},"product_brand":[958],"product_cat":[164,163,15],"product_tag":[993],"class_list":{"0":"post-16562","1":"product","2":"type-product","3":"status-publish","4":"has-post-thumbnail","6":"product_brand-biofarm","7":"product_cat-bovinos-e-ovinos","8":"product_cat-equinos","9":"product_cat-uncategorized","10":"product_tag-biofarm","12":"first","13":"instock","14":"purchasable","15":"product-type-simple"},"acf":[],"_links":{"self":[{"href":"https:\/\/vetsul.com\/index.php\/wp-json\/wp\/v2\/product\/16562","targetHints":{"allow":["GET"]}}],"collection":[{"href":"https:\/\/vetsul.com\/index.php\/wp-json\/wp\/v2\/product"}],"about":[{"href":"https:\/\/vetsul.com\/index.php\/wp-json\/wp\/v2\/types\/product"}],"wp:featuredmedia":[{"embeddable":true,"href":"https:\/\/vetsul.com\/index.php\/wp-json\/wp\/v2\/media\/16563"}],"wp:attachment":[{"href":"https:\/\/vetsul.com\/index.php\/wp-json\/wp\/v2\/media?parent=16562"}],"wp:term":[{"taxonomy":"product_brand","embeddable":true,"href":"https:\/\/vetsul.com\/index.php\/wp-json\/wp\/v2\/product_brand?post=16562"},{"taxonomy":"product_cat","embeddable":true,"href":"https:\/\/vetsul.com\/index.php\/wp-json\/wp\/v2\/product_cat?post=16562"},{"taxonomy":"product_tag","embeddable":true,"href":"https:\/\/vetsul.com\/index.php\/wp-json\/wp\/v2\/product_tag?post=16562"}],"curies":[{"name":"wp","href":"https:\/\/api.w.org\/{rel}","templated":true}]}}