{"id":16560,"date":"2018-01-04T15:44:24","date_gmt":"2018-01-04T17:44:24","guid":{"rendered":"http:\/\/35.194.95.18\/wp-admin\/?post_type=product&#038;p=16560"},"modified":"2025-08-11T13:26:23","modified_gmt":"2025-08-11T16:26:23","slug":"laviz-m-o-horse","status":"publish","type":"product","link":"https:\/\/vetsul.com\/index.php\/product\/laviz-m-o-horse\/","title":{"rendered":"Laviz MO Horse"},"content":{"rendered":"<p>Suplemento nutricional composto de amino\u00e1cidos, minerais e vitaminas, indicado para equinos em todas as fases de vida. \u00danica formula\u00e7\u00e3o no mercado na forma de pasta palat\u00e1vel de uso oral exclusiva para equinos.<\/p>\n<p><\/p>\n<p>Apresenta\u00e7\u00e3o<\/p>\n<p>Caixa com duas seringas dosadoras contendo 40g cada.<\/p>\n<p>Modo de uso<\/p>\n<p>Equinos Adultos: administrar o conte\u00fado das duas seringas (80 g) a cada 15 dias, via oral; potros: administrar 1 seringa a cada 15 dias, via oral.<\/p>\n<p>laviz_mo_horse_80g<\/p>\n<p>N\u00edveis de garantia por kilograma do produto<\/p>\n<p>Garantia<span style=\"white-space:pre\">\t<\/span>Valor<span style=\"white-space:pre\">\t<\/span>Unidade<\/p>\n<p>\u00c1cido Asp\u00e1rtico (M\u00ednimo)<span style=\"white-space:pre\">\t<\/span>5.830<span style=\"white-space:pre\">\t<\/span>mg<\/p>\n<p>\u00c1cido F\u00f3lico (M\u00ednimo)<span style=\"white-space:pre\">\t<\/span>220<span style=\"white-space:pre\">\t<\/span>mg<\/p>\n<p>\u00c1cido Glut\u00e2mico (M\u00ednimo)<span style=\"white-space:pre\">\t<\/span>7.920<span style=\"white-space:pre\">\t<\/span>mg<\/p>\n<p>\u00c1cido Nicot\u00ednico (M\u00ednimo)<span style=\"white-space:pre\">\t<\/span>660<span style=\"white-space:pre\">\t<\/span>mg<\/p>\n<p>A\u00e7\u00facares totais (M\u00e1ximo)<span style=\"white-space:pre\">\t<\/span>23<span style=\"white-space:pre\">\t<\/span>g<\/p>\n<p>Alanina (M\u00ednimo)<span style=\"white-space:pre\">\t<\/span>15,55<span style=\"white-space:pre\">\t<\/span>g<\/p>\n<p>Arginina (M\u00ednimo)<span style=\"white-space:pre\">\t<\/span>8.690<span style=\"white-space:pre\">\t<\/span>mg<\/p>\n<p>Biotina (M\u00ednimo)<span style=\"white-space:pre\">\t<\/span>60<span style=\"white-space:pre\">\t<\/span>mg<\/p>\n<p>C\u00e1lcio (m\u00ednimo\/m\u00e1ximo)<span style=\"white-space:pre\">\t<\/span>40\/48<span style=\"white-space:pre\">\t<\/span>g<\/p>\n<p>Cobalto (M\u00ednimo)<span style=\"white-space:pre\">\t<\/span>151,2<span style=\"white-space:pre\">\t<\/span>mg<\/p>\n<p>Cobre Quelatado (M\u00ednimo)<span style=\"white-space:pre\">\t<\/span>7,5<span style=\"white-space:pre\">\t<\/span>mg<\/p>\n<p>Colina (M\u00ednimo)<span style=\"white-space:pre\">\t<\/span>3.300<span style=\"white-space:pre\">\t<\/span>mg<\/p>\n<p>Cromo (M\u00ednimo)<span style=\"white-space:pre\">\t<\/span>5<span style=\"white-space:pre\">\t<\/span>mg<\/p>\n<p>DL-Metionina (M\u00ednimo)<span style=\"white-space:pre\">\t<\/span>28,88<span style=\"white-space:pre\">\t<\/span>g<\/p>\n<p>Enxofre (M\u00ednimo)<span style=\"white-space:pre\">\t<\/span>495<span style=\"white-space:pre\">\t<\/span>mg<\/p>\n<p>Fenilalanina (M\u00ednimo)<span style=\"white-space:pre\">\t<\/span>1.980<span style=\"white-space:pre\">\t<\/span>mg<\/p>\n<p>Ferro quelatado (M\u00ednimo)<span style=\"white-space:pre\">\t<\/span>3.384<span style=\"white-space:pre\">\t<\/span>mg<\/p>\n<p>Fl\u00faor (M\u00e1ximo)<span style=\"white-space:pre\">\t<\/span>320<span style=\"white-space:pre\">\t<\/span>mg<\/p>\n<p>F\u00f3sforo (M\u00ednimo)<span style=\"white-space:pre\">\t<\/span>37<span style=\"white-space:pre\">\t<\/span>g<\/p>\n<p>Glicina (M\u00ednimo)<span style=\"white-space:pre\">\t<\/span>18,37<span style=\"white-space:pre\">\t<\/span>g<\/p>\n<p>Hidroxiprolina (M\u00ednimo)<span style=\"white-space:pre\">\t<\/span>18,15<span style=\"white-space:pre\">\t<\/span>g<\/p>\n<p>Histidina (M\u00ednimo)<span style=\"white-space:pre\">\t<\/span>660<span style=\"white-space:pre\">\t<\/span>mg<\/p>\n<p>Iodo (M\u00ednimo)<span style=\"white-space:pre\">\t<\/span>130<span style=\"white-space:pre\">\t<\/span>mg<\/p>\n<p>Isoleucina (M\u00ednimo)<span style=\"white-space:pre\">\t<\/span>1.494<span style=\"white-space:pre\">\t<\/span>mg<\/p>\n<p>L-Carnitina (M\u00ednimo)<span style=\"white-space:pre\">\t<\/span>11<span style=\"white-space:pre\">\t<\/span>g<\/p>\n<p>L-Lisina (M\u00ednimo)<span style=\"white-space:pre\">\t<\/span>30,20<span style=\"white-space:pre\">\t<\/span>g<\/p>\n<p>Leucina (M\u00ednimo)<span style=\"white-space:pre\">\t<\/span>2.860<span style=\"white-space:pre\">\t<\/span>mg<\/p>\n<p>Magn\u00e9sio (M\u00ednimo)<span style=\"white-space:pre\">\t<\/span>864<span style=\"white-space:pre\">\t<\/span>mg<\/p>\n<p>Mangan\u00eas (M\u00ednimo)<span style=\"white-space:pre\">\t<\/span>331,7<span style=\"white-space:pre\">\t<\/span>mg<\/p>\n<p>Pantotenato de C\u00e1lcio (M\u00ednimo)<span style=\"white-space:pre\">\t<\/span>650<span style=\"white-space:pre\">\t<\/span>mg<\/p>\n<p>Prolina (M\u00ednimo)<span style=\"white-space:pre\">\t<\/span>14,30<span style=\"white-space:pre\">\t<\/span>g<\/p>\n<p>Sel\u00eanio (M\u00ednimo)<span style=\"white-space:pre\">\t<\/span>0,9<span style=\"white-space:pre\">\t<\/span>mg<\/p>\n<p>Serina (M\u00ednimo)<span style=\"white-space:pre\">\t<\/span>1.760<span style=\"white-space:pre\">\t<\/span>mg<\/p>\n<p>S\u00f3dio (M\u00ednimo)<span style=\"white-space:pre\">\t<\/span>175,50<span style=\"white-space:pre\">\t<\/span>mg<\/p>\n<p>Tirosina (M\u00ednimo)<span style=\"white-space:pre\">\t<\/span>440<span style=\"white-space:pre\">\t<\/span>mg<\/p>\n<p>Treonina (M\u00ednimo)<span style=\"white-space:pre\">\t<\/span>1.100<span style=\"white-space:pre\">\t<\/span>mg<\/p>\n<p>Triptofano (M\u00ednimo)<span style=\"white-space:pre\">\t<\/span>1.474<span style=\"white-space:pre\">\t<\/span>mg<\/p>\n<p>Valina (M\u00ednimo)<span style=\"white-space:pre\">\t<\/span>2.090<span style=\"white-space:pre\">\t<\/span>mg<\/p>\n<p>Vitamina A (M\u00ednimo)<span style=\"white-space:pre\">\t<\/span>4.400.000<span style=\"white-space:pre\">\t<\/span>UI<\/p>\n<p>Vitamina B1 (M\u00ednimo)<span style=\"white-space:pre\">\t<\/span>445<span style=\"white-space:pre\">\t<\/span>mg<\/p>\n<p>Vitamina B12 (M\u00ednimo)<span style=\"white-space:pre\">\t<\/span>14.000<span style=\"white-space:pre\">\t<\/span>mcg<\/p>\n<p>Vitamina B2 (M\u00ednimo)<span style=\"white-space:pre\">\t<\/span>220<span style=\"white-space:pre\">\t<\/span>mg<\/p>\n<p>Vitamina B6 (M\u00ednimo)<span style=\"white-space:pre\">\t<\/span>224<span style=\"white-space:pre\">\t<\/span>mg<\/p>\n<p>Vitamina C (M\u00ednimo)<span style=\"white-space:pre\">\t<\/span>5.500<span style=\"white-space:pre\">\t<\/span>mg<\/p>\n<p>Vitamina D3 (M\u00ednimo)<span style=\"white-space:pre\">\t<\/span>250.000<span style=\"white-space:pre\">\t<\/span>UI<\/p>\n<p>Vitamina E (M\u00ednimo)<span style=\"white-space:pre\">\t<\/span>5.632<span style=\"white-space:pre\">\t<\/span>UI<\/p>\n<p>Zinco (M\u00ednimo)<span style=\"white-space:pre\">\t<\/span>2.100<span style=\"white-space:pre\">\t<\/span>mg<\/p>\n<p>Ve\u00edculo q.s.p<span style=\"white-space:pre\">\t<\/span>1.000<span style=\"white-space:pre\">\t<\/span>mL<\/p>\n","protected":false},"excerpt":{"rendered":"<p>Suplemento nutricional composto de amino\u00e1cidos, minerais e vitaminas, indicado para equinos em todas as fases de vida. \u00danica formula\u00e7\u00e3o no mercado na<\/p>\n","protected":false},"featured_media":16561,"template":"","meta":{"_acf_changed":false},"product_brand":[952],"product_cat":[178],"product_tag":[983],"class_list":{"0":"post-16560","1":"product","2":"type-product","3":"status-publish","4":"has-post-thumbnail","6":"product_brand-lavizoo","7":"product_cat-suplementos-e-vitaminas-2","8":"product_tag-lavizoo","10":"first","11":"instock","12":"purchasable","13":"product-type-simple"},"acf":[],"_links":{"self":[{"href":"https:\/\/vetsul.com\/index.php\/wp-json\/wp\/v2\/product\/16560","targetHints":{"allow":["GET"]}}],"collection":[{"href":"https:\/\/vetsul.com\/index.php\/wp-json\/wp\/v2\/product"}],"about":[{"href":"https:\/\/vetsul.com\/index.php\/wp-json\/wp\/v2\/types\/product"}],"wp:featuredmedia":[{"embeddable":true,"href":"https:\/\/vetsul.com\/index.php\/wp-json\/wp\/v2\/media\/16561"}],"wp:attachment":[{"href":"https:\/\/vetsul.com\/index.php\/wp-json\/wp\/v2\/media?parent=16560"}],"wp:term":[{"taxonomy":"product_brand","embeddable":true,"href":"https:\/\/vetsul.com\/index.php\/wp-json\/wp\/v2\/product_brand?post=16560"},{"taxonomy":"product_cat","embeddable":true,"href":"https:\/\/vetsul.com\/index.php\/wp-json\/wp\/v2\/product_cat?post=16560"},{"taxonomy":"product_tag","embeddable":true,"href":"https:\/\/vetsul.com\/index.php\/wp-json\/wp\/v2\/product_tag?post=16560"}],"curies":[{"name":"wp","href":"https:\/\/api.w.org\/{rel}","templated":true}]}}