{"id":16558,"date":"2018-01-04T15:36:16","date_gmt":"2018-01-04T17:36:16","guid":{"rendered":"http:\/\/35.194.95.18\/wp-admin\/?post_type=product&#038;p=16558"},"modified":"2025-02-07T16:23:16","modified_gmt":"2025-02-07T19:23:16","slug":"laviz-c-horse","status":"publish","type":"product","link":"https:\/\/vetsul.com\/index.php\/product\/laviz-c-horse\/","title":{"rendered":"Laviz C horse"},"content":{"rendered":"<p>Suplemento composto por vitamina C, c\u00e1lcio e f\u00f3sforo indicado para equinos.<\/p>\n<p>Apresenta\u00e7\u00e3o<\/p>\n<p>Pote contendo 500 g, com medidor.<\/p>\n<p>Modo de uso<\/p>\n<p>Potros: 5 g\/dia (sobre a ra\u00e7\u00e3o).<\/p>\n<p>Equinos adultos: 25 g\/dia (sobre a ra\u00e7\u00e3o).<\/p>\n<p>laviz_c_horse_500g<\/p>\n<p>N\u00edveis de garantia por kilograma do produto<\/p>\n<p>Garantia Valor Unidade<\/p>\n<p>A\u00e7\u00facares totais (M\u00ednimo) 263,95 g<\/p>\n<p>C\u00e1lcio (M\u00edn\/M\u00e1x) 41,60\/46,30 g<\/p>\n<p>Fl\u00faor (M\u00e1ximo) 379 mg<\/p>\n<p>F\u00f3sforo (M\u00ednimo) 37 g<\/p>\n<p>Vitamina C (M\u00ednimo) 500 g<\/p>\n<p>Excipiente q.s.p 1.000 g<\/p>\n","protected":false},"excerpt":{"rendered":"<p>Suplemento composto por vitamina C, c\u00e1lcio e f\u00f3sforo indicado para equinos. Apresenta\u00e7\u00e3o Pote contendo 500 g, com medidor. Modo de uso Potros:<\/p>\n","protected":false},"featured_media":16559,"template":"","meta":{"_acf_changed":false},"product_brand":[952],"product_cat":[164,163,178],"product_tag":[983],"class_list":{"0":"post-16558","1":"product","2":"type-product","3":"status-publish","4":"has-post-thumbnail","6":"product_brand-lavizoo","7":"product_cat-bovinos-e-ovinos","8":"product_cat-equinos","9":"product_cat-suplementos-e-vitaminas-2","10":"product_tag-lavizoo","12":"first","13":"outofstock","14":"shipping-taxable","15":"purchasable","16":"product-type-simple"},"acf":[],"_links":{"self":[{"href":"https:\/\/vetsul.com\/index.php\/wp-json\/wp\/v2\/product\/16558","targetHints":{"allow":["GET"]}}],"collection":[{"href":"https:\/\/vetsul.com\/index.php\/wp-json\/wp\/v2\/product"}],"about":[{"href":"https:\/\/vetsul.com\/index.php\/wp-json\/wp\/v2\/types\/product"}],"wp:featuredmedia":[{"embeddable":true,"href":"https:\/\/vetsul.com\/index.php\/wp-json\/wp\/v2\/media\/16559"}],"wp:attachment":[{"href":"https:\/\/vetsul.com\/index.php\/wp-json\/wp\/v2\/media?parent=16558"}],"wp:term":[{"taxonomy":"product_brand","embeddable":true,"href":"https:\/\/vetsul.com\/index.php\/wp-json\/wp\/v2\/product_brand?post=16558"},{"taxonomy":"product_cat","embeddable":true,"href":"https:\/\/vetsul.com\/index.php\/wp-json\/wp\/v2\/product_cat?post=16558"},{"taxonomy":"product_tag","embeddable":true,"href":"https:\/\/vetsul.com\/index.php\/wp-json\/wp\/v2\/product_tag?post=16558"}],"curies":[{"name":"wp","href":"https:\/\/api.w.org\/{rel}","templated":true}]}}