{"id":16556,"date":"2018-01-04T15:21:59","date_gmt":"2018-01-04T17:21:59","guid":{"rendered":"http:\/\/35.194.95.18\/wp-admin\/?post_type=product&#038;p=16556"},"modified":"2025-04-07T15:41:39","modified_gmt":"2025-04-07T18:41:39","slug":"landic-20ml","status":"publish","type":"product","link":"https:\/\/vetsul.com\/index.php\/product\/landic-20ml\/","title":{"rendered":"Landic 20ml"},"content":{"rendered":"<p>Landic<\/p>\n<p>Controle sist\u00eamico da diarreia na medida certa<\/p>\n<p>Landic \u00e9 formulado \u00e0 base de gentamicina e atropina. A gentamicina \u00e9 um antibi\u00f3tico de amplo espectro de a\u00e7\u00e3o que, quando aplicada por via parenteral, possui \u00f3tima distribui\u00e7\u00e3o nas al\u00e7as intestinais, combatendo a infec\u00e7\u00e3o causada por bact\u00e9rias patog\u00eanicas presentes no trato intestinal, que se aproveitam da enterite instalada e agravam o quadro. A atropina \u00e9 uma amina terci\u00e1ria natural que inibe as a\u00e7\u00f5es muscar\u00ednicas da acetilcolina sobre as estruturas inervadas por fibras colin\u00e9rgicas p\u00f3s-ganglionares. Tem a propriedade de reduzir a motilidade&nbsp; e atividade secretora do sistema gastrintestinal durante per\u00edodo prolongado. A atropina antagoniza as a\u00e7\u00f5es dos inibidores da colinesterase nos receptores muscar\u00ednicos. \u00c9 metabolizada pelo f\u00edgado e excretada por via renal.<\/p>\n<p>INDICA\u00c7\u00d5ES<\/p>\n<p>Landic \u00e9 indicado para o tratamento de quadros de diarr\u00e9ia das mais diversas etiologias, combatendo tamb\u00e9m a prolifera\u00e7\u00e3o dos microorganismos Escherichia coli, Enterobacter ssp, Salmonella ssp, Staphylococcus ssp, Shigella ssp, Streptococcus ssp. e Clostridium ssp., que causam ou agravam o quadro de enterite.<\/p>\n<p>N\u00cdVEIS DE GARANTIA DO PRODUTO<\/p>\n<p>Cada 100 mL do produto cont\u00e9m:<\/p>\n<p>Gentamicina (base) \u2026\u2026\u2026\u2026\u2026\u2026\u2026\u2026\u2026\u2026\u20264,00 g<\/p>\n<p>Sulfato de atropina \u2026\u2026\u2026\u2026\u2026\u2026\u2026\u2026\u2026\u2026\u20260,05 g<\/p>\n<p>Excipiente q.s.p. \u2026\u2026\u2026\u2026\u2026\u2026\u2026\u2026\u2026\u2026\u2026..100 mL<\/p>\n<p>MODO DE USAR<\/p>\n<p>Para ser usado por via intramuscular ou subcut\u00e2nea.<\/p>\n<p>Bovinos e Bubalinos: administrar 2mg de gentamicina e 25mcg de atropina\/Kg de peso corp\u00f3reo, ou seja, 1 mL para cada 20 kg de peso corp\u00f3reo, repetindo a aplica\u00e7\u00e3o em 24 horas caso necess\u00e1rio.<\/p>\n<p>Caprinos e Ovinos: administrar 4mg de gentamicina e 50mcg de atropina\/Kg de peso corp\u00f3reo, ou seja, 1 mL para cada 10 kg de peso corp\u00f3reo, repetindo a aplica\u00e7\u00e3o em 24 horas caso necess\u00e1rio.<\/p>\n<p>PRECAU\u00c7\u00d5ES<\/p>\n<p>N\u00e3o administrar o produto em animais que apresentem insufici\u00eancia renal.<\/p>\n<p>N\u00e3o administrar em f\u00eameas gestantes.<\/p>\n<p>APRESENTA\u00c7\u00c3O<\/p>\n<p>Frasco ampola contendo 20 mL.<\/p>\n","protected":false},"excerpt":{"rendered":"<p>Landic Controle sist\u00eamico da diarreia na medida certa Landic \u00e9 formulado \u00e0 base de gentamicina e atropina. A gentamicina \u00e9 um antibi\u00f3tico<\/p>\n","protected":false},"featured_media":16557,"template":"","meta":{"_acf_changed":false},"product_brand":[954],"product_cat":[170],"product_tag":[991],"class_list":{"0":"post-16556","1":"product","2":"type-product","3":"status-publish","4":"has-post-thumbnail","6":"product_brand-vetnil","7":"product_cat-anti-microbianos","8":"product_tag-vetnil","10":"first","11":"instock","12":"purchasable","13":"product-type-simple"},"acf":[],"_links":{"self":[{"href":"https:\/\/vetsul.com\/index.php\/wp-json\/wp\/v2\/product\/16556","targetHints":{"allow":["GET"]}}],"collection":[{"href":"https:\/\/vetsul.com\/index.php\/wp-json\/wp\/v2\/product"}],"about":[{"href":"https:\/\/vetsul.com\/index.php\/wp-json\/wp\/v2\/types\/product"}],"wp:featuredmedia":[{"embeddable":true,"href":"https:\/\/vetsul.com\/index.php\/wp-json\/wp\/v2\/media\/16557"}],"wp:attachment":[{"href":"https:\/\/vetsul.com\/index.php\/wp-json\/wp\/v2\/media?parent=16556"}],"wp:term":[{"taxonomy":"product_brand","embeddable":true,"href":"https:\/\/vetsul.com\/index.php\/wp-json\/wp\/v2\/product_brand?post=16556"},{"taxonomy":"product_cat","embeddable":true,"href":"https:\/\/vetsul.com\/index.php\/wp-json\/wp\/v2\/product_cat?post=16556"},{"taxonomy":"product_tag","embeddable":true,"href":"https:\/\/vetsul.com\/index.php\/wp-json\/wp\/v2\/product_tag?post=16556"}],"curies":[{"name":"wp","href":"https:\/\/api.w.org\/{rel}","templated":true}]}}