{"id":16552,"date":"2018-01-04T15:11:03","date_gmt":"2018-01-04T17:11:03","guid":{"rendered":"http:\/\/35.194.95.18\/wp-admin\/?post_type=product&#038;p=16552"},"modified":"2025-04-07T11:54:35","modified_gmt":"2025-04-07T14:54:35","slug":"k-othrine-30ml","status":"publish","type":"product","link":"https:\/\/vetsul.com\/index.php\/product\/k-othrine-30ml\/","title":{"rendered":"KOTRINE 30ML"},"content":{"rendered":"<p>K-Othrine SC 25 \u00e9 um inseticida de piretr\u00f3ide produzido pela Bayern eficaz contra formigas, baratas, pulgas, carrapatos, moscas (larvas e insetos), tra\u00e7as, cupins e brocas-de-madeira. Recomenda-se utilizar o produto para controlar infesta\u00e7\u00f5es em ambientes externos como resid\u00eancias, bares, restaurantes, padarias, hot\u00e9is, cinemas, teatros, ind\u00fastrias, (alimento e n\u00e3o alimento) etc.<\/p>\n<p>Como usar: o K-othrine deve ser dilu\u00eddo em uma pequena quantidade de \u00e1gua (pr\u00e9-mistura), e agitar at\u00e9 formar uma mistura homog\u00eanea. Ap\u00f3s a homogeneiza\u00e7\u00e3o, complete o volume com o restante de \u00e1gua na dose que foi recomendada na tabela. Utilizar 1 litro de calda para 20m\u00b2 de superf\u00edcie. Aplicar por meio de pulverizador para limpeza de resid\u00eancias e escrit\u00f3rios, em superf\u00edcies pass\u00edveis de repouso, tr\u00e2nsito e esconderijo dos insetos.<\/p>\n<p>Durante a aplica\u00e7\u00e3o do produto, recomendamos retirar pessoas e animais de estima\u00e7\u00e3o do local at\u00e9 a secagem completa do produto. Ap\u00f3s a secagem (pode variar entre duas e quatro horas) estes podem retornar normalmente ao local tratado.<\/p>\n<p>O K-Othrine 30ml da Bayer age durante at\u00e9 tr\u00eas meses em ambientes internos e durante um m\u00eas em ambientes externos, mas esse per\u00edodo pode variar dependendo dos produtos de limpeza e condi\u00e7\u00f5es do ambiente onde foi utilizado.<\/p>\n<p>Leia sempre com aten\u00e7\u00e3o a Bula do K-Othrine e em caso de d\u00favidas a equipe da Agroline est\u00e1 \u00e0 disposi\u00e7\u00e3o.<\/p>\n","protected":false},"excerpt":{"rendered":"<p>K-Othrine SC 25 \u00e9 um inseticida de piretr\u00f3ide produzido pela Bayern eficaz contra formigas, baratas, pulgas, carrapatos, moscas (larvas e insetos), tra\u00e7as,<\/p>\n","protected":false},"featured_media":16553,"template":"","meta":{"_acf_changed":false},"product_brand":[964],"product_cat":[167,184],"product_tag":[503,502,501,505,500,504],"class_list":{"0":"post-16552","1":"product","2":"type-product","3":"status-publish","4":"has-post-thumbnail","6":"product_brand-bayer","7":"product_cat-vermifugos-e-carrapaticidas","8":"product_cat-vermifugos-e-carrapaticidas-2","9":"product_tag-anti-pulga","10":"product_tag-antipulga","11":"product_tag-carrapaticida","12":"product_tag-carrapato","13":"product_tag-kotrine","14":"product_tag-pulga","16":"first","17":"instock","18":"purchasable","19":"product-type-simple"},"acf":[],"_links":{"self":[{"href":"https:\/\/vetsul.com\/index.php\/wp-json\/wp\/v2\/product\/16552","targetHints":{"allow":["GET"]}}],"collection":[{"href":"https:\/\/vetsul.com\/index.php\/wp-json\/wp\/v2\/product"}],"about":[{"href":"https:\/\/vetsul.com\/index.php\/wp-json\/wp\/v2\/types\/product"}],"wp:featuredmedia":[{"embeddable":true,"href":"https:\/\/vetsul.com\/index.php\/wp-json\/wp\/v2\/media\/16553"}],"wp:attachment":[{"href":"https:\/\/vetsul.com\/index.php\/wp-json\/wp\/v2\/media?parent=16552"}],"wp:term":[{"taxonomy":"product_brand","embeddable":true,"href":"https:\/\/vetsul.com\/index.php\/wp-json\/wp\/v2\/product_brand?post=16552"},{"taxonomy":"product_cat","embeddable":true,"href":"https:\/\/vetsul.com\/index.php\/wp-json\/wp\/v2\/product_cat?post=16552"},{"taxonomy":"product_tag","embeddable":true,"href":"https:\/\/vetsul.com\/index.php\/wp-json\/wp\/v2\/product_tag?post=16552"}],"curies":[{"name":"wp","href":"https:\/\/api.w.org\/{rel}","templated":true}]}}