{"id":16548,"date":"2018-01-04T14:42:47","date_gmt":"2018-01-04T16:42:47","guid":{"rendered":"http:\/\/35.194.95.18\/wp-admin\/?post_type=product&#038;p=16548"},"modified":"2025-02-07T16:00:14","modified_gmt":"2025-02-07T19:00:14","slug":"izoot-b12-15-ml","status":"publish","type":"product","link":"https:\/\/vetsul.com\/index.php\/product\/izoot-b12-15-ml\/","title":{"rendered":"IZOOT B12 15 ML"},"content":{"rendered":"<p>Descritivo:<\/p>\n<p>Antimicrobiano injet\u00e1vel, \u00e0 base de dipropionato de imidocarb e vitamina B12, indicado para o tratamento e preven\u00e7\u00e3o da tristeza parasit\u00e1ria (babesiose e anaplasmose) em bovinos, bem como para o tratamento da piroplasmose em equinos e da babesiose em c\u00e3es.<\/p>\n<p>Caracter\u00edsticas:<\/p>\n<p>Izoot B12 \u00e9 indicado para o tratamento e preven\u00e7\u00e3o da tristeza parasit\u00e1ria (babesiose e anaplasmose) em bovinos, bem como para o tratamento da piroplasmose em equinos e da babesiose em c\u00e3es. O dipropionato de imidocarb \u00e9 um antiparasit\u00e1rio utilizado com muita efici\u00eancia no tratamento de infec\u00e7\u00f5es por protozo\u00e1rios, bact\u00e9rias e rick\u00e9tsias sangu\u00edneos em animais dom\u00e9sticos. Uma vantagem \u00e9 a sua a\u00e7\u00e3o simult\u00e2nea contra os principais agentes causadores da tristeza parasit\u00e1ria bovina (Babesia e Anaplasma), o que dispensa a necessidade de associa\u00e7\u00f5es entre antimicrobianos. O produto tamb\u00e9m pode ser empregado na preven\u00e7\u00e3o da tristeza parasit\u00e1ria antes do transporte dos animais para \u00e1reas n\u00e3o-end\u00eamicas e no controle das rea\u00e7\u00f5es vacinais. Izoot B12 traz o benef\u00edcio da vitamina B12, que auxilia na recupera\u00e7\u00e3o da anemia observada nos quadros parasit\u00e1rios.<\/p>\n<p>Princ\u00edpio Ativo<\/p>\n<p>Dipropionato de imidocarb e vitamina B12<\/p>\n<p>Indica\u00e7\u00f5es:<\/p>\n<p>O produto \u00e9 indicado como tratamento preventivo e curativo da babesiose em bovinos, ovinos, eq\u00fcinos e c\u00e3es e para o tratamento da anaplasmose e das infec\u00e7\u00f5es mistas (tristeza parasit\u00e1ria) em bovinos.<\/p>\n<p>Caracter\u00edsticas e Benef\u00edcios:<\/p>\n<p>O dipropionato de imidocarb \u00e9 um antiparasit\u00e1rio utilizado com muita efici\u00eancia no tratamento de protozo\u00e1rios e rick\u00e9tsias sang\u00fc\u00edneos em animais. O produto tamb\u00e9m possui vitamina B12, que auxilia na recupera\u00e7\u00e3o da anemia que pode acompanhar os quadros parasit\u00e1rios.<\/p>\n<p>Posologia e Modo de Usar:<\/p>\n<p>O produto deve ser utilizado nas seguintes doses<\/p>\n<p>&nbsp;Uso terap\u00eautico:<\/p>\n<p>Bovinos: 1 mL para cada 100 kg, por via subcut\u00e2nea (babesiose) ou 2,5 mL para cada 100 kg, por via subcut\u00e2nea (anaplasmose isolada ou associada \u00e0 babesiose).<\/p>\n<p>Eq\u00fcinos: 2 mL para cada 100 kg, por via intramuscular (babesiose).<\/p>\n<p>Ovinos: 1 mL para cada 100 kg, por via subcut\u00e2nea (babesiose).<\/p>\n<p>C\u00e3es: 5 mL para cada 100 kg (ou 0,05 mL\/kg), por via subcut\u00e2nea (babesiose).<\/p>\n<p>Uso profil\u00e1tico:<\/p>\n<p>Bovinos: 2,5 mL para cada 100 kg, por via subcut\u00e2nea (babesiose isolada ou associada \u00e0 anaplasmose).<\/p>\n<p>Eq\u00fcinos: 2 mL para cada 100 kg, por via intramuscular (babesiose).<\/p>\n<p>C\u00e3es: 2 mL para cada 100 kg (ou 0,05 mL\/kg), por via subcut\u00e2nea (babesiose).<\/p>\n<p>Per\u00edodo de Car\u00eancia:<\/p>\n<p>Recomenda-se que os bovinos cuja carne seja destinada ao consumo humano somente sejam abatidos 28 dias ap\u00f3s a \u00faltima administra\u00e7\u00e3o do produto. O produto n\u00e3o deve ser utilizado em eq\u00fcinos cuja carne seja destinada ao consumo humano. O produto n\u00e3o deve ser utilizado em vacas cujo leite seja destinado ao consumo humano.<\/p>\n","protected":false},"excerpt":{"rendered":"<p>Descritivo: Antimicrobiano injet\u00e1vel, \u00e0 base de dipropionato de imidocarb e vitamina B12, indicado para o tratamento e preven\u00e7\u00e3o da tristeza parasit\u00e1ria (babesiose<\/p>\n","protected":false},"featured_media":16549,"template":"","meta":{"_acf_changed":false},"product_brand":[967],"product_cat":[164,163],"product_tag":[994],"class_list":{"0":"post-16548","1":"product","2":"type-product","3":"status-publish","4":"has-post-thumbnail","6":"product_brand-agener-uniao","7":"product_cat-bovinos-e-ovinos","8":"product_cat-equinos","9":"product_tag-agener","11":"first","12":"instock","13":"purchasable","14":"product-type-simple"},"acf":[],"_links":{"self":[{"href":"https:\/\/vetsul.com\/index.php\/wp-json\/wp\/v2\/product\/16548","targetHints":{"allow":["GET"]}}],"collection":[{"href":"https:\/\/vetsul.com\/index.php\/wp-json\/wp\/v2\/product"}],"about":[{"href":"https:\/\/vetsul.com\/index.php\/wp-json\/wp\/v2\/types\/product"}],"wp:featuredmedia":[{"embeddable":true,"href":"https:\/\/vetsul.com\/index.php\/wp-json\/wp\/v2\/media\/16549"}],"wp:attachment":[{"href":"https:\/\/vetsul.com\/index.php\/wp-json\/wp\/v2\/media?parent=16548"}],"wp:term":[{"taxonomy":"product_brand","embeddable":true,"href":"https:\/\/vetsul.com\/index.php\/wp-json\/wp\/v2\/product_brand?post=16548"},{"taxonomy":"product_cat","embeddable":true,"href":"https:\/\/vetsul.com\/index.php\/wp-json\/wp\/v2\/product_cat?post=16548"},{"taxonomy":"product_tag","embeddable":true,"href":"https:\/\/vetsul.com\/index.php\/wp-json\/wp\/v2\/product_tag?post=16548"}],"curies":[{"name":"wp","href":"https:\/\/api.w.org\/{rel}","templated":true}]}}