{"id":16538,"date":"2018-01-04T14:04:09","date_gmt":"2018-01-04T16:04:09","guid":{"rendered":"http:\/\/35.194.95.18\/wp-admin\/?post_type=product&#038;p=16538"},"modified":"2025-04-07T11:54:35","modified_gmt":"2025-04-07T14:54:35","slug":"ivomec-injetavel-50-ml","status":"publish","type":"product","link":"https:\/\/vetsul.com\/index.php\/product\/ivomec-injetavel-50-ml\/","title":{"rendered":"IVOMEC INJETAVEL 50 ML"},"content":{"rendered":"<p>O Ivomec \u00e9 um medicamento de qualidade e com efic\u00e1cia comprovada no combate e no tratamento dos mais diversos tipos de infec\u00e7\u00f5es parasit\u00e1rias. Fabricado pela Merial, uma das mais importantes do segmento de sa\u00fade animal, o produto est\u00e1 dispon\u00edvel em diversas vers\u00f5es e dosagens.<\/p>\n<p>Seu diferencial est\u00e1 no controle parasit\u00e1rio que impede a a\u00e7\u00e3o de agentes infecciosos. O medicamento age diretamente na musculatura do parasita, causando a sua morte e elimina\u00e7\u00e3o. Com isso, os preju\u00edzos causados pela a\u00e7\u00e3o parasit\u00e1ria s\u00e3o evitados.<\/p>\n<p>O Ivomec age em bovinos, su\u00ednos e ovinos e sua aplica\u00e7\u00e3o \u00e9 bem simples. Al\u00e9m disso, n\u00e3o causa danos \u00e0 sa\u00fade de quem o manuseia.<\/p>\n<p>Como usar: A aplica\u00e7\u00e3o do medicamento Ivomec acontece de forma subcut\u00e2nea.<\/p>\n<p>Leia sempre com aten\u00e7\u00e3o a Bula do Ivomec e, em caso de d\u00favidas, a equipe da Agroline est\u00e1 sempre \u00e0 disposi\u00e7\u00e3o<\/p>\n<p>F\u00f3rmula:<\/p>\n<p>Endectocida injet\u00e1vel cl\u00e1ssico, \u00e0 base de Ivermectina MERIAL a 1{bad89740ab836af8afd78adf22d5854117f226b234e4f8ee83a0ac8d28f68ffc}.<\/p>\n<p>Indica\u00e7\u00f5es:<\/p>\n<p>Indicado para o tratamento e controle dos principais parasitas internos (est\u00e1gios adultos e imaturos de vermes redondos gastrintestinais e pulmonar) e externos dos bovinos (berne, carrapato, Piolhos Sugadores, \u00e1caros das sarnas Psor\u00f3ptica e Sarc\u00f3ptica), ovinos (est\u00e1gios adultos e imaturos de vermes redondos gastrintestinas e pulmonares; \u00e1caros da sarna Psor\u00f3ptica, Sarc\u00f3ptica e Psorergates ovis; todos os est\u00e1gios parasit\u00e1rios do &#8220;Bicho da Cabe\u00e7a&#8221; \u2013 Oestrus ovis ) e su\u00ednos (est\u00e1gios adultos e imaturos dos vermes redondos gastrintestinais e pulmonares; est\u00e1gios adultos e imaturos do verme redondo da gordura peri-renal \u2013 Stephanurus dentatus \u2013 \u00e1caros da sarna Sarc\u00f3ptica, piolho). Ivomec\u00ae Injet\u00e1vel tamb\u00e9m \u00e9 indicado na preven\u00e7\u00e3o do desenvolvimento da bicheira causada por larvas de Cochliomyia hominivorax, auxilia no controle do piolho mastigador Bovicola (Damalinia) bovis e do \u00e1caro causador da Sarna Cori\u00f3ptica em bovinos.<\/p>\n<p>A Ivermectina age especialmente nos canais de Cloro controlados pelo \u00c1cido Glut\u00e2mico e secundariamente naqueles canais de Cloro controlados pelo GABA (\u00c1cido Gama-aminobut\u00edrico), ocasionando um aumento no fluxo destes ions nas sinapses nervosas em vermes redondos e na placa ou no bot\u00e3o neuromuscular em artr\u00f3podes. Conseq\u00fcentemente h\u00e1 hiperpolariza\u00e7\u00e3o das membranas nervosas, ocasionando paralisia fl\u00e1cida, morte e elimina\u00e7\u00e3o dos parasitas.<\/p>\n<p>A Ivermectina MERIAL \u00e9 um dos produtos mais testados e aprovados no Mercado Veterin\u00e1rio mundial, possuindo mais de 3.000 trabalhos cient\u00edficos publicados e mais de 6 bilh\u00f5es de doses comercializadas pelo mundo; uma garantia \u00edmpar de qualidade.<\/p>\n<p>Como \u00e9 um produto sist\u00eamico, a efic\u00e1cia m\u00e1xima de Ivomec\u00ae Injet\u00e1vel sobre o carrapato dos bovinos ocorre a partir de 4 a 5 dias ap\u00f3s a aplica\u00e7\u00e3o.<\/p>\n<p>Dosagem:<\/p>\n<p>Bovinos e Ovinos: aplicar por meio de inje\u00e7\u00e3o subcut\u00e2nea na dose de 1 mL para cada 50 kg de peso vivo, o que proporciona a administra\u00e7\u00e3o de 200 \u00b5g\/kg de peso vivo de Ivermectina MERIAL.<\/p>\n<p>Em ovinos, no tratamento da sarna Psor\u00f3ptica, recomenda-se administrar duas doses com intervalo de 7 dias.<\/p>\n<p>Su\u00ednos: aplicar por inje\u00e7\u00e3o subcut\u00e2nea na dose de 1 mL para cada 33 kg de peso vivo. Em leit\u00f5es jovens, abaixo de 16 kg de peso vivo, recomenda-se o emprego de doses precisas por meio de seringas calibradas a cada 0,1 mL.<\/p>\n<p>A dose indicada para su\u00ednos proporciona a dosagem de 300 \u00b5g\/kg de peso vivo de Ivermectina MERIAL.<\/p>\n<p>Per\u00edodo de car\u00eancia<\/p>\n<p>Abates:<\/p>\n<p>&#8211; Bovinos: n\u00e3o abater os animais dentro do per\u00edodo de 35 dias ap\u00f3s o \u00faltimo tratamento.<\/p>\n<p>-Ovinos: 28 dias ap\u00f3s o \u00faltimo tratamento.<\/p>\n<p>&#8211; Su\u00ednos: 18 dias ap\u00f3s o \u00faltimo tratamento.<\/p>\n<p>Leite: n\u00e3o administrar o produto em vacas leiteiras durante o per\u00edodo de lacta\u00e7\u00e3o ou dentro de um per\u00edodo<\/p>\n<p>de 35 dias antes do parto.<\/p>\n<p>Administra\u00e7\u00e3o:<\/p>\n<p>Benef\u00edcios<\/p>\n<p>\u2022 Economia de m\u00e3o-de-obra, com menor n\u00famero de manejos para o controle dos principais parasitas<\/p>\n<p>internos e externos dos bovinos, ovinos e su\u00ednos.<\/p>\n<p>\u2022 Maior produtividade.<\/p>\n<p>\u2022 Proporciona maior ganho de peso, antecipando a idade de abate e da entrada dos animais na reprodu\u00e7\u00e3o.<\/p>\n<p>\u2022 Pode ser empregado em todos os animais do rebanho, quando num programa de tratamento.<\/p>\n<p>\u2022 Maior Lucro com rela\u00e7\u00e3o Custo\/Benef\u00edcio positiva.<\/p>\n<p>\u2022 Sem rea\u00e7\u00f5es adversas para o animal.<\/p>\n<p>\u2022 N\u00e3o p\u00f5e em risco a sa\u00fade dos empregados.<\/p>\n<p>\u2022 Padr\u00e3o mundial de qualidade.<\/p>\n<p>\u2022 Confiabilidade.<\/p>\n<p>\u2022 Conveni\u00eancia.<\/p>\n<p>\u2022 Flexibilidade de uso.<\/p>\n<p>Precau\u00e7\u00f5es:<\/p>\n<p>Prazo de validade<\/p>\n<p>5 anos ap\u00f3s a data de fabrica\u00e7\u00e3o.<\/p>\n<p>Advert\u00eancias<\/p>\n<p>\u2022 N\u00e3o deve ser administrado em vacas leiteiras que produzam leite para o consumo humano durante a lacta\u00e7\u00e3o.<\/p>\n<p>\u2022 Embalagens vazias devem ser destru\u00eddas por incinera\u00e7\u00e3o e nunca reaproveitadas ou lavadas em rios ou a\u00e7udes.<\/p>\n<p>\u2022 Evitar fumar ou alimentar-se durante o manuseio.<\/p>\n<p>\u2022 Lavar as m\u00e3os ap\u00f3s o manuseio.<\/p>\n<p>\u2022 Manter este e outros medicamentos fora do alcance de crian\u00e7as e animais dom\u00e9sticos.<\/p>\n<p>Caracter\u00edsticas<\/p>\n<p>\u2022 Amplo espectro. Combate simultaneamente os principais parasitas internos e externos dos bovinos.<\/p>\n<p>\u2022 Combate formas adultas e imaturas dos principais parasitas.<\/p>\n<p>\u2022 Seguro para animais de qualquer idade, sexo e f\u00eameas prenhes.<\/p>\n<p>\u2022 Seguro para quem o aplica.<\/p>\n<p>\u2022 Produto da maior empresa do Setor Veterin\u00e1rio no Brasil e no mundo.<\/p>\n<p>\u2022 \u00c9 o endectocida mais consagrado do Mercado Veterin\u00e1rio mundial, sendo o L\u00edder da categoria.<\/p>\n<p>Ivomec\u00ae \u00e9 registrado e comercializado em mais de 60 pa\u00edses e tem mais de 6 bilh\u00f5es de doses aplicadas.<\/p>\n<p>\u2022 \u00danico \u00e0 base de Ivermectina MERIAL com qualidade assegurada.<\/p>\n<p>\u2022 Indicado tamb\u00e9m para ovinos e su\u00ednos.<\/p>\n","protected":false},"excerpt":{"rendered":"<p>O Ivomec \u00e9 um medicamento de qualidade e com efic\u00e1cia comprovada no combate e no tratamento dos mais diversos tipos de infec\u00e7\u00f5es<\/p>\n","protected":false},"featured_media":16539,"template":"","meta":{"_acf_changed":false},"product_brand":[980],"product_cat":[167],"product_tag":[],"class_list":{"0":"post-16538","1":"product","2":"type-product","3":"status-publish","4":"has-post-thumbnail","6":"product_brand-merial","7":"product_cat-vermifugos-e-carrapaticidas","9":"first","10":"instock","11":"purchasable","12":"product-type-simple"},"acf":[],"_links":{"self":[{"href":"https:\/\/vetsul.com\/index.php\/wp-json\/wp\/v2\/product\/16538","targetHints":{"allow":["GET"]}}],"collection":[{"href":"https:\/\/vetsul.com\/index.php\/wp-json\/wp\/v2\/product"}],"about":[{"href":"https:\/\/vetsul.com\/index.php\/wp-json\/wp\/v2\/types\/product"}],"wp:featuredmedia":[{"embeddable":true,"href":"https:\/\/vetsul.com\/index.php\/wp-json\/wp\/v2\/media\/16539"}],"wp:attachment":[{"href":"https:\/\/vetsul.com\/index.php\/wp-json\/wp\/v2\/media?parent=16538"}],"wp:term":[{"taxonomy":"product_brand","embeddable":true,"href":"https:\/\/vetsul.com\/index.php\/wp-json\/wp\/v2\/product_brand?post=16538"},{"taxonomy":"product_cat","embeddable":true,"href":"https:\/\/vetsul.com\/index.php\/wp-json\/wp\/v2\/product_cat?post=16538"},{"taxonomy":"product_tag","embeddable":true,"href":"https:\/\/vetsul.com\/index.php\/wp-json\/wp\/v2\/product_tag?post=16538"}],"curies":[{"name":"wp","href":"https:\/\/api.w.org\/{rel}","templated":true}]}}