{"id":16532,"date":"2018-01-04T13:52:18","date_gmt":"2018-01-04T15:52:18","guid":{"rendered":"http:\/\/35.194.95.18\/wp-admin\/?post_type=product&#038;p=16532"},"modified":"2025-04-08T11:12:31","modified_gmt":"2025-04-08T14:12:31","slug":"iodeto-de-pot-ssio-10","status":"publish","type":"product","link":"https:\/\/vetsul.com\/index.php\/product\/iodeto-de-pot-ssio-10\/","title":{"rendered":"IODETO DE POT\u00c1SSIO 10%"},"content":{"rendered":"<p>IODETO DE POT\u00c1SSIO 10{bad89740ab836af8afd78adf22d5854117f226b234e4f8ee83a0ac8d28f68ffc}<\/p>\n<p>F\u00f3rmula:<\/p>\n<p>Cada 100 mL cont\u00e9m:<\/p>\n<p>Iodeto de pot\u00e1ssio 10 g<\/p>\n<p>Ve\u00edculo q.s.p. 100 mL<\/p>\n<p>Indica\u00e7\u00f5es:<\/p>\n<p>Tratamento de car\u00eancia de iodo ou de enfermidades relacionadas a defici\u00eancia deste mineral ou que necessitam dos seus efeitos terap\u00eauticos, como: b\u00f3cio, actinomicose,<\/p>\n<p>actinobacilose, aspergilose, pneumonias (como fluidificante<\/p>\n<p>de secre\u00e7\u00f5es). Nas intoxica\u00e7\u00f5es met\u00e1licas por chumbo e<\/p>\n<p>merc\u00fario.<\/p>\n<p>Dosagem:<\/p>\n<p>C\u00e3es e gatos 0,2 mL a 2 mL \/ dia.<\/p>\n<p>Su\u00ednos, caprinos e ovinos 3 mL a 5 mL \/ dia.<\/p>\n<p>Bovinos 10 mL a 30 mL \/ dia.<\/p>\n<p>Equinos 10 mL a 20 mL \/ dia.<\/p>\n<p>Modo de Usar:<\/p>\n<p>Uso injet\u00e1vel, pelas vias intramuscular e endovenosa.<\/p>\n<p>Car\u00eancia:<\/p>\n<p>ABATE: car\u00eancia zero.<\/p>\n<p>LEITE: car\u00eancia zero.<\/p>\n<p>Apresenta\u00e7\u00e3o:<\/p>\n<p>Frascos de 50 mL.<\/p>\n","protected":false},"excerpt":{"rendered":"<p>IODETO DE POT\u00c1SSIO 10{bad89740ab836af8afd78adf22d5854117f226b234e4f8ee83a0ac8d28f68ffc} F\u00f3rmula: Cada 100 mL cont\u00e9m: Iodeto de pot\u00e1ssio 10 g Ve\u00edculo q.s.p. 100 mL Indica\u00e7\u00f5es: Tratamento de car\u00eancia<\/p>\n","protected":false},"featured_media":16533,"template":"","meta":{"_acf_changed":false},"product_brand":[],"product_cat":[164,163,178,182,173],"product_tag":[1028],"class_list":{"0":"post-16532","1":"product","2":"type-product","3":"status-publish","4":"has-post-thumbnail","6":"product_cat-bovinos-e-ovinos","7":"product_cat-equinos","8":"product_cat-suplementos-e-vitaminas-2","9":"product_cat-suplementos-e-vitaminas-3","10":"product_cat-suplementos-e-vitaminas","11":"product_tag-prado","13":"first","14":"outofstock","15":"purchasable","16":"product-type-simple"},"acf":[],"_links":{"self":[{"href":"https:\/\/vetsul.com\/index.php\/wp-json\/wp\/v2\/product\/16532","targetHints":{"allow":["GET"]}}],"collection":[{"href":"https:\/\/vetsul.com\/index.php\/wp-json\/wp\/v2\/product"}],"about":[{"href":"https:\/\/vetsul.com\/index.php\/wp-json\/wp\/v2\/types\/product"}],"wp:featuredmedia":[{"embeddable":true,"href":"https:\/\/vetsul.com\/index.php\/wp-json\/wp\/v2\/media\/16533"}],"wp:attachment":[{"href":"https:\/\/vetsul.com\/index.php\/wp-json\/wp\/v2\/media?parent=16532"}],"wp:term":[{"taxonomy":"product_brand","embeddable":true,"href":"https:\/\/vetsul.com\/index.php\/wp-json\/wp\/v2\/product_brand?post=16532"},{"taxonomy":"product_cat","embeddable":true,"href":"https:\/\/vetsul.com\/index.php\/wp-json\/wp\/v2\/product_cat?post=16532"},{"taxonomy":"product_tag","embeddable":true,"href":"https:\/\/vetsul.com\/index.php\/wp-json\/wp\/v2\/product_tag?post=16532"}],"curies":[{"name":"wp","href":"https:\/\/api.w.org\/{rel}","templated":true}]}}