{"id":16530,"date":"2018-01-04T13:47:45","date_gmt":"2018-01-04T15:47:45","guid":{"rendered":"http:\/\/35.194.95.18\/wp-admin\/?post_type=product&#038;p=16530"},"modified":"2025-04-07T11:54:35","modified_gmt":"2025-04-07T14:54:35","slug":"imizol-injetavel-15-ml","status":"publish","type":"product","link":"https:\/\/vetsul.com\/index.php\/product\/imizol-injetavel-15-ml\/","title":{"rendered":"IMIZOL INJETAVEL 15 ML"},"content":{"rendered":"<p>Imizol \u00e9 mais que rem\u00e9dio, \u00e9 preven\u00e7\u00e3o.<\/p>\n<p>A quimioprofilaxia com IMIZOL previne as perdas com a Tristeza Parasit\u00e1ria Bovina.<\/p>\n<p>Confira os benef\u00edcios da Quimioprofilaxia:<\/p>\n<p>Dupla prote\u00e7\u00e3o contra altos n\u00edveis de infec\u00e7\u00e3o por Babesia sp. e Anaplasma.<\/p>\n<p>Diminui o aparecimento de sintomas cl\u00ednicos graves.<\/p>\n<p>Protege enquanto o animal desenvolve imunidade.<\/p>\n<p>F\u00f3rmula:<\/p>\n<p>Cada 100 mL cont\u00e9m:<\/p>\n<p>Dipropionato de imidocarb &#8230;&#8230;&#8230;&#8230;&#8230;&#8230;&#8230;&#8230;&#8230;&#8230;&#8230;&#8230;&#8230;&#8230;. 12 g<\/p>\n<p>Ve\u00edculo q.s.p. &#8230;&#8230;&#8230;&#8230;&#8230;&#8230;&#8230;&#8230;&#8230;&#8230;&#8230;&#8230;&#8230;&#8230;&#8230;&#8230;&#8230;&#8230;&#8230;. 100 mL<\/p>\n<p>&nbsp;<\/p>\n<p><\/p>\n<p>Indica\u00e7\u00f5es:<\/p>\n<p>\u201cImizol\u201d \u00e9 indicado no tratamento profil\u00e1tico e curativo da babesiose (piroplasmose) em bovinos, eq\u00fcinos e c\u00e3es e anaplasmose em bovinos, as quais s\u00e3o transmitidas por diferentes esp\u00e9cies de carrapatos e insetos ou opera\u00e7\u00f5es mec\u00e2nicas (vacina\u00e7\u00f5es, descornas, castra\u00e7\u00f5es, etc.)<\/p>\n<p><\/p>\n<p>\u201cImizol\u201d pode tamb\u00e9m ser usado para controlar rea\u00e7\u00f5es cl\u00ednicas excessivas desencadeadas pelas vacinas sangu\u00edneas de Babesia\/Anaplasma. Nesses casos, devido ao seu mais curto per\u00edodo de incuba\u00e7\u00e3o, os sintomas da babesiose aparecer\u00e3o nos primeiros dias ap\u00f3s o in\u00edcio da premuni\u00e7\u00e3o e poder\u00e3o ser controlados com a administra\u00e7\u00e3o de 1,0 mL de \u201cImizol\u201d para cada 100 kg de peso corporal.<\/p>\n<p><\/p>\n<p>Esta aplica\u00e7\u00e3o de \u201cImizol\u201d retardar\u00e1 o per\u00edodo de incuba\u00e7\u00e3o da anaplasmose, que poder\u00e1 manifestar-se algumas semanas mais tarde. Caso esta manifesta\u00e7\u00e3o apresente um quadro cl\u00ednico excessivo, a dose a ser administrada dever\u00e1 ser de 2,5 mL para cada 100 kg de peso corporal.<\/p>\n<p><\/p>\n<p><\/p>\n<p><\/p>\n<p>Quimioprofilaxia:<\/p>\n<p>S\u00e3o as seguintes situa\u00e7\u00f5es pr\u00e1ticas em que o uso quimioprofil\u00e1tico de \u201cImizol\u201d \u00e9 recomendado:<\/p>\n<p><\/p>\n<p>1. Quando animais suscet\u00edveis s\u00e3o introduzidos em \u00e1reas de conhecida incid\u00eancia de babesiose, \u201cImizol\u201d deve ser administrado, no momento da introdu\u00e7\u00e3o ou no espa\u00e7o m\u00e1ximo de 5 dias, na dosagem de 2,5 mL para cada 100 kg de peso corporal. Subsidi\u00e1ria da Schering-Plough Animal Health<\/p>\n<p><\/p>\n<p>2. Quando animais suscet\u00edveis s\u00e3o introduzidos em \u00e1reas de conhecida incid\u00eancia de anaplasmose, \u201cImizol\u201d deve ser administrado, aos primeiros sinais de sintomas cl\u00ednicos da doen\u00e7a, na dosagem de 2,5 mL para cada 100 kg de peso corporal.<\/p>\n<p>Devido ao prolongado per\u00edodo de incuba\u00e7\u00e3o da anaplasmose, a administra\u00e7\u00e3o de \u201cImizol\u201d antes do aparecimento da doen\u00e7a poder\u00e1 ser prematura, impossibilitando o desenvolvimento da prote\u00e7\u00e3o ap\u00f3s a agress\u00e3o pelos carrapatos.<\/p>\n<p><\/p>\n<p>3. Em situa\u00e7\u00f5es de infec\u00e7\u00f5es mistas ou de agente causal desconhecido, o esquema quimioprofil\u00e1tico descrito no item 1 poder\u00e1 tamb\u00e9m ser seguido. Tal esquema propiciar\u00e1 uma eficiente prote\u00e7\u00e3o contra a babesiose, mas n\u00e3o necessariamente contra a anaplasmose, que poder\u00e1 exigir uma segunda aplica\u00e7\u00e3o, a ser feita quando do aparecimento de sinais cl\u00ednicos da doen\u00e7a.<\/p>\n<p><\/p>\n<p>\u201cImizol\u201d n\u00e3o \u00e9 uma vacina, portanto, nas condi\u00e7\u00f5es de uso quimioprofil\u00e1tico descritas previamente, o estabelecimento da imunidade contra a babesiose e a anaplasmose depender\u00e1 da exposi\u00e7\u00e3o dos animais aos agentes causais de ambas as doen\u00e7as.<\/p>\n<p><\/p>\n<p>Por ser o carrapato o principal vetor, n\u00e3o se recomenda o uso de carrapaticidas nos animais tratados com \u201cImizol\u201d at\u00e9 que uma alta infesta\u00e7\u00e3o de carrapatos seja conseguida.<\/p>\n<p><\/p>\n<p>Administra\u00e7\u00e3o: via subcut\u00e2nea.<\/p>\n<p><\/p>\n<p>EQ\u00dcINOS<\/p>\n<p>Dose: 1 mL para cada 50 kg de peso corporal.<\/p>\n<p><\/p>\n<p>O tratamento de Babesia equi ( Nuttallia ) poder\u00e1 requerer 2 doses e intervalos de 24 horas.<\/p>\n<p><\/p>\n<p>Usando-se essa dosagem com fins profil\u00e1ticos os animais estar\u00e3o protegidos por um per\u00edodo de aproximadamente 4 semanas.<\/p>\n<p><\/p>\n<p>Administra\u00e7\u00e3o: via intramuscular.<\/p>\n<p><\/p>\n<p>CANINOS<\/p>\n<p><\/p>\n<p>Quimioterapia<\/p>\n<p>Dose: 0,5 mL\/10kg de peso corporal.<\/p>\n<p><\/p>\n<p>Quimioprofilaxia<\/p>\n<p>Dose: 0,2 mL\/10 kg de peso corporal.<\/p>\n<p><\/p>\n<p>Administra\u00e7\u00e3o: via subcut\u00e2nea.<\/p>\n<p><\/p>\n<p><\/p>\n<p><\/p>\n<p>Aten\u00e7\u00e3o: n\u00e3o repetir o tratamento antes de transcorrido o prazo de 7 dias.<\/p>\n<p><\/p>\n<p><\/p>\n<p><\/p>\n<p>&nbsp;<\/p>\n<p><\/p>\n<p>Dosagem:<\/p>\n<p>Posologia:<\/p>\n<p><\/p>\n<p>BOVINOS<\/p>\n<p><\/p>\n<p>Quimioterapia:<\/p>\n<p>Anaplasmose e infec\u00e7\u00f5es mistas (T.P.*) &#8211; Siga as intru\u00e7\u00f5es da tabela abaixo:<\/p>\n<p><\/p>\n<p>mL \u201cImizol\u201d&#8230;&#8230;&#8230;&#8230;&#8230;.Kg peso corporal&#8230;&#8230;&#8230;&#8230;&#8230;.mL \u201cImizol\u201d&#8230;&#8230;&#8230;&#8230;&#8230;Kg de peso corporal<\/p>\n<p>1&#8230;&#8230;&#8230;&#8230;&#8230;&#8230;&#8230;&#8230;&#8230;&#8230;&#8230;.40&#8230;&#8230;&#8230;&#8230;&#8230;&#8230;&#8230;&#8230;&#8230;&#8230;&#8230;&#8230;.9&#8230;&#8230;&#8230;&#8230;&#8230;&#8230;&#8230;&#8230;&#8230;&#8230;&#8230;360<\/p>\n<p>2&#8230;&#8230;&#8230;&#8230;&#8230;&#8230;&#8230;&#8230;&#8230;&#8230;&#8230;.80&#8230;&#8230;&#8230;&#8230;&#8230;&#8230;&#8230;&#8230;&#8230;&#8230;&#8230;..10 &#8230;&#8230;&#8230;&#8230;&#8230;&#8230;&#8230;&#8230;&#8230;&#8230;..400<\/p>\n<p>3&#8230;&#8230;&#8230;&#8230;&#8230;&#8230;&#8230;&#8230;&#8230;&#8230;..120&#8230;&#8230;&#8230;&#8230;&#8230;&#8230;&#8230;&#8230;&#8230;&#8230;&#8230;&#8230;11&#8230;&#8230;&#8230;&#8230;&#8230;&#8230;&#8230;&#8230;&#8230;&#8230;..440<\/p>\n<p>4&#8230;&#8230;&#8230;&#8230;&#8230;&#8230;&#8230;&#8230;&#8230;&#8230;..160&#8230;&#8230;&#8230;&#8230;&#8230;&#8230;&#8230;&#8230;&#8230;&#8230;&#8230;&#8230;12&#8230;&#8230;&#8230;&#8230;&#8230;&#8230;&#8230;&#8230;&#8230;&#8230;..480<\/p>\n<p>5&#8230;&#8230;&#8230;&#8230;&#8230;&#8230;&#8230;&#8230;&#8230;&#8230;..200&#8230;&#8230;&#8230;&#8230;&#8230;&#8230;&#8230;&#8230;&#8230;&#8230;&#8230;&#8230;13&#8230;&#8230;&#8230;&#8230;&#8230;&#8230;&#8230;&#8230;&#8230;&#8230;..520<\/p>\n<p>6&#8230;&#8230;&#8230;&#8230;&#8230;&#8230;&#8230;&#8230;&#8230;&#8230;..240&#8230;&#8230;&#8230;&#8230;&#8230;&#8230;&#8230;&#8230;&#8230;&#8230;&#8230;&#8230;14&#8230;&#8230;&#8230;&#8230;&#8230;&#8230;&#8230;&#8230;&#8230;&#8230;..560<\/p>\n<p>7&#8230;&#8230;&#8230;&#8230;&#8230;&#8230;&#8230;&#8230;&#8230;&#8230;..280&#8230;&#8230;&#8230;&#8230;&#8230;&#8230;&#8230;&#8230;&#8230;&#8230;&#8230;&#8230;15&#8230;&#8230;&#8230;&#8230;&#8230;&#8230;&#8230;&#8230;&#8230;&#8230;..600<\/p>\n<p>8&#8230;&#8230;&#8230;&#8230;&#8230;&#8230;&#8230;&#8230;&#8230;&#8230;..320&nbsp;<\/p>\n<p><\/p>\n<p>* Tristeza parasit\u00e1ria<\/p>\n<p><\/p>\n<p>Aten\u00e7\u00e3o: No caso de babesiose confirmada laboratorialmente, a dose a ser utilizada \u00e9 de apenas 1 mL para cada 100 kg de peso corporal. Em ambos os casos, n\u00e3o repetir o tratamento antes de transcorrido o prazo de 7 dias.<\/p>\n<p><\/p>\n<p>Quimioprofilaxia:<\/p>\n<p>S\u00e3o as seguintes situa\u00e7\u00f5es pr\u00e1ticas em que o uso quimioprofil\u00e1tico de \u201cImizol\u201d \u00e9 recomendado:<\/p>\n<p><\/p>\n<p>1. Quando animais suscet\u00edveis s\u00e3o introduzidos em \u00e1reas de conhecida incid\u00eancia de babesiose, \u201cImizol\u201d deve ser administrado, no momento da introdu\u00e7\u00e3o ou no espa\u00e7o m\u00e1ximo de 5 dias, na dosagem de 2,5 mL para cada 100 kg de peso corporal.&nbsp;<\/p>\n<p><\/p>\n<p>2. Quando animais suscet\u00edveis s\u00e3o introduzidos em \u00e1reas de conhecida incid\u00eancia de anaplasmose, \u201cImizol\u201d deve ser administrado, aos primeiros sinais de sintomas cl\u00ednicos da doen\u00e7a, na dosagem de 2,5 mL para cada 100 kg de peso corporal.<\/p>\n<p>Devido ao prolongado per\u00edodo de incuba\u00e7\u00e3o da anaplasmose, a administra\u00e7\u00e3o de \u201cImizol\u201d antes do aparecimento da doen\u00e7a poder\u00e1 ser prematura, impossibilitando o desenvolvimento da prote\u00e7\u00e3o ap\u00f3s a agress\u00e3o pelos carrapatos.<\/p>\n<p><\/p>\n<p>3. Em situa\u00e7\u00f5es de infec\u00e7\u00f5es mistas ou de agente causal desconhecido, o esquema quimioprofil\u00e1tico descrito no item 1 poder\u00e1 tamb\u00e9m ser seguido. Tal esquema propiciar\u00e1 uma eficiente prote\u00e7\u00e3o contra a babesiose, mas n\u00e3o necessariamente contra a anaplasmose, que poder\u00e1 exigir uma segunda aplica\u00e7\u00e3o, a ser feita quando do aparecimento de sinais cl\u00ednicos da doen\u00e7a.<\/p>\n<p><\/p>\n<p>\u201cImizol\u201d n\u00e3o \u00e9 uma vacina, portanto, nas condi\u00e7\u00f5es de uso quimioprofil\u00e1tico descritas previamente, o estabelecimento da imunidade contra a babesiose e a anaplasmose depender\u00e1 da exposi\u00e7\u00e3o dos animais aos agentes causais de ambas as doen\u00e7as.<\/p>\n<p><\/p>\n<p>Por ser o carrapato o principal vetor, n\u00e3o se recomenda o uso de carrapaticidas nos animais tratados com \u201cImizol\u201d at\u00e9 que uma alta infesta\u00e7\u00e3o de carrapatos seja conseguida.<\/p>\n<p><\/p>\n<p><\/p>\n<p>EQ\u00dcINOS<\/p>\n<p>Dose: 1 mL para cada 50 kg de peso corporal.<\/p>\n<p><\/p>\n<p>O tratamento de Babesia equi ( Nuttallia ) poder\u00e1 requerer 2 doses e intervalos de 24 horas.<\/p>\n<p><\/p>\n<p>Usando-se essa dosagem com fins profil\u00e1ticos os animais estar\u00e3o protegidos por um per\u00edodo de aproximadamente 4 semanas.<\/p>\n<p><\/p>\n<p>Administra\u00e7\u00e3o: via intramuscular.<\/p>\n<p><\/p>\n<p>CANINOS<\/p>\n<p><\/p>\n<p>Quimioterapia<\/p>\n<p>Dose: 0,5 mL\/10kg de peso corporal.<\/p>\n<p><\/p>\n<p>Quimioprofilaxia<\/p>\n<p>Dose: 0,2 mL\/10 kg de peso corporal.<\/p>\n<p><\/p>\n<p>Administra\u00e7\u00e3o: via subcut\u00e2nea.<\/p>\n<p><\/p>\n<p><\/p>\n<p><\/p>\n<p>Aten\u00e7\u00e3o: n\u00e3o repetir o tratamento antes de transcorrido o prazo de 7 dias.<\/p>\n<p><\/p>\n<p>&nbsp;<\/p>\n<p><\/p>\n<p>Administra\u00e7\u00e3o:<\/p>\n<p>Bovinos<\/p>\n<p>Administra\u00e7\u00e3o: via subcut\u00e2nea.<\/p>\n<p><\/p>\n<p>EQ\u00dcINOS<\/p>\n<p>Administra\u00e7\u00e3o: via intramuscular<\/p>\n<p><\/p>\n<p>CANINOS<\/p>\n<p>Administra\u00e7\u00e3o: via subcut\u00e2nea.<\/p>\n<p><\/p>\n<p><\/p>\n<p>Aten\u00e7\u00e3o: n\u00e3o repetir o tratamento antes de transcorrido o prazo de 7 dias.<\/p>\n<p><\/p>\n<p>Precau\u00e7\u00f5es:<\/p>\n<p>Precau\u00e7\u00f5es e Ant\u00eddoto<\/p>\n<p>I. N\u00e3o exceder a dosagem recomendada.<\/p>\n<p><\/p>\n<p>II. Bovinos, eq\u00fcinos e caninos podem apresentar brandos sintomas colin\u00e9rgicos, como saliva\u00e7\u00e3o, lacrimejamento e c\u00f3lica passageira, ap\u00f3s o tratamento com \u201cImizol\u201d. Nestes casos, aplicar sulfato de atropina.<\/p>\n<p><\/p>\n<p>III. Animais tratados com inseticidas ou anti-helm\u00ednticos organofosforados n\u00e3o devem ser tratados simultaneamente com \u201cImizol.\u201d<\/p>\n<p><\/p>\n<p>IV. N\u00e3o administrar \u201cImizol\u201d em f\u00eameas bovinas que estejam produzindo leite para o consumo humano.<\/p>\n<p><\/p>\n<p>V. N\u00e3o aplicar a vacina sangu\u00ednea contra a anaplasmose e a babesiose at\u00e9 28 dias ap\u00f3s a administra\u00e7\u00e3o de \u201cImizol\u201d, pois a mesma interferir\u00e1 no desenvolvimento da imunidade contra a babesiose.<\/p>\n<p><\/p>\n<p>Per\u00edodo de car\u00eancia<\/p>\n<p>Bovinos tratados com o produto somente dever\u00e3o ser abatidos para consumo humano 28 dias ap\u00f3s a sua \u00faltima aplica\u00e7\u00e3o.<\/p>\n<p><\/p>\n<p>&#8220;Manter fo produto a temperatura entre 2C e 25C recomendando-se sempre que poss\u00edvel, o seu estoque em refreigerador&#8221;.<\/p>\n<p>&#8220;Venda sob prescri\u00e7\u00e3o e aplica\u00e7\u00e3o sob orienta\u00e7\u00e3o do M\u00e9dico Veterin\u00e1rio&#8221;<\/p>\n<p><\/p>\n<p>Apresenta\u00e7\u00e3o:<\/p>\n<p>Frasco-ampola de vidro \u00e2mbar contendo 15mL.<\/p>\n<p><\/p>\n<p>Classe Terap\u00eautica:<\/p>\n<p>ENDOPARASITICIDAS (ANTI-PARASIT\u00c1RIOS)<\/p>\n<p><\/p>\n<p>Princ\u00edpio(s) Ativo(s):<\/p>\n<p>IMIDOCARB<\/p>\n<p>&nbsp;<\/p>\n<p><\/p>\n<p>Registro no Minist\u00e9rio da Agricultura, Pecu\u00e1ria e Abastecimento:<\/p>\n<p>0939 de 07\/081979<\/p>\n<p><\/p>\n<p>Respons\u00e1vel T\u00e9cnico:<\/p>\n<p>Roberto Muratovic &#8211; CRMV: SP 1613<\/p>\n","protected":false},"excerpt":{"rendered":"<p>Imizol \u00e9 mais que rem\u00e9dio, \u00e9 preven\u00e7\u00e3o. A quimioprofilaxia com IMIZOL previne as perdas com a Tristeza Parasit\u00e1ria Bovina. Confira os benef\u00edcios<\/p>\n","protected":false},"featured_media":16531,"template":"","meta":{"_acf_changed":false},"product_brand":[961],"product_cat":[164,163,165],"product_tag":[996,396],"class_list":{"0":"post-16530","1":"product","2":"type-product","3":"status-publish","4":"has-post-thumbnail","6":"product_brand-msd","7":"product_cat-bovinos-e-ovinos","8":"product_cat-equinos","9":"product_cat-pet","10":"product_tag-msd","11":"product_tag-tristeza-bovina","13":"first","14":"instock","15":"purchasable","16":"product-type-simple"},"acf":[],"_links":{"self":[{"href":"https:\/\/vetsul.com\/index.php\/wp-json\/wp\/v2\/product\/16530","targetHints":{"allow":["GET"]}}],"collection":[{"href":"https:\/\/vetsul.com\/index.php\/wp-json\/wp\/v2\/product"}],"about":[{"href":"https:\/\/vetsul.com\/index.php\/wp-json\/wp\/v2\/types\/product"}],"wp:featuredmedia":[{"embeddable":true,"href":"https:\/\/vetsul.com\/index.php\/wp-json\/wp\/v2\/media\/16531"}],"wp:attachment":[{"href":"https:\/\/vetsul.com\/index.php\/wp-json\/wp\/v2\/media?parent=16530"}],"wp:term":[{"taxonomy":"product_brand","embeddable":true,"href":"https:\/\/vetsul.com\/index.php\/wp-json\/wp\/v2\/product_brand?post=16530"},{"taxonomy":"product_cat","embeddable":true,"href":"https:\/\/vetsul.com\/index.php\/wp-json\/wp\/v2\/product_cat?post=16530"},{"taxonomy":"product_tag","embeddable":true,"href":"https:\/\/vetsul.com\/index.php\/wp-json\/wp\/v2\/product_tag?post=16530"}],"curies":[{"name":"wp","href":"https:\/\/api.w.org\/{rel}","templated":true}]}}