{"id":16526,"date":"2018-01-04T13:41:04","date_gmt":"2018-01-04T15:41:04","guid":{"rendered":"http:\/\/35.194.95.18\/wp-admin\/?post_type=product&#038;p=16526"},"modified":"2025-04-07T11:54:28","modified_gmt":"2025-04-07T14:54:28","slug":"hipervit-20-000-mcg","status":"publish","type":"product","link":"https:\/\/vetsul.com\/index.php\/product\/hipervit-20-000-mcg\/","title":{"rendered":"Hipervit 20.000 mcg"},"content":{"rendered":"<p>Hipervit 20.000 mcg<\/p>\n<p>Vitamina B12 injet\u00e1vel em alta concentra\u00e7\u00e3o<\/p>\n<p>Hipervit \u00e9 um produto especificamente formulado \u00e0 base de Cianocobalamina (Vitamina B12), a qual est\u00e1 indicada para a s\u00edntese de hem\u00e1ceas, recupera\u00e7\u00e3o de animais debilitados, ganho de peso e outras situa\u00e7\u00f5es que necessitem de uma suplementa\u00e7\u00e3o extra de vitamina B12.<\/p>\n<p>A Vitamina B12 ou Cianocobalamina age como coenzima em v\u00e1rias fun\u00e7\u00f5es metab\u00f3licas, incluindo o metabolismo das gorduras, carboidratos e s\u00edntese de prote\u00ednas. \u00c9 indispens\u00e1vel ao crescimento, reprodu\u00e7\u00e3o celular, hematopoiese e s\u00edntese de nucleoprote\u00ednas e mielina, devido ao seu efeito sobre o metabolismo de metionina, \u00e1cido f\u00f3lico e \u00e1cido mal\u00f4nico. A sua defici\u00eancia acarreta em redu\u00e7\u00e3o na s\u00edntese de prote\u00ednas, atraso no crescimento, anemia, inflama\u00e7\u00e3o da pele e altera\u00e7\u00f5es na pelagem. Tamb\u00e9m possui a\u00e7\u00e3o especial no metabolismo do sistema nervoso, mais particularmente na s\u00edntese de mielina e, por isso, est\u00e1 indicado na recupera\u00e7\u00e3o de enfermidades que acometem o sistema nervoso.<\/p>\n<p>INDICA\u00c7\u00c3O DO PRODUTO<\/p>\n<p>Como fator hematopoi\u00e9tico nas anemias macroc\u00edticas. Tratamento das nevralgias e algias em geral. Perturba\u00e7\u00f5es neuromusculares inespec\u00edficas. Anorexia e polineurites. Estados carenciais (dermatoses e queda de pelo). Nas premuni\u00e7\u00f5es e casos de tristeza bovina. Na recupera\u00e7\u00e3o de animais jovens com atraso de crescimento. Nos processos de fadiga muscular (especialmente ap\u00f3s grandes esfor\u00e7os).<\/p>\n<p>N\u00cdVEIS DE GARANTIA DO PRODUTO<\/p>\n<p>Cada ampola de 5 mL cont\u00e9m:<\/p>\n<p>Cianocobalamina\u2026\u2026\u2026\u2026\u2026\u2026\u2026\u2026\u2026\u2026\u2026\u2026\u2026\u2026\u2026\u2026..20.000 mcg<\/p>\n<p>Ve\u00edculo q.s.p\u2026\u2026\u2026\u2026\u2026\u2026\u2026\u2026\u2026\u2026\u2026\u2026\u2026\u2026\u2026\u2026\u2026\u2026\u2026\u2026\u20265,0 mL<\/p>\n<p>MODO DE USAR<\/p>\n<p>Para ser utilizado por via intravenosa.<\/p>\n<p>Bovinos e Equinos adultos: 5 mL;<\/p>\n<p>Animais de M\u00e9dio porte: 2 a 3 mL;<\/p>\n<p>As doses s\u00e3o di\u00e1rias, ficando a dura\u00e7\u00e3o do tratamento a crit\u00e9rio do M\u00e9dico Veterin\u00e1rio, na depend\u00eancia da gravidade dos processos.<\/p>\n","protected":false},"excerpt":{"rendered":"<p>Hipervit 20.000 mcg Vitamina B12 injet\u00e1vel em alta concentra\u00e7\u00e3o Hipervit \u00e9 um produto especificamente formulado \u00e0 base de Cianocobalamina (Vitamina B12), a<\/p>\n","protected":false},"featured_media":16527,"template":"","meta":{"_acf_changed":false},"product_brand":[954],"product_cat":[173,178,182],"product_tag":[991,1059],"class_list":{"0":"post-16526","1":"product","2":"type-product","3":"status-publish","4":"has-post-thumbnail","6":"product_brand-vetnil","7":"product_cat-suplementos-e-vitaminas","8":"product_cat-suplementos-e-vitaminas-2","9":"product_cat-suplementos-e-vitaminas-3","10":"product_tag-vetnil","11":"product_tag-vitamina-b","13":"first","14":"instock","15":"purchasable","16":"product-type-simple"},"acf":[],"_links":{"self":[{"href":"https:\/\/vetsul.com\/index.php\/wp-json\/wp\/v2\/product\/16526","targetHints":{"allow":["GET"]}}],"collection":[{"href":"https:\/\/vetsul.com\/index.php\/wp-json\/wp\/v2\/product"}],"about":[{"href":"https:\/\/vetsul.com\/index.php\/wp-json\/wp\/v2\/types\/product"}],"wp:featuredmedia":[{"embeddable":true,"href":"https:\/\/vetsul.com\/index.php\/wp-json\/wp\/v2\/media\/16527"}],"wp:attachment":[{"href":"https:\/\/vetsul.com\/index.php\/wp-json\/wp\/v2\/media?parent=16526"}],"wp:term":[{"taxonomy":"product_brand","embeddable":true,"href":"https:\/\/vetsul.com\/index.php\/wp-json\/wp\/v2\/product_brand?post=16526"},{"taxonomy":"product_cat","embeddable":true,"href":"https:\/\/vetsul.com\/index.php\/wp-json\/wp\/v2\/product_cat?post=16526"},{"taxonomy":"product_tag","embeddable":true,"href":"https:\/\/vetsul.com\/index.php\/wp-json\/wp\/v2\/product_tag?post=16526"}],"curies":[{"name":"wp","href":"https:\/\/api.w.org\/{rel}","templated":true}]}}