{"id":16524,"date":"2018-01-04T13:35:04","date_gmt":"2018-01-04T15:35:04","guid":{"rendered":"http:\/\/35.194.95.18\/wp-admin\/?post_type=product&#038;p=16524"},"modified":"2025-02-07T16:00:14","modified_gmt":"2025-02-07T19:00:14","slug":"hertaka-20ml","status":"publish","type":"product","link":"https:\/\/vetsul.com\/index.php\/product\/hertaka-20ml\/","title":{"rendered":"Hertaka 20ml"},"content":{"rendered":"<p>Cada 20 mL cont\u00e9m:<\/p>\n<p>Vitamina K (hidrossol\u00favel)<span style=\"white-space:pre\">\t<\/span>\u2026..<span style=\"white-space:pre\">\t\t<\/span>40,0 mg<\/p>\n<p>Ve\u00edculo q.s.p.<span style=\"white-space:pre\">\t<\/span>\u2026..<span style=\"white-space:pre\">\t\t<\/span>20,0 mL<\/p>\n<p>FORMA FARMAC\u00caUTICA<\/p>\n<p>L\u00edquida<\/p>\n<p>INDICA\u00c7\u00d5ES&nbsp;<\/p>\n<p>Indicado na preven\u00e7\u00e3o e tratamento de defici\u00eancia da vitamina K em todas as esp\u00e9cies animais, decorrente de hemorragias internas ou externas, intoxica\u00e7\u00e3o por cumar\u00ednicos, tratamentos prolongados com antibi\u00f3ticos e sulfonamidas.<\/p>\n<p>POSOLOGIA<\/p>\n<p>Animais de pequeno porte \u2026\u2026.1 a 5 mL<\/p>\n<p>Animais de m\u00e9dio porte \u2026\u2026\u2026..5 a 10 mL<\/p>\n<p>Animais de grande porte \u2026\u2026..10 a 20 mL<\/p>\n<p>MODO DE USAR<\/p>\n<p>Aplicar por via intramuscular profunda ou endovenosa lenta, a cada 12 horas, pelo per\u00edodo suficiente para normalizar a coagula\u00e7\u00e3o (de 2 a 4 dias), nas seguintes dosagens m\u00e9dias (1 mL do produto para cada 5 kg de peso).<\/p>\n<p>APRESENTA\u00c7\u00c3O<\/p>\n<p>Frasco-ampola de vidro contendo 20 mL.<\/p>\n<p>PRAZO DE VALIDADE<\/p>\n<p>A validade \u00e9 de 2 anos ap\u00f3s a data de fabrica\u00e7\u00e3o.<\/p>\n<p>CONSERVA\u00c7\u00c3O<\/p>\n<p>Conservar em local seco e fresco, ao abrigo da luz solar, fora do alcance de crian\u00e7as e animais dom\u00e9sticos.<\/p>\n<p>RECOMENDA\u00c7\u00c3O<\/p>\n<p>Venda sob prescri\u00e7\u00e3o e aplica\u00e7\u00e3o sob orienta\u00e7\u00e3o do M\u00e9dico-Veterin\u00e1rio<\/p>\n","protected":false},"excerpt":{"rendered":"<p>Cada 20 mL cont\u00e9m: Vitamina K (hidrossol\u00favel) \u2026.. 40,0 mg Ve\u00edculo q.s.p. \u2026.. 20,0 mL FORMA FARMAC\u00caUTICA L\u00edquida INDICA\u00c7\u00d5ES&nbsp; Indicado na preven\u00e7\u00e3o<\/p>\n","protected":false},"featured_media":16525,"template":"","meta":{"_acf_changed":false},"product_brand":[966],"product_cat":[173,178],"product_tag":[1035,1000],"class_list":{"0":"post-16524","1":"product","2":"type-product","3":"status-publish","4":"has-post-thumbnail","6":"product_brand-ceva","7":"product_cat-suplementos-e-vitaminas","8":"product_cat-suplementos-e-vitaminas-2","9":"product_tag-ceva","10":"product_tag-hertape","12":"first","13":"outofstock","14":"purchasable","15":"product-type-simple"},"acf":[],"_links":{"self":[{"href":"https:\/\/vetsul.com\/index.php\/wp-json\/wp\/v2\/product\/16524","targetHints":{"allow":["GET"]}}],"collection":[{"href":"https:\/\/vetsul.com\/index.php\/wp-json\/wp\/v2\/product"}],"about":[{"href":"https:\/\/vetsul.com\/index.php\/wp-json\/wp\/v2\/types\/product"}],"wp:featuredmedia":[{"embeddable":true,"href":"https:\/\/vetsul.com\/index.php\/wp-json\/wp\/v2\/media\/16525"}],"wp:attachment":[{"href":"https:\/\/vetsul.com\/index.php\/wp-json\/wp\/v2\/media?parent=16524"}],"wp:term":[{"taxonomy":"product_brand","embeddable":true,"href":"https:\/\/vetsul.com\/index.php\/wp-json\/wp\/v2\/product_brand?post=16524"},{"taxonomy":"product_cat","embeddable":true,"href":"https:\/\/vetsul.com\/index.php\/wp-json\/wp\/v2\/product_cat?post=16524"},{"taxonomy":"product_tag","embeddable":true,"href":"https:\/\/vetsul.com\/index.php\/wp-json\/wp\/v2\/product_tag?post=16524"}],"curies":[{"name":"wp","href":"https:\/\/api.w.org\/{rel}","templated":true}]}}