{"id":16522,"date":"2018-01-04T13:30:55","date_gmt":"2018-01-04T15:30:55","guid":{"rendered":"http:\/\/35.194.95.18\/wp-admin\/?post_type=product&#038;p=16522"},"modified":"2025-04-07T11:54:28","modified_gmt":"2025-04-07T14:54:28","slug":"hemolitan-jcr","status":"publish","type":"product","link":"https:\/\/vetsul.com\/index.php\/product\/hemolitan-jcr\/","title":{"rendered":"Hemolitan JCR"},"content":{"rendered":"<p>Hemolitan JCR<\/p>\n<p>2x mais \u00c1cido F\u00f3lico, Vitamina B12 e Ferro, com Lisina<\/p>\n<p>Suplemento que combina em sua formula\u00e7\u00e3o as vitaminas e oligoelementos que participam direta ou indiretamente da forma\u00e7\u00e3o e manuten\u00e7\u00e3o da integridade de c\u00e9lulas de r\u00e1pida multiplica\u00e7\u00e3o. Possui elementos fundamentais para o metabolismo de forma\u00e7\u00e3o das c\u00e9lulas sangu\u00edneas.<\/p>\n<p>INDICA\u00c7\u00d5ES<\/p>\n<p>Suplemento indicado para a melhora da condi\u00e7\u00e3o nutricional e suplementa\u00e7\u00e3o de animais estabulados e em fase de crescimento. Devido \u00e0 sua composi\u00e7\u00e3o \u00fanica, \u00e9 particularmente efetivo para equinos de alta performance, submetidos a atividade f\u00edsica intensa e \u00e9guas prenhes.<\/p>\n<p>PRINCIPAIS VANTAGENS<\/p>\n<p>\u2022 Embalagem \u2013 design inovador, que facilita a pegada e evita o desperd\u00edcio, refluxo e contamina\u00e7\u00e3o do produto;<\/p>\n<p>\u2022 Elementos fundamentais para o metabolismo de forma\u00e7\u00e3o das c\u00e9lulas sangu\u00edneas;<\/p>\n<p>\u2022 Recupera\u00e7\u00e3o r\u00e1pida e efetiva.<\/p>\n<p>N\u00cdVEIS DE GARANTIA POR KG DO PRODUTO<\/p>\n<p>\u00c1cido F\u00f3lico (m\u00edn.) \u2026\u2026\u2026\u2026\u2026\u2026\u2026\u20269.920 mg<\/p>\n<p>\u00c1cido Nicot\u00ednico (m\u00edn.)\u2026\u2026\u2026\u2026\u2026\u2026..1.000 mg<\/p>\n<p>Cobalto (m\u00edn.)\u2026\u2026\u2026\u2026\u2026\u2026\u2026\u2026\u2026\u2026\u2026100 mg<\/p>\n<p>Cobre (m\u00edn.)\u2026\u2026\u2026\u2026\u2026\u2026\u2026\u2026\u2026\u2026\u2026..507 mg<\/p>\n<p>Extrato Prot\u00e9ico Vegetal (m\u00edn.)\u2026\u2026\u20263.500 mg<\/p>\n<p>Ferro (m\u00edn.)\u2026\u2026\u2026\u2026\u2026\u2026\u2026\u2026\u2026\u2026\u2026.9.003 mg<\/p>\n<p>Lisina (m\u00edn.)\u2026\u2026\u2026\u2026\u2026\u2026\u2026\u2026\u2026\u2026\u2026.39,996 g<\/p>\n<p>Pantotenato de C\u00e1lcio (m\u00edn.)\u2026\u2026\u2026\u2026..980 mg<\/p>\n<p>Vitamina B1 (m\u00edn.)\u2026\u2026\u2026\u2026\u2026\u2026\u2026\u2026.1.500 mg<\/p>\n<p>Vitamina B12 (m\u00edn.)\u2026\u2026\u2026\u2026\u2026\u2026..30.000 mcg<\/p>\n<p>Vitamina B2 (m\u00edn.)\u2026\u2026\u2026\u2026\u2026\u2026\u2026\u2026.1.520 mg<\/p>\n<p>Vitamina B6 (m\u00edn.)\u2026\u2026\u2026\u2026\u2026\u2026\u2026\u2026..1.188 mg<\/p>\n<p>Vitamina K3 (m\u00edn.)\u2026\u2026\u2026\u2026\u2026\u2026\u2026\u2026\u2026.297 mg<\/p>\n<p>Zinco (m\u00edn.)\u2026\u2026\u2026\u2026\u2026\u2026\u2026\u2026\u2026\u2026\u2026.5.002 mg<\/p>\n<p>Glicose (m\u00edn.)\u2026\u2026\u2026\u2026\u2026\u2026\u2026\u2026\u2026\u2026\u2026.201,4 g<\/p>\n<p>MODO DE USAR<\/p>\n<p>Equinos, muares e asininos adultos: 20mL\/dia.<\/p>\n<p>Potros rec\u00e9m-nascidos: 10mL no 2\u00ba, 6\u00ba e 12\u00ba dias ap\u00f3s o nascimento.<\/p>\n<p>Potros: 15mL\/dia.<\/p>\n","protected":false},"excerpt":{"rendered":"<p>Hemolitan JCR 2x mais \u00c1cido F\u00f3lico, Vitamina B12 e Ferro, com Lisina Suplemento que combina em sua formula\u00e7\u00e3o as vitaminas e oligoelementos<\/p>\n","protected":false},"featured_media":16523,"template":"","meta":{"_acf_changed":false},"product_brand":[954],"product_cat":[178],"product_tag":[991],"class_list":{"0":"post-16522","1":"product","2":"type-product","3":"status-publish","4":"has-post-thumbnail","6":"product_brand-vetnil","7":"product_cat-suplementos-e-vitaminas-2","8":"product_tag-vetnil","10":"first","11":"instock","12":"purchasable","13":"product-type-simple"},"acf":[],"_links":{"self":[{"href":"https:\/\/vetsul.com\/index.php\/wp-json\/wp\/v2\/product\/16522","targetHints":{"allow":["GET"]}}],"collection":[{"href":"https:\/\/vetsul.com\/index.php\/wp-json\/wp\/v2\/product"}],"about":[{"href":"https:\/\/vetsul.com\/index.php\/wp-json\/wp\/v2\/types\/product"}],"wp:featuredmedia":[{"embeddable":true,"href":"https:\/\/vetsul.com\/index.php\/wp-json\/wp\/v2\/media\/16523"}],"wp:attachment":[{"href":"https:\/\/vetsul.com\/index.php\/wp-json\/wp\/v2\/media?parent=16522"}],"wp:term":[{"taxonomy":"product_brand","embeddable":true,"href":"https:\/\/vetsul.com\/index.php\/wp-json\/wp\/v2\/product_brand?post=16522"},{"taxonomy":"product_cat","embeddable":true,"href":"https:\/\/vetsul.com\/index.php\/wp-json\/wp\/v2\/product_cat?post=16522"},{"taxonomy":"product_tag","embeddable":true,"href":"https:\/\/vetsul.com\/index.php\/wp-json\/wp\/v2\/product_tag?post=16522"}],"curies":[{"name":"wp","href":"https:\/\/api.w.org\/{rel}","templated":true}]}}