{"id":16520,"date":"2018-01-04T13:29:10","date_gmt":"2018-01-04T15:29:10","guid":{"rendered":"http:\/\/35.194.95.18\/wp-admin\/?post_type=product&#038;p=16520"},"modified":"2025-04-07T11:54:28","modified_gmt":"2025-04-07T14:54:28","slug":"hemolitan-1lt","status":"publish","type":"product","link":"https:\/\/vetsul.com\/index.php\/product\/hemolitan-1lt\/","title":{"rendered":"Hemolitan 1lt"},"content":{"rendered":"<p>Hemolitan<\/p>\n<p>Vitaminas e Minerais em alta concentra\u00e7\u00e3o<\/p>\n<p>Combina em sua formula\u00e7\u00e3o vitaminas e oligoelementos que participam direta ou indiretamente do metabolismo celular, principalmente de c\u00e9lulas sangu\u00edneas e outras de r\u00e1pida multiplica\u00e7\u00e3o.<\/p>\n<p>INDICA\u00c7\u00c3O DO PRODUTO<\/p>\n<p>Suplemento l\u00edquido, para equinos, muares, asininos, avestruzes e su\u00ednos, contendo elementos para a melhora da condi\u00e7\u00e3o nutricional.<\/p>\n<p>Indicado tamb\u00e9m durante a fase de crescimento.<\/p>\n<p>N\u00cdVEIS DE GARANTIA POR KG DO PRODUTO<\/p>\n<p>Vitamina B1 (m\u00edn)\u2026\u2026\u2026\u2026\u2026\u2026\u2026\u2026\u2026\u2026\u2026\u2026\u2026\u2026\u2026\u2026\u2026\u2026\u2026\u2026.1.500 mg<\/p>\n<p>Vitamina B2 (m\u00edn)\u2026\u2026\u2026\u2026\u2026\u2026\u2026\u2026\u2026\u2026\u2026\u2026\u2026\u2026\u2026\u2026\u2026\u2026\u2026\u2026.1.500 mg<\/p>\n<p>Vitamina B12 (m\u00edn)\u2026\u2026\u2026\u2026\u2026\u2026\u2026\u2026\u2026\u2026\u2026\u2026\u2026\u2026\u2026\u2026\u2026\u2026..15.000 mcg<\/p>\n<p>Vitamina B6 (m\u00edn)\u2026\u2026\u2026\u2026\u2026\u2026\u2026\u2026\u2026\u2026\u2026\u2026\u2026\u2026\u2026\u2026\u2026\u2026\u2026\u2026.1.200 mg<\/p>\n<p>Vitamina K3(m\u00edn)\u2026\u2026\u2026\u2026\u2026\u2026\u2026\u2026\u2026\u2026\u2026\u2026\u2026\u2026\u2026\u2026\u2026\u2026\u2026\u2026\u2026.250 mg<\/p>\n<p>Pantotenato de C\u00e1lcio (m\u00edn)\u2026\u2026\u2026\u2026\u2026\u2026\u2026\u2026\u2026\u2026\u2026\u2026\u2026\u2026\u2026..1.200 mg<\/p>\n<p>\u00c1cido F\u00f3lico (m\u00edn)\u2026\u2026\u2026\u2026\u2026\u2026\u2026\u2026\u2026\u2026\u2026\u2026\u2026\u2026\u2026\u2026\u2026\u2026\u2026\u20265.000 mg<\/p>\n<p>\u00c1cido Nicot\u00ednico (m\u00edn)\u2026\u2026\u2026\u2026\u2026\u2026\u2026\u2026\u2026\u2026\u2026\u2026\u2026\u2026\u2026\u2026\u2026\u2026.1.200 mg<\/p>\n<p>Cobre (m\u00edn)\u2026\u2026\u2026\u2026\u2026\u2026\u2026\u2026\u2026\u2026\u2026\u2026\u2026\u2026\u2026\u2026\u2026\u2026\u2026\u2026\u2026\u2026\u2026..500 mg<\/p>\n<p>Zinco (m\u00edn)\u2026\u2026\u2026\u2026\u2026\u2026\u2026\u2026\u2026\u2026\u2026\u2026\u2026\u2026\u2026\u2026\u2026\u2026\u2026\u2026\u2026\u2026\u20265.000 mg<\/p>\n<p>Ferro (m\u00edn)\u2026\u2026\u2026\u2026\u2026\u2026\u2026\u2026\u2026\u2026\u2026\u2026\u2026\u2026\u2026\u2026\u2026\u2026\u2026\u2026\u2026\u2026\u20264.500 mg<\/p>\n<p>Cobalto (m\u00edn)\u2026\u2026\u2026\u2026\u2026\u2026\u2026\u2026\u2026\u2026\u2026\u2026\u2026\u2026\u2026\u2026\u2026\u2026\u2026\u2026\u2026\u2026..100 mg<\/p>\n<p>Glicose (m\u00edn)\u2026\u2026\u2026\u2026\u2026\u2026\u2026\u2026\u2026\u2026\u2026\u2026\u2026\u2026\u2026\u2026\u2026\u2026\u2026\u2026\u2026\u2026\u2026..200 g<\/p>\n<p>MODO DE USAR<\/p>\n<p>Para ser usado por via oral.<\/p>\n<p>Equinos, Muares e Asininos Adultos: 20 mL por dia.<\/p>\n<p>Potros Rec\u00e9m-nascidos: 10 mL no 2\u00ba, 6\u00ba e 12\u00ba dias ap\u00f3s o nascimento.<\/p>\n<p>Potros e P\u00f4neis: 15 mL por dia<\/p>\n<p>Su\u00ednos adultos: 5 mL por dia.<\/p>\n<p>Leit\u00f5es: 1 mL por dia.<\/p>\n","protected":false},"excerpt":{"rendered":"<p>Hemolitan Vitaminas e Minerais em alta concentra\u00e7\u00e3o Combina em sua formula\u00e7\u00e3o vitaminas e oligoelementos que participam direta ou indiretamente do metabolismo celular,<\/p>\n","protected":false},"featured_media":16521,"template":"","meta":{"_acf_changed":false},"product_brand":[954],"product_cat":[173,178],"product_tag":[991],"class_list":{"0":"post-16520","1":"product","2":"type-product","3":"status-publish","4":"has-post-thumbnail","6":"product_brand-vetnil","7":"product_cat-suplementos-e-vitaminas","8":"product_cat-suplementos-e-vitaminas-2","9":"product_tag-vetnil","11":"first","12":"instock","13":"purchasable","14":"product-type-simple"},"acf":[],"_links":{"self":[{"href":"https:\/\/vetsul.com\/index.php\/wp-json\/wp\/v2\/product\/16520","targetHints":{"allow":["GET"]}}],"collection":[{"href":"https:\/\/vetsul.com\/index.php\/wp-json\/wp\/v2\/product"}],"about":[{"href":"https:\/\/vetsul.com\/index.php\/wp-json\/wp\/v2\/types\/product"}],"wp:featuredmedia":[{"embeddable":true,"href":"https:\/\/vetsul.com\/index.php\/wp-json\/wp\/v2\/media\/16521"}],"wp:attachment":[{"href":"https:\/\/vetsul.com\/index.php\/wp-json\/wp\/v2\/media?parent=16520"}],"wp:term":[{"taxonomy":"product_brand","embeddable":true,"href":"https:\/\/vetsul.com\/index.php\/wp-json\/wp\/v2\/product_brand?post=16520"},{"taxonomy":"product_cat","embeddable":true,"href":"https:\/\/vetsul.com\/index.php\/wp-json\/wp\/v2\/product_cat?post=16520"},{"taxonomy":"product_tag","embeddable":true,"href":"https:\/\/vetsul.com\/index.php\/wp-json\/wp\/v2\/product_tag?post=16520"}],"curies":[{"name":"wp","href":"https:\/\/api.w.org\/{rel}","templated":true}]}}