{"id":16514,"date":"2018-01-04T13:17:01","date_gmt":"2018-01-04T15:17:01","guid":{"rendered":"http:\/\/35.194.95.18\/wp-admin\/?post_type=product&#038;p=16514"},"modified":"2025-08-11T16:25:30","modified_gmt":"2025-08-11T19:25:30","slug":"suprafer-l-v","status":"publish","type":"product","link":"https:\/\/vetsul.com\/index.php\/product\/suprafer-l-v\/","title":{"rendered":"Suprafer L.V."},"content":{"rendered":"<p>Suprafer L.V \u00e9 um suplemento na forma l\u00edquida, de uso oral, pronto uso, para equinos adultos, potros e su\u00ednos nas diversas fases, como gesta\u00e7\u00e3o, lacta\u00e7\u00e3o e animais de alta performance. Produto indicado tamb\u00e9m para aves (corte e poedeiras), em todas as fases.<\/p>\n<p>Apresenta\u00e7\u00e3o<\/p>\n<p>Frasco dosador contendo 1 litro.<\/p>\n<p>Modo de uso<\/p>\n<p>Equinos: potros: 8 mL\/dia; adultos: 15 mL\/dia (via oral).<\/p>\n<p>Su\u00ednos: leit\u00f5es: 0,5mL\/dia; adultos: 2mL\/dia (via oral).<\/p>\n<p>Aves: corte e poedeiras: administrar 1mL do produto para cada litro de \u00e1gua.<\/p>\n<p>suprafer_1L<\/p>\n<p>N\u00edveis de garantia por litro do produto<\/p>\n<p>Garantia<span style=\"white-space:pre\">\t<\/span>Valor<span style=\"white-space:pre\">\t<\/span>Unidade<\/p>\n<p>\u00c1cido F\u00f3lico (M\u00ednimo)<span style=\"white-space:pre\">\t<\/span>5.500<span style=\"white-space:pre\">\t<\/span>mg<\/p>\n<p>\u00c1cido Nicot\u00ednico (M\u00ednimo)<span style=\"white-space:pre\">\t<\/span>1.325<span style=\"white-space:pre\">\t<\/span>mg<\/p>\n<p>A\u00e7\u00facares totais (M\u00ednimo)<span style=\"white-space:pre\">\t<\/span>200<span style=\"white-space:pre\">\t<\/span>g<\/p>\n<p>Cobalto (M\u00ednimo)<span style=\"white-space:pre\">\t<\/span>110,25<span style=\"white-space:pre\">\t<\/span>mg<\/p>\n<p>Cobre (M\u00ednimo)<span style=\"white-space:pre\">\t<\/span>550<span style=\"white-space:pre\">\t<\/span>mg<\/p>\n<p>Ferro (M\u00ednimo)<span style=\"white-space:pre\">\t<\/span>5.760<span style=\"white-space:pre\">\t<\/span>mg<\/p>\n<p>Pantotenato de C\u00e1lcio (M\u00ednimo)<span style=\"white-space:pre\">\t<\/span>1.325<span style=\"white-space:pre\">\t<\/span>mg<\/p>\n<p>Vitamina B1 (M\u00ednimo)<span style=\"white-space:pre\">\t<\/span>1.646<span style=\"white-space:pre\">\t<\/span>mg<\/p>\n<p>Vitamina B12 (M\u00ednimo)<span style=\"white-space:pre\">\t<\/span>16.000<span style=\"white-space:pre\">\t<\/span>mcg<\/p>\n<p>Vitamina B2 (M\u00ednimo)<span style=\"white-space:pre\">\t<\/span>1.653<span style=\"white-space:pre\">\t<\/span>mg<\/p>\n<p>Vitamina B6 (M\u00ednimo)<span style=\"white-space:pre\">\t<\/span>1311<span style=\"white-space:pre\">\t<\/span>mg<\/p>\n<p>Vitamina K3 (M\u00ednimo)<span style=\"white-space:pre\">\t<\/span>277<span style=\"white-space:pre\">\t<\/span>mg<\/p>\n<p>Zinco (M\u00ednimo)<span style=\"white-space:pre\">\t<\/span>5.100<span style=\"white-space:pre\">\t<\/span>mg<\/p>\n<p>Ve\u00edculo q.s.p<span style=\"white-space:pre\">\t<\/span>1.000<span style=\"white-space:pre\">\t<\/span>mL<\/p>\n","protected":false},"excerpt":{"rendered":"<p>Suprafer L.V \u00e9 um suplemento na forma l\u00edquida, de uso oral, pronto uso, para equinos adultos, potros e su\u00ednos nas diversas fases,<\/p>\n","protected":false},"featured_media":16515,"template":"","meta":{"_acf_changed":false},"product_brand":[952],"product_cat":[173,178],"product_tag":[983],"class_list":{"0":"post-16514","1":"product","2":"type-product","3":"status-publish","4":"has-post-thumbnail","6":"product_brand-lavizoo","7":"product_cat-suplementos-e-vitaminas","8":"product_cat-suplementos-e-vitaminas-2","9":"product_tag-lavizoo","11":"first","12":"instock","13":"purchasable","14":"product-type-simple"},"acf":[],"_links":{"self":[{"href":"https:\/\/vetsul.com\/index.php\/wp-json\/wp\/v2\/product\/16514","targetHints":{"allow":["GET"]}}],"collection":[{"href":"https:\/\/vetsul.com\/index.php\/wp-json\/wp\/v2\/product"}],"about":[{"href":"https:\/\/vetsul.com\/index.php\/wp-json\/wp\/v2\/types\/product"}],"wp:featuredmedia":[{"embeddable":true,"href":"https:\/\/vetsul.com\/index.php\/wp-json\/wp\/v2\/media\/16515"}],"wp:attachment":[{"href":"https:\/\/vetsul.com\/index.php\/wp-json\/wp\/v2\/media?parent=16514"}],"wp:term":[{"taxonomy":"product_brand","embeddable":true,"href":"https:\/\/vetsul.com\/index.php\/wp-json\/wp\/v2\/product_brand?post=16514"},{"taxonomy":"product_cat","embeddable":true,"href":"https:\/\/vetsul.com\/index.php\/wp-json\/wp\/v2\/product_cat?post=16514"},{"taxonomy":"product_tag","embeddable":true,"href":"https:\/\/vetsul.com\/index.php\/wp-json\/wp\/v2\/product_tag?post=16514"}],"curies":[{"name":"wp","href":"https:\/\/api.w.org\/{rel}","templated":true}]}}