{"id":16512,"date":"2018-01-04T13:13:34","date_gmt":"2018-01-04T15:13:34","guid":{"rendered":"http:\/\/35.194.95.18\/wp-admin\/?post_type=product&#038;p=16512"},"modified":"2025-08-11T10:40:39","modified_gmt":"2025-08-11T13:40:39","slug":"glicosol-horse-l-v","status":"publish","type":"product","link":"https:\/\/vetsul.com\/index.php\/product\/glicosol-horse-l-v\/","title":{"rendered":"Glicosol Horse L.V."},"content":{"rendered":"<p>Suplemento alimentar de pronto uso, indicado para equinos em todas as fases de vida e para animais atletas de alta performance..<\/p>\n<p>Apresenta\u00e7\u00e3o<\/p>\n<p>Frasco dosador contendo 1 litro.<\/p>\n<p>Bombonas contendo 5 litros.<\/p>\n<p>Modo de uso<\/p>\n<p>Animais adultos: 25 mL\/2 vezes ao dia; potros: 20 mL\/2 vezes ao dia; f\u00eameas em gesta\u00e7\u00e3o e lacta\u00e7\u00e3o: 30 mL\/2 vezes ao dia (diretamente na boca).<\/p>\n<p>glicosol_horse_LV_1L<\/p>\n<p>N\u00edveis de garantia por litro do produto<\/p>\n<p>Garantia Valor Unidade<\/p>\n<p>\u00c1cido Asp\u00e1rtico (M\u00ednimo) 10,74 g<\/p>\n<p>\u00c1cido Glut\u00e2mico (M\u00ednimo) 18,80 g<\/p>\n<p>A\u00e7\u00facares totais (M\u00ednimo) 200 g<\/p>\n<p>Alanina (M\u00ednimo) 16 g<\/p>\n<p>Arginina (M\u00ednimo) 8.712 mg<\/p>\n<p>Beta\u00edna (M\u00ednimo) 10,78 g<\/p>\n<p>Ciste\u00edna (M\u00ednimo) 722,70 mg<\/p>\n<p>Colina (M\u00ednimo) 10,12 g<\/p>\n<p>DL-Metionina (M\u00ednimo) 21,43 g<\/p>\n<p>Fenilalanina (M\u00ednimo) 4.152 mg<\/p>\n<p>Glicina (M\u00ednimo) 45,20 g<\/p>\n<p>Hidroxiprolina (M\u00ednimo) 3.560 g<\/p>\n<p>Histidina (M\u00ednimo) 2.233 mg<\/p>\n<p>Isoleucina (M\u00ednimo) 2.702 mg<\/p>\n<p>L-Carnitina (M\u00ednimo) 20,79 g<\/p>\n<p>L-Lisina (M\u00ednimo) 37,90 g<\/p>\n<p>Leucina (M\u00ednimo) 6.318 mg<\/p>\n<p>Prolina (M\u00ednimo) 12,02 g<\/p>\n<p>Serina (M\u00ednimo) 2.926 mg<\/p>\n<p>S\u00f3dio (M\u00ednimo) 11,70 g<\/p>\n<p>Tirosina (M\u00ednimo) 740,80 mg<\/p>\n<p>Treonina (M\u00ednimo) 1.789 mg<\/p>\n<p>Triptofano (M\u00ednimo) 634 mg<\/p>\n<p>Valina (M\u00ednimo) 4.654,40 mg<\/p>\n<p>Ve\u00edculo q.s.p 1.000 mL<\/p>\n","protected":false},"excerpt":{"rendered":"<p>Suplemento alimentar de pronto uso, indicado para equinos em todas as fases de vida e para animais atletas de alta performance.. Apresenta\u00e7\u00e3o<\/p>\n","protected":false},"featured_media":17891,"template":"","meta":{"_acf_changed":false},"product_brand":[952],"product_cat":[173,178],"product_tag":[983],"class_list":{"0":"post-16512","1":"product","2":"type-product","3":"status-publish","4":"has-post-thumbnail","6":"product_brand-lavizoo","7":"product_cat-suplementos-e-vitaminas","8":"product_cat-suplementos-e-vitaminas-2","9":"product_tag-lavizoo","11":"first","12":"instock","13":"purchasable","14":"product-type-simple"},"acf":[],"_links":{"self":[{"href":"https:\/\/vetsul.com\/index.php\/wp-json\/wp\/v2\/product\/16512","targetHints":{"allow":["GET"]}}],"collection":[{"href":"https:\/\/vetsul.com\/index.php\/wp-json\/wp\/v2\/product"}],"about":[{"href":"https:\/\/vetsul.com\/index.php\/wp-json\/wp\/v2\/types\/product"}],"wp:featuredmedia":[{"embeddable":true,"href":"https:\/\/vetsul.com\/index.php\/wp-json\/wp\/v2\/media\/17891"}],"wp:attachment":[{"href":"https:\/\/vetsul.com\/index.php\/wp-json\/wp\/v2\/media?parent=16512"}],"wp:term":[{"taxonomy":"product_brand","embeddable":true,"href":"https:\/\/vetsul.com\/index.php\/wp-json\/wp\/v2\/product_brand?post=16512"},{"taxonomy":"product_cat","embeddable":true,"href":"https:\/\/vetsul.com\/index.php\/wp-json\/wp\/v2\/product_cat?post=16512"},{"taxonomy":"product_tag","embeddable":true,"href":"https:\/\/vetsul.com\/index.php\/wp-json\/wp\/v2\/product_tag?post=16512"}],"curies":[{"name":"wp","href":"https:\/\/api.w.org\/{rel}","templated":true}]}}