{"id":16508,"date":"2018-01-04T13:07:07","date_gmt":"2018-01-04T15:07:07","guid":{"rendered":"http:\/\/35.194.95.18\/wp-admin\/?post_type=product&#038;p=16508"},"modified":"2025-04-07T11:54:28","modified_gmt":"2025-04-07T14:54:28","slug":"glicopan-1000-ml-energy","status":"publish","type":"product","link":"https:\/\/vetsul.com\/index.php\/product\/glicopan-1000-ml-energy\/","title":{"rendered":"GLICOPAN 1000 ML ENERGY"},"content":{"rendered":"<p>Resposta r\u00e1pida com Glicina, Lisina, Colina, Beta\u00edna e Carnitina<\/p>\n<p>Glicopan energy combina 22 Amino\u00e1cidos prontamente assimil\u00e1veis e Glicose, auxiliando no est\u00edmulo de apetite e de ganho de massa corporal.<\/p>\n<p>INDICA\u00c7\u00c3O DO PRODUTO<\/p>\n<p>Na suplementa\u00e7\u00e3o de amino\u00e1cidos e energia para equinos, muares, asininos, bovinos, bubalinos, ovinos, caprinos e su\u00ednos. Auxilia na recupera\u00e7\u00e3o f\u00edsica, ganho de peso e melhora da performance atl\u00e9tica.<\/p>\n<p>N\u00cdVEIS DE GARANTIA POR KG DO PRODUTO<\/p>\n<p>\u00c1cido Asp\u00e1rtico (M\u00edn.)<span>\t<\/span>9.791 mg<\/p>\n<p>\u00c1cido Glut\u00e2mico (M\u00edn.)<span>\t<\/span>19,149 g<\/p>\n<p>Alanina (M\u00edn.)<span>\t<\/span>22,186 g<\/p>\n<p>Arginina (M\u00edn.)<span>\t<\/span>7.647 mg<\/p>\n<p>Beta\u00edna (M\u00edn.)<span>\t<\/span>9.790 mg<\/p>\n<p>Ciste\u00edna (M\u00edn.)<span>\t<\/span>450 mg<\/p>\n<p>Colina (M\u00edn.)<span>\t<\/span>10 g<\/p>\n<p>Fenilalanina (M\u00edn.)<span>\t<\/span>4.874 mg<\/p>\n<p>Glicina (M\u00edn.)<span>\t<\/span>49,749 g<\/p>\n<p>Histidina (M\u00edn.)<span>\t<\/span>1.179 mg<\/p>\n<p>Isoleucina (M\u00edn.)<span>\t<\/span>2.113 mg<\/p>\n<p>L-Carnitina (M\u00edn.)<span>\t<\/span>20 g<\/p>\n<p>Leucina (M\u00edn.)<span>\t<\/span>7.292 mg<\/p>\n<p>Lisina (M\u00edn.)<span>\t<\/span>29,892 g<\/p>\n<p>Metionina (M\u00edn.)<span>\t<\/span>14,564 g<\/p>\n<p>Prolina (M\u00edn.)<span>\t<\/span>27,977 g<\/p>\n<p>Serina (M\u00edn.)<span>\t<\/span>1.318 mg<\/p>\n<p>Tirosina (M\u00edn.)<span>\t<\/span>1.245 mg<\/p>\n<p>Treonina (M\u00edn.)<span>\t<\/span>404,8 mg<\/p>\n<p>Triptofano(M\u00edn.)<span>\t<\/span>520 mg<\/p>\n<p>Valina (M\u00edn.) <span>\t<\/span>4.374 mg<\/p>\n<p>Glicose (M\u00edn.)<span>\t<\/span>200 g<\/p>\n<p>MODO DE USAR<\/p>\n<p>Para ser usado por via oral.<\/p>\n<p>Equinos, muares e asininos adultos: 25mL duas vezes ao dia.<\/p>\n<p>Potros de sobreano: 15mL duas vezes ao dia.<\/p>\n<p>Potros e p\u00f4neis: 10mL duas vezes ao dia.<\/p>\n<p>Su\u00ednos adultos: 5mL duas vezes ao dia.<\/p>\n<p>Leit\u00f5es: 1mL duas vezes ao dia.<\/p>\n","protected":false},"excerpt":{"rendered":"<p>Resposta r\u00e1pida com Glicina, Lisina, Colina, Beta\u00edna e Carnitina Glicopan energy combina 22 Amino\u00e1cidos prontamente assimil\u00e1veis e Glicose, auxiliando no est\u00edmulo de<\/p>\n","protected":false},"featured_media":16509,"template":"","meta":{"_acf_changed":false},"product_brand":[963,954],"product_cat":[173,178],"product_tag":[991],"class_list":{"0":"post-16508","1":"product","2":"type-product","3":"status-publish","4":"has-post-thumbnail","6":"product_brand-organnact","7":"product_brand-vetnil","8":"product_cat-suplementos-e-vitaminas","9":"product_cat-suplementos-e-vitaminas-2","10":"product_tag-vetnil","12":"first","13":"instock","14":"purchasable","15":"product-type-simple"},"acf":[],"_links":{"self":[{"href":"https:\/\/vetsul.com\/index.php\/wp-json\/wp\/v2\/product\/16508","targetHints":{"allow":["GET"]}}],"collection":[{"href":"https:\/\/vetsul.com\/index.php\/wp-json\/wp\/v2\/product"}],"about":[{"href":"https:\/\/vetsul.com\/index.php\/wp-json\/wp\/v2\/types\/product"}],"wp:featuredmedia":[{"embeddable":true,"href":"https:\/\/vetsul.com\/index.php\/wp-json\/wp\/v2\/media\/16509"}],"wp:attachment":[{"href":"https:\/\/vetsul.com\/index.php\/wp-json\/wp\/v2\/media?parent=16508"}],"wp:term":[{"taxonomy":"product_brand","embeddable":true,"href":"https:\/\/vetsul.com\/index.php\/wp-json\/wp\/v2\/product_brand?post=16508"},{"taxonomy":"product_cat","embeddable":true,"href":"https:\/\/vetsul.com\/index.php\/wp-json\/wp\/v2\/product_cat?post=16508"},{"taxonomy":"product_tag","embeddable":true,"href":"https:\/\/vetsul.com\/index.php\/wp-json\/wp\/v2\/product_tag?post=16508"}],"curies":[{"name":"wp","href":"https:\/\/api.w.org\/{rel}","templated":true}]}}