{"id":16506,"date":"2018-01-04T11:57:37","date_gmt":"2018-01-04T13:57:37","guid":{"rendered":"http:\/\/35.194.95.18\/wp-admin\/?post_type=product&#038;p=16506"},"modified":"2025-04-04T14:52:59","modified_gmt":"2025-04-04T17:52:59","slug":"glicofarm-master-oral-1lt","status":"publish","type":"product","link":"https:\/\/vetsul.com\/index.php\/product\/glicofarm-master-oral-1lt\/","title":{"rendered":"GLICOFARM MASTER ORAL 1LT"},"content":{"rendered":"<p>INDICADO: Usado na suplementa\u00e7\u00e3o de amino\u00e1cidos, energia e aux\u00edlio no ganho de peso dos animais. MODO DE USAR: Administrar por via oral. POSOLOGIA: Equinos, muares e asininos: 25mL duas vezes ao dia. Potros de sobreano: 15mL duas vezes ao dia. Potros e p\u00f4neis: 10mL duas vezes ao dia. Bubalinos adultos: 25mL duas vezes ao dia. Bubalinos jovens: 15mL duas vezes ao dia. Ovinos, caprinos e avestruzes adultos: 10mL duas vezes ao dia. Cordeiros, cabritos e avestruzes filhotes: 2mL duas vezes ao dia. Su\u00ednos adultos: 5mL duas vezes ao dia. Leit\u00f5es: 1mL duas vezes ao dia.<\/p>\n<p>FORMULA: N\u00edveis de Garantia por Kg do produto \u00c1cido Aspartico (Min\u00edmo) 10,323000g \u00c1cido Glutamico (Min\u00edmo) 18,646000g Alanina (Min\u00edmo) 16,138000g Arginina (Min\u00edmo) 11,293000g Betaina (Min\u00edmo) 10,000000g Cisteina (Min\u00edmo) 720,000000mg Colina (Min\u00edmo) 10,000000g Creatina (Min\u00edmo) 10,000000g DL-Metionina (Min\u00edmo) 21,430000g Fenilalanina (Min\u00edmo) 4.129,000000mg Glicina (Min\u00edmo) 44,856000g\u00a0 150,000000g Hidoxiprolina (Min\u00edmo) 14,706000g Histidina (Min\u00edmo) 2.149,000000mg Isoleucina ( ) 2.696,000000mg L-Carnitina (Min\u00edmo) 20,000000g L-Lisina (Min\u00edmo)\u00a0 44,280000g Leucina (Min\u00edmo) 6.278,000000mg Magn\u00e9sio (Min\u00edmo) 1.895,000000mg\u00a0 1.881,000000mg Metionina (Min\u00edmo) 2.662,000000mg Prolina (Min\u00edmo) 24,566000g\u00a0 188,100000mg Serina (Min\u00edmo) 3.055,000000mg Tirosina (Min\u00edmo) 2.317,000000mg Treonina (Min\u00edmo) 1.790,000000mg Triptofano (Min\u00edmo) 520,000000mg Valina (Min\u00edmo) 4.656,000000mg<\/p>\n","protected":false},"excerpt":{"rendered":"<p>INDICADO: Usado na suplementa\u00e7\u00e3o de amino\u00e1cidos, energia e aux\u00edlio no ganho de peso dos animais. MODO DE USAR: Administrar por via oral.<\/p>\n","protected":false},"featured_media":16507,"template":"","meta":{"_acf_changed":false},"product_brand":[958],"product_cat":[173,178],"product_tag":[1061,991],"class_list":{"0":"post-16506","1":"product","2":"type-product","3":"status-publish","4":"has-post-thumbnail","6":"product_brand-biofarm","7":"product_cat-suplementos-e-vitaminas","8":"product_cat-suplementos-e-vitaminas-2","9":"product_tag-glicopan","10":"product_tag-vetnil","12":"first","13":"instock","14":"purchasable","15":"product-type-simple"},"acf":[],"_links":{"self":[{"href":"https:\/\/vetsul.com\/index.php\/wp-json\/wp\/v2\/product\/16506","targetHints":{"allow":["GET"]}}],"collection":[{"href":"https:\/\/vetsul.com\/index.php\/wp-json\/wp\/v2\/product"}],"about":[{"href":"https:\/\/vetsul.com\/index.php\/wp-json\/wp\/v2\/types\/product"}],"wp:featuredmedia":[{"embeddable":true,"href":"https:\/\/vetsul.com\/index.php\/wp-json\/wp\/v2\/media\/16507"}],"wp:attachment":[{"href":"https:\/\/vetsul.com\/index.php\/wp-json\/wp\/v2\/media?parent=16506"}],"wp:term":[{"taxonomy":"product_brand","embeddable":true,"href":"https:\/\/vetsul.com\/index.php\/wp-json\/wp\/v2\/product_brand?post=16506"},{"taxonomy":"product_cat","embeddable":true,"href":"https:\/\/vetsul.com\/index.php\/wp-json\/wp\/v2\/product_cat?post=16506"},{"taxonomy":"product_tag","embeddable":true,"href":"https:\/\/vetsul.com\/index.php\/wp-json\/wp\/v2\/product_tag?post=16506"}],"curies":[{"name":"wp","href":"https:\/\/api.w.org\/{rel}","templated":true}]}}