{"id":16504,"date":"2018-01-04T11:50:59","date_gmt":"2018-01-04T13:50:59","guid":{"rendered":"http:\/\/35.194.95.18\/wp-admin\/?post_type=product&#038;p=16504"},"modified":"2025-08-11T10:40:39","modified_gmt":"2025-08-11T13:40:39","slug":"ginovet","status":"publish","type":"product","link":"https:\/\/vetsul.com\/index.php\/product\/ginovet\/","title":{"rendered":"Ginovet"},"content":{"rendered":"<p>Tabletes efervescentes<\/p>\n<p>A reten\u00e7\u00e3o da placenta \u00e9 fen\u00f4meno bastante frequente nos animais, seja como ocorr\u00eancia prim\u00e1ria, ou como consequ\u00eancia de uma afec\u00e7\u00e3o pr\u00e9-existente, especialmente endometrite. A rapidez de expuls\u00e3o da placenta varia conforme a esp\u00e9cie. Na \u00e9gua, considera-se haver reten\u00e7\u00e3o quando a placenta n\u00e3o for expelida dentro de 1 hora ap\u00f3s o parto; na vaca e na ovelha, esse per\u00edodo \u00e9 de aproximadamente 6 horas. A maiora dos casos de reten\u00e7\u00e3o de placenta \u00e9 acompanhada de graus variados de metrite e \u00e9 raro que as membranas permane\u00e7am no \u00fatero 48 horas, sem que ocorra infec\u00e7\u00e3o. Por isso, \u00e9 imprescind\u00edvel instituir precocemente uma terapia antimicrobiana na cavidade uterina em todos os casos de demora na expuls\u00e3o da placenta e tamb\u00e9m nos casos em que tenha sido indicada e realizada a extra\u00e7\u00e3o manual das membranas.<\/p>\n<p>Ginovet Tabletes Efervescentes trata e\/ou previne a infec\u00e7\u00e3o uterina, ao mesmo tempo em que favorece a expuls\u00e3o da placenta. A a\u00e7\u00e3o antimicrobiana do Cloridrato de Tetraciclina \u00e9 ampla, combatendo muitos microorganismos aer\u00f3bitos, gram + e gram -.<\/p>\n<p>O excipiente efervescente de Ginovet permite r\u00e1pida desintegra\u00e7\u00e3o do tablete e difus\u00e3o do princ\u00edpio ativo por toda a cavidade uterina, auxiliando na limpeza do conte\u00fado purulento, favorecendo uma a\u00e7\u00e3o mais efetiva do agente antimicrobiano.<\/p>\n<p>INDICA\u00c7\u00c3O DO PRODUTO<\/p>\n<p>Ginovet Tabletes Efervescentes&nbsp; \u00e9 indicado no combate aos principais agentes causadores das endometrites e vaginites em:<\/p>\n<p>\u00c9guas: Causados por Streptococcus zoopidermicus, Klebsiella pneumoniae, Corynebacterium equii, Haemophylus equigenitalis.<\/p>\n<p>Porcas: Causados por Staphylococcus hyicus, Streptococcus spp, E. coli, Klebsiella spp, e esp\u00e9cies de Mycoplasma spp.<\/p>\n<p>Vacas: causados por Streptococcus spp, Corynebacterium spp, E. Coli, Actinomyces pyogenes, Klebsiella spp, Fusobacterium nechroforum, algumas esp\u00e9cies de Proteus e Pseudomonas.<\/p>\n<p>Ovelhas: causados principalmente por Campylobacter spp.<\/p>\n<p>Tamb\u00e9m \u00e9 indicado como agente preventivo de infec\u00e7\u00f5es do endom\u00e9trio na reten\u00e7\u00e3o de placenta; ap\u00f3s cesarianas; nos partos dist\u00f3cicos ou quando houver aux\u00edlio obst\u00e9trico; nas fetotomias e nos partos normais quando as condi\u00e7\u00f5es de higiene forem deficientes.<\/p>\n<p>N\u00cdVEIS DE GARANTIA DO PRODUTO, CADA TABLETE CONT\u00c9M<\/p>\n<p>Tetraciclina (Cloridrato)\u2026\u2026\u2026\u2026\u2026\u2026\u2026\u2026\u2026\u2026\u2026\u2026\u2026\u2026\u2026\u2026\u2026..1,0 g<\/p>\n<p>Excipientes efervescente\u2026\u2026\u2026\u2026\u2026\u2026\u2026\u2026\u2026\u2026\u2026\u2026\u2026\u2026\u2026\u2026\u2026.7,0 g<\/p>\n<p>MODO DE USAR<\/p>\n<p>Vacas e \u00c9guas:<\/p>\n<p>Tratamento:<\/p>\n<p>\u2022 Endometrites: Introduzir na cavidade uterina 2 tabletes por dia, at\u00e9 a cura completa.<\/p>\n<p>\u2022 Vaginites: 1 tablete por dia at\u00e9 a remiss\u00e3o do processo.<\/p>\n<p>Controle:<\/p>\n<p>\u2022 Na reten\u00e7\u00e3o de placenta: Ap\u00f3s 12 horas, 2 a 3 tabletes distribu\u00eddos pela cavidade uterina, entre endom\u00e9trio e as secundinas. Se necess\u00e1rio, repetir no 3\u00ba, 6\u00ba e 9\u00ba dia.<\/p>\n<p>\u2022 Ap\u00f3s o parto ou fetotomia: Introduzir no \u00fatero 1 a 2 tabletes.<\/p>\n<p>Ovelhas e Porcas:<\/p>\n<p>Tratamento:<\/p>\n<p>\u2022 Endometrites: Introduzir na cavidade uterina 1 tablete por dia, at\u00e9 a cura completa.<\/p>\n<p>\u2022 Vaginites: 1 tablete por dia, at\u00e9 a remiss\u00e3o do processo.<\/p>\n<p>Controle:<\/p>\n<p>\u2022 Na reten\u00e7\u00e3o de placenta: Ap\u00f3s 12 horas, 1 tablete na cavidade uterina, entre o endom\u00e9trio e as secundinas. Se necess\u00e1rio, repetir no 3\u00ba, 6\u00ba e 9\u00ba dia.<\/p>\n<p>\u2022 Ap\u00f3s o parto ou fetotomia: Introduzir no \u00fatero 1 tablete.<\/p>\n<p>Qualquer altera\u00e7\u00e3o na posologia e modo de usar fica \u00e0 crit\u00e9rio do M\u00e9dico Veterin\u00e1rio.<\/p>\n<p>PER\u00cdODO DE CAR\u00caNCIA<\/p>\n<p>N\u00e3o consumir o leite de f\u00eameas lactantes antes de 96 h da \u00faltima aplica\u00e7\u00e3o. N\u00e3o abater os animais para consumo humano antes de decorridos 22 dias de suspens\u00e3o do tratamento.<\/p>\n","protected":false},"excerpt":{"rendered":"<p>Tabletes efervescentes A reten\u00e7\u00e3o da placenta \u00e9 fen\u00f4meno bastante frequente nos animais, seja como ocorr\u00eancia prim\u00e1ria, ou como consequ\u00eancia de uma afec\u00e7\u00e3o<\/p>\n","protected":false},"featured_media":16505,"template":"","meta":{"_acf_changed":false},"product_brand":[954],"product_cat":[164,163],"product_tag":[991],"class_list":{"0":"post-16504","1":"product","2":"type-product","3":"status-publish","4":"has-post-thumbnail","6":"product_brand-vetnil","7":"product_cat-bovinos-e-ovinos","8":"product_cat-equinos","9":"product_tag-vetnil","11":"first","12":"outofstock","13":"purchasable","14":"product-type-simple"},"acf":[],"_links":{"self":[{"href":"https:\/\/vetsul.com\/index.php\/wp-json\/wp\/v2\/product\/16504","targetHints":{"allow":["GET"]}}],"collection":[{"href":"https:\/\/vetsul.com\/index.php\/wp-json\/wp\/v2\/product"}],"about":[{"href":"https:\/\/vetsul.com\/index.php\/wp-json\/wp\/v2\/types\/product"}],"wp:featuredmedia":[{"embeddable":true,"href":"https:\/\/vetsul.com\/index.php\/wp-json\/wp\/v2\/media\/16505"}],"wp:attachment":[{"href":"https:\/\/vetsul.com\/index.php\/wp-json\/wp\/v2\/media?parent=16504"}],"wp:term":[{"taxonomy":"product_brand","embeddable":true,"href":"https:\/\/vetsul.com\/index.php\/wp-json\/wp\/v2\/product_brand?post=16504"},{"taxonomy":"product_cat","embeddable":true,"href":"https:\/\/vetsul.com\/index.php\/wp-json\/wp\/v2\/product_cat?post=16504"},{"taxonomy":"product_tag","embeddable":true,"href":"https:\/\/vetsul.com\/index.php\/wp-json\/wp\/v2\/product_tag?post=16504"}],"curies":[{"name":"wp","href":"https:\/\/api.w.org\/{rel}","templated":true}]}}