{"id":16502,"date":"2018-01-04T11:47:58","date_gmt":"2018-01-04T13:47:58","guid":{"rendered":"http:\/\/35.194.95.18\/wp-admin\/?post_type=product&#038;p=16502"},"modified":"2025-04-04T11:23:48","modified_gmt":"2025-04-04T14:23:48","slug":"gentrin-injetavel-100ml","status":"publish","type":"product","link":"https:\/\/vetsul.com\/index.php\/product\/gentrin-injetavel-100ml\/","title":{"rendered":"Gentrin  Injet\u00e1vel 100ml"},"content":{"rendered":"<p>Gentrin Injet\u00e1vel cura rapidamente diarreias, pneumonias, mastites, metrites e pneumoenterites devido ao seu amplo espectro de a\u00e7\u00e3o. Age sobre bact\u00e9rias Gram-positivas e Gram-negativas, sens\u00edveis ao sulfato de gentamicina.<\/p>\n<p>F\u00f3rmula:<\/p>\n<p>Cada mL cont\u00e9m:<\/p>\n<p>Gentamicina (como sulfato) &#8230;&#8230;&#8230;&#8230;&#8230;&#8230;&#8230;&#8230;&#8230;&#8230;&#8230;&#8230;&#8230;&#8230;&#8230;&#8230;&#8230;&#8230;&#8230;&#8230;&#8230;&#8230;&#8230;&#8230;&#8230;&#8230;&#8230;&#8230; 44,0 mg<\/p>\n<p>Ve\u00edculo q.s.p. &#8230;&#8230;&#8230;&#8230;&#8230;&#8230;&#8230;&#8230;&#8230;&#8230;&#8230;&#8230;&#8230;&#8230;&#8230;&#8230;&#8230;&#8230;&#8230;&#8230;&#8230;&#8230;&#8230;&#8230;&#8230;&#8230;&#8230;&#8230;&#8230;&#8230;&#8230;&#8230;&#8230;&#8230;&#8230;&#8230;1,0 mL<\/p>\n<p>Indica\u00e7\u00f5es:<\/p>\n<p>Gentrin\u00ae Injet\u00e1vel \u00e9 indicado no tratamento de infec\u00e7\u00f5es bacterianas, causadas por agentes Gram-positivos e Gram-negativos, sens\u00edveis ao sulfato de gentamicina, causadores das seguintes doen\u00e7as, para as seguintes esp\u00e9cies:<\/p>\n<p>Bovinos, ovinos e caprinos: Pneumonia e Pneumoenterite &#8211; Aerobacter aerogenes, Staphylococcus sp, Klebsiella sp, Proteus sp, Escherichia coli, Streptococcus sp. Diarr\u00e9ias &#8211; Staphylococcus sp, Escherichia coli, Klebsiella sp, Salmonella sp. Metrite &#8211; Staphylococcus sp, Pasteurella sp, Escherichia coli, Proteus sp. Colibacilose &#8211; Escherichia coli. Mastite &#8211; Staphylococcus sp, Corynebacterium sp, Streptococcus sp e Escherichia coli. Salmonelose &#8211; Salmonella sp. Enterite &#8211; Staphylococcus sp, Klebsiella sp, Salmonella sp.<\/p>\n<p>Eq\u00fcinos: Diarr\u00e9ias &#8211; Staphylococcus sp, Escherichia coli, Klebsiella sp, Salmonella sp. Metrite &#8211; Staphylococcus sp, Escherichia coli, Proteus sp. Enterite -Staphylococcus sp, Klebsiella sp, Salmonella sp.<\/p>\n<p>Su\u00ednos &#8211; leit\u00f5es com 3 dias de idade. Colibacilose &#8211; Escherichia coli.<\/p>\n<p>Modo de uso e dosagem:<\/p>\n<p>Gentrin\u00ae Injet\u00e1vel deve ser aplicado pela via intramuscular ou subcut\u00e2nea, na dosagem de 1 mL para cada 10 kg de peso corporal, por dia, durante at\u00e9 7 dias, ou a crit\u00e9rio do m\u00e9dico veterin\u00e1rio. Dosagens:<\/p>\n<p>Bovinos: 10 mL para cada 100 kg de peso corporal.<\/p>\n<p>Eq\u00fcinos: 10 mL para cada 100 kg de peso corporal.<\/p>\n<p>Su\u00ednos: 1 mL para cada 10 kg de peso corporal.<\/p>\n<p>Ovinos e caprinos: 1 mL para cada 10 kg de peso corporal.<\/p>\n<p>Administra\u00e7\u00e3o:<\/p>\n<p>Gentrin\u00ae Injet\u00e1vel deve ser aplicado pela via intramuscular ou subcut\u00e2nea.<\/p>\n<p>Precau\u00e7\u00f5es:<\/p>\n<p>&#8211; Recomendamos a continuidade do tratamento, por per\u00edodo de tempo n\u00e3o inferior a 48 horas, ap\u00f3s o desaparecimento do quadro cl\u00ednico. &#8211; Na avicultura, para o tratamento dos pintos de 1 dia, aplicar Gentrin\u00ae Injet\u00e1vel sob a pele, sendo que 1 frasco de 10 mL \u00e9 suficiente para tratar um lote de 2.000 pintos, quando aplicado junto com a vacina\u00e7\u00e3o de Marek.<\/p>\n<p>Contra-indica\u00e7\u00e3o:<\/p>\n<p>Gentrin\u00ae Injet\u00e1vel n\u00e3o \u00e9 indicado para animais com hist\u00f3rico de hipersensibilidade \u00e0 gentamicina, ou para animais com grave problema de disfun\u00e7\u00e3o renal.<\/p>\n<p>Restri\u00e7\u00f5es de uso e per\u00edodo de car\u00eancia:<\/p>\n<p>&#8211; N\u00e3o administrar em f\u00eameas leiteiras lactantes.<\/p>\n<p>&#8211; Bovinos: n\u00e3o consumir a carne de animais tratados antes de decorridos 30 dias da \u00faltima aplica\u00e7\u00e3o do produto.<\/p>\n<p>&#8211; Su\u00ednos, ovinos e caprinos: n\u00e3o consumir a carne de animais tratados antes de decorridos 20 dias da \u00faltima aplica\u00e7\u00e3o do produto.<\/p>\n<p>&#8211; Venda sob prescri\u00e7\u00e3o e aplica\u00e7\u00e3o sob orienta\u00e7\u00e3o do m\u00e9dico veterin\u00e1rio.<\/p>\n<p>&#8211; Conservar em local seco e fresco, ao abrigo da luz solar, fora do alcance de crian\u00e7as e animais dom\u00e9sticos.<\/p>\n<p>Apresenta\u00e7\u00e3o:<\/p>\n<p>Frasco-ampola de vidro contendo 10 mL ou 100 mL.<\/p>\n<p>Classe Terap\u00eautica:<\/p>\n<p>ANTIMICROBIANOS GERAIS; ANTIF\u00daNGICOS E ANTIPROTOZO\u00c1RIOS (COCCIDIOS, FLAGELADOS)<\/p>\n<p>Princ\u00edpio(s) Ativo(s):<\/p>\n<p>GENTAMICINA<\/p>\n<p>Registro no Minist\u00e9rio da Agricultura, Pecu\u00e1ria e Abastecimento:n\u00ba 4.026 em 24\/06\/92.<\/p>\n<p>Respons\u00e1vel T\u00e9cnico:<\/p>\n<p>Dra. Sandra Barioni Toma &#8211; CRMV: CRMV \/ SP &#8211; 14.817<\/p>\n","protected":false},"excerpt":{"rendered":"<p>Gentrin Injet\u00e1vel cura rapidamente diarreias, pneumonias, mastites, metrites e pneumoenterites devido ao seu amplo espectro de a\u00e7\u00e3o. Age sobre bact\u00e9rias Gram-positivas e<\/p>\n","protected":false},"featured_media":16503,"template":"","meta":{"_acf_changed":false},"product_brand":[955],"product_cat":[170,175],"product_tag":[1030],"class_list":{"0":"post-16502","1":"product","2":"type-product","3":"status-publish","4":"has-post-thumbnail","6":"product_brand-ouro-fino","7":"product_cat-anti-microbianos","8":"product_cat-antimicrobianos-2","9":"product_tag-ouro-fino","11":"first","12":"outofstock","13":"purchasable","14":"product-type-simple"},"acf":[],"_links":{"self":[{"href":"https:\/\/vetsul.com\/index.php\/wp-json\/wp\/v2\/product\/16502","targetHints":{"allow":["GET"]}}],"collection":[{"href":"https:\/\/vetsul.com\/index.php\/wp-json\/wp\/v2\/product"}],"about":[{"href":"https:\/\/vetsul.com\/index.php\/wp-json\/wp\/v2\/types\/product"}],"wp:featuredmedia":[{"embeddable":true,"href":"https:\/\/vetsul.com\/index.php\/wp-json\/wp\/v2\/media\/16503"}],"wp:attachment":[{"href":"https:\/\/vetsul.com\/index.php\/wp-json\/wp\/v2\/media?parent=16502"}],"wp:term":[{"taxonomy":"product_brand","embeddable":true,"href":"https:\/\/vetsul.com\/index.php\/wp-json\/wp\/v2\/product_brand?post=16502"},{"taxonomy":"product_cat","embeddable":true,"href":"https:\/\/vetsul.com\/index.php\/wp-json\/wp\/v2\/product_cat?post=16502"},{"taxonomy":"product_tag","embeddable":true,"href":"https:\/\/vetsul.com\/index.php\/wp-json\/wp\/v2\/product_tag?post=16502"}],"curies":[{"name":"wp","href":"https:\/\/api.w.org\/{rel}","templated":true}]}}