{"id":16500,"date":"2018-01-04T11:43:24","date_gmt":"2018-01-04T13:43:24","guid":{"rendered":"http:\/\/35.194.95.18\/wp-admin\/?post_type=product&#038;p=16500"},"modified":"2025-04-04T11:23:48","modified_gmt":"2025-04-04T14:23:48","slug":"gentatec-vs","status":"publish","type":"product","link":"https:\/\/vetsul.com\/index.php\/product\/gentatec-vs\/","title":{"rendered":"Gentatec VS"},"content":{"rendered":"<p>Super potente antimicrobiano para aplica\u00e7\u00e3o intramam\u00e1ria nas mastites fora da lacta\u00e7\u00e3o.<\/p>\n<p>F\u00f3rmula:<\/p>\n<p>Cada seringa de 10mL cont\u00e9m:<\/p>\n<p>Gentamicina (sulfato)&#8230;&#8230;&#8230;&#8230;&#8230;&#8230;&#8230;&#8230;&#8230;&#8230;&#8230;&#8230;&#8230;&#8230;&#8230;&#8230;&#8230;&#8230;&#8230;&#8230;&#8230;&#8230;&#8230;&#8230;400mg<\/p>\n<p>Ve\u00edculo q.s.p&#8230;&#8230;&#8230;&#8230;&#8230;&#8230;&#8230;&#8230;&#8230;&#8230;&#8230;&#8230;&#8230;&#8230;&#8230;&#8230;&#8230;&#8230;&#8230;&#8230;&#8230;&#8230;&#8230;&#8230;&#8230;&#8230;&#8230;&#8230;.10g<\/p>\n<p>Indica\u00e7\u00f5es:<\/p>\n<p>Gentatec\u00ae Vaca Seca \u00e9 uma suspens\u00e3o oleosa \u00e0 base de gentamicina, especialmente formulada para aplica\u00e7\u00e3o intramam\u00e1ria, no combate \u00e0 mastite bovina, fora do per\u00edodo de lacta\u00e7\u00e3o.<\/p>\n<p>Gentatec\u00ae Vaca Seca n\u00e3o \u00e9 irritante para o tecido glandular.<\/p>\n<p>Gentatec\u00ae Vaca Seca \u00e9 indicado no tratamento e preven\u00e7\u00e3o das mastites fora do per\u00edodo de lacta\u00e7\u00e3o (vaca seca), causadas por Staphylococcus aureus (produtores ou n\u00e3o de coagulase), Staphylococcus epidermidis, Streptococcus agalactiae, S. dysgalactiae e S. uberis, Escherichia coli, Enterococcus sp, Corynebacterium sp, Micrococcus sp, Klebsiella sp, Serratia sp, Proteus sp, Enterobacter sp e Pseudomonas sp, sens\u00edveis \u00e0 gentamicina.<\/p>\n<p>Gentatec\u00ae Vaca Seca foi especialmente desenvolvido para a preven\u00e7\u00e3o e tratamento da mastites fora do per\u00edodo da lacta\u00e7\u00e3o, sua a\u00e7\u00e3o prolongada se extende por 4 semanas.<\/p>\n<p>Dosagem:<\/p>\n<p>Aplicar o conte\u00fado de uma seringa (10 g) de Gentatec\u00ae Vaca Seca em cada quarto afetado. Dose \u00fanica.<\/p>\n<p>A posologia pode ser modificada \u00e0 crit\u00e9rio do M\u00e9dico Veterin\u00e1rio, conforme a severidade da infec\u00e7\u00e3o.<\/p>\n<p>Administra\u00e7\u00e3o:<\/p>\n<p>Aplicar Gentatec\u00ae Vaca Seca por via intramam\u00e1ria, tomando os seguintes cuidados:<\/p>\n<p>&#8211; Ap\u00f3s a \u00faltima ordenha da lacta\u00e7\u00e3o proceder a higiene cuidadosa de todo o \u00fabere, desinfetando bem os tetos.<\/p>\n<p>&#8211; Injetar todo o conte\u00fado de uma seringa em cada teto afetado.<\/p>\n<p>&#8211; Ap\u00f3s injetado, massagear o \u00fabere suavemente, de baixo para cima, para facilitar a penetra\u00e7\u00e3o da suspens\u00e3o nos quartos.<\/p>\n<p>Precau\u00e7\u00f5es:<\/p>\n<p>&#8211; N\u00e3o aplicar em animais com hist\u00f3rico de hipersensibilidade \u00e0 gentamicina.<\/p>\n<p>&#8211; N\u00e3o aplicar em vacas em lacta\u00e7\u00e3o.<\/p>\n<p>&#8211; N\u00e3o aplicar em animais que apresentam insufici\u00eancia renal.<\/p>\n<p>Intera\u00e7\u00f5es Medicamentosas:<\/p>\n<p>&#8211; N\u00e3o administrar a gentamicina junto com a furosemida ou anfotericina B, pois aumenta a possibilidade de ototoxicidade e nefrotoxicidade.<\/p>\n<p>&#8211; A gentamicina \u00e9 inativada pela administra\u00e7\u00e3o concomitante de carbenicilina.<\/p>\n<p>&#8211; N\u00e3o administrar a gentamicina junto com relaxantes musculares esquel\u00e9ticos pois aumenta a possibilidade de bloqueio neuromuscular.<\/p>\n<p>Rea\u00e7\u00f5es Adversas:<\/p>\n<p>&#8211; Podem ocorrer rea\u00e7\u00f5es al\u00e9rgicas em animais com hipersensibilidade \u00e0 gentamicina.<\/p>\n<p>&#8211; Podem ocorrer ototoxicidade e nefrotoxicidade em tratamentos prolongados. A revers\u00e3o destes quadros ocorre logo ap\u00f3s a suspens\u00e3o do tratamento.<\/p>\n<p>Per\u00edodo de car\u00eancia:<\/p>\n<p>Carne: suspender o medicamento 28 dias antes do abate dos animais destinados ao consumo humano.<\/p>\n<p>Leite: n\u00e3o administrar em vacas leiteiras em lacta\u00e7\u00e3o<\/p>\n<p>Apresenta\u00e7\u00e3o:<\/p>\n<p>Cartuchos contendo 20 seringas de Gentatec\u00ae Vaca Seca, de 10g cada.<\/p>\n<p>Classe Terap\u00eautica:<\/p>\n<p>ANTIMICROBIANOS GERAIS; ANTIF\u00daNGICOS E ANTIPROTOZO\u00c1RIOS (COCCIDIOS, FLAGELADOS)<\/p>\n<p>Princ\u00edpio(s) Ativo(s):<\/p>\n<p>GENTAMICINA<\/p>\n<p>Registro no Minist\u00e9rio da Agricultura, Pecu\u00e1ria e Abastecimento: 092 em 07\/03\/2003<\/p>\n<p>Respons\u00e1vel T\u00e9cnico:<\/p>\n<p>Adriana Cristina Pereira Cini &#8211; CRMV: SP 8413<\/p>\n","protected":false},"excerpt":{"rendered":"<p>Super potente antimicrobiano para aplica\u00e7\u00e3o intramam\u00e1ria nas mastites fora da lacta\u00e7\u00e3o. F\u00f3rmula: Cada seringa de 10mL cont\u00e9m: Gentamicina (sulfato)&#8230;&#8230;&#8230;&#8230;&#8230;&#8230;&#8230;&#8230;&#8230;&#8230;&#8230;&#8230;&#8230;&#8230;&#8230;&#8230;&#8230;&#8230;&#8230;&#8230;&#8230;&#8230;&#8230;&#8230;400mg Ve\u00edculo q.s.p&#8230;&#8230;&#8230;&#8230;&#8230;&#8230;&#8230;&#8230;&#8230;&#8230;&#8230;&#8230;&#8230;&#8230;&#8230;&#8230;&#8230;&#8230;&#8230;&#8230;&#8230;&#8230;&#8230;&#8230;&#8230;&#8230;&#8230;&#8230;.10g Indica\u00e7\u00f5es:<\/p>\n","protected":false},"featured_media":16501,"template":"","meta":{"_acf_changed":false},"product_brand":[959],"product_cat":[169],"product_tag":[1008,1062],"class_list":{"0":"post-16500","1":"product","2":"type-product","3":"status-publish","4":"has-post-thumbnail","6":"product_brand-chemitec","7":"product_cat-anti-mastiticos","8":"product_tag-chemitec","9":"product_tag-mastite","11":"first","12":"instock","13":"purchasable","14":"product-type-simple"},"acf":[],"_links":{"self":[{"href":"https:\/\/vetsul.com\/index.php\/wp-json\/wp\/v2\/product\/16500","targetHints":{"allow":["GET"]}}],"collection":[{"href":"https:\/\/vetsul.com\/index.php\/wp-json\/wp\/v2\/product"}],"about":[{"href":"https:\/\/vetsul.com\/index.php\/wp-json\/wp\/v2\/types\/product"}],"wp:featuredmedia":[{"embeddable":true,"href":"https:\/\/vetsul.com\/index.php\/wp-json\/wp\/v2\/media\/16501"}],"wp:attachment":[{"href":"https:\/\/vetsul.com\/index.php\/wp-json\/wp\/v2\/media?parent=16500"}],"wp:term":[{"taxonomy":"product_brand","embeddable":true,"href":"https:\/\/vetsul.com\/index.php\/wp-json\/wp\/v2\/product_brand?post=16500"},{"taxonomy":"product_cat","embeddable":true,"href":"https:\/\/vetsul.com\/index.php\/wp-json\/wp\/v2\/product_cat?post=16500"},{"taxonomy":"product_tag","embeddable":true,"href":"https:\/\/vetsul.com\/index.php\/wp-json\/wp\/v2\/product_tag?post=16500"}],"curies":[{"name":"wp","href":"https:\/\/api.w.org\/{rel}","templated":true}]}}