{"id":16488,"date":"2018-01-04T11:06:27","date_gmt":"2018-01-04T13:06:27","guid":{"rendered":"http:\/\/35.194.95.18\/wp-admin\/?post_type=product&#038;p=16488"},"modified":"2025-04-04T11:23:42","modified_gmt":"2025-04-04T14:23:42","slug":"gama-power-5-litros","status":"publish","type":"product","link":"https:\/\/vetsul.com\/index.php\/product\/gama-power-5-litros\/","title":{"rendered":"GAMA POWER 5 LITROS"},"content":{"rendered":"<p>Suplemento nutricional energ\u00e9tico para eq\u00fcinos de alta exig\u00eancia esportiva (auxilia no ganho de massa muscular). Cont\u00e9m \u00f3leo vegetal de arroz, rico em \u00e1cidos graxos essenciais (\u00e1cido ol\u00e9ico, \u00e1cido linol\u00e9ico, \u00e1cido linol\u00eanico) e gama-orizanol, nutrientes importantes para a suplementa\u00e7\u00e3o da dieta dos animais de alta performance atl\u00e9tica. Contribui para o bom aspecto da pele e da pelagem.<\/p>\n<p>Modo de Uso:<\/p>\n<p>Potros: 1 ano: 100 mL\/dia; 2 anos ou mais: 200 mL\/dia.<\/p>\n<p>Eq\u00fcinos adultos: 300 mL\/dia.<\/p>\n<p>Fornecer diretamente boca do animal ou pulverizar sobre a ra\u00e7\u00e3o.<\/p>\n<p>Apresenta\u00e7\u00e3o:<\/p>\n<p>Bombona contendo 5 litros.<\/p>\n<p>N\u00edveis de garantia por Litro do produto:<\/p>\n<p>Garantia<span style=\"white-space:pre\">\t<\/span>Valor<span style=\"white-space:pre\">\t<\/span>Unidade<\/p>\n<p>\u00c1cido Linol\u00e9ico (M\u00ednimo)<span style=\"white-space:pre\">\t<\/span>348,6<span style=\"white-space:pre\">\t<\/span>g<\/p>\n<p>\u00c1cido Linol\u00eanico (M\u00ednimo)<span style=\"white-space:pre\">\t<\/span>19,92<span style=\"white-space:pre\">\t<\/span>g<\/p>\n<p>\u00c1cido Ol\u00e9ico (M\u00ednimo)<span style=\"white-space:pre\">\t<\/span>418,32<span style=\"white-space:pre\">\t<\/span>g<\/p>\n<p>Energia Metaboliz\u00e1vel (M\u00ednimo)<span style=\"white-space:pre\">\t<\/span>3.870<span style=\"white-space:pre\">\t<\/span>kcal\/kg<\/p>\n<p>Gama-Orizanol (M\u00ednimo)<span style=\"white-space:pre\">\t<\/span>9.960<span style=\"white-space:pre\">\t<\/span>mg<\/p>\n<p>Vitamina E (M\u00ednimo)<span style=\"white-space:pre\">\t<\/span>1.100<span style=\"white-space:pre\">\t<\/span>UI<\/p>\n<p>Ve\u00edculo q.s.p<span style=\"white-space:pre\">\t<\/span>1.000<span style=\"white-space:pre\">\t<\/span>mL<\/p>\n","protected":false},"excerpt":{"rendered":"<p>Suplemento nutricional energ\u00e9tico para eq\u00fcinos de alta exig\u00eancia esportiva (auxilia no ganho de massa muscular). Cont\u00e9m \u00f3leo vegetal de arroz, rico em<\/p>\n","protected":false},"featured_media":16489,"template":"","meta":{"_acf_changed":false},"product_brand":[952],"product_cat":[178],"product_tag":[983],"class_list":{"0":"post-16488","1":"product","2":"type-product","3":"status-publish","4":"has-post-thumbnail","6":"product_brand-lavizoo","7":"product_cat-suplementos-e-vitaminas-2","8":"product_tag-lavizoo","10":"first","11":"instock","12":"purchasable","13":"product-type-simple"},"acf":[],"_links":{"self":[{"href":"https:\/\/vetsul.com\/index.php\/wp-json\/wp\/v2\/product\/16488","targetHints":{"allow":["GET"]}}],"collection":[{"href":"https:\/\/vetsul.com\/index.php\/wp-json\/wp\/v2\/product"}],"about":[{"href":"https:\/\/vetsul.com\/index.php\/wp-json\/wp\/v2\/types\/product"}],"wp:featuredmedia":[{"embeddable":true,"href":"https:\/\/vetsul.com\/index.php\/wp-json\/wp\/v2\/media\/16489"}],"wp:attachment":[{"href":"https:\/\/vetsul.com\/index.php\/wp-json\/wp\/v2\/media?parent=16488"}],"wp:term":[{"taxonomy":"product_brand","embeddable":true,"href":"https:\/\/vetsul.com\/index.php\/wp-json\/wp\/v2\/product_brand?post=16488"},{"taxonomy":"product_cat","embeddable":true,"href":"https:\/\/vetsul.com\/index.php\/wp-json\/wp\/v2\/product_cat?post=16488"},{"taxonomy":"product_tag","embeddable":true,"href":"https:\/\/vetsul.com\/index.php\/wp-json\/wp\/v2\/product_tag?post=16488"}],"curies":[{"name":"wp","href":"https:\/\/api.w.org\/{rel}","templated":true}]}}