{"id":16486,"date":"2018-01-04T11:02:51","date_gmt":"2018-01-04T13:02:51","guid":{"rendered":"http:\/\/35.194.95.18\/wp-admin\/?post_type=product&#038;p=16486"},"modified":"2025-08-11T10:40:39","modified_gmt":"2025-08-11T13:40:39","slug":"furanil-solucoo-500ml","status":"publish","type":"product","link":"https:\/\/vetsul.com\/index.php\/product\/furanil-solucoo-500ml\/","title":{"rendered":"Furanil Solu\u00e7\u00e3o 500ml"},"content":{"rendered":"<p>Antimicrobiano a base de Clorexidina<\/p>\n<p>INDICA\u00c7\u00c3O DO PRODUTO<\/p>\n<p>Furanil Solu\u00e7\u00e3o e Furanil Pomada s\u00e3o indicados para c\u00e3es e gatos na profilaxia e tratamento das infec\u00e7\u00f5es bacterianas e f\u00fangicas da pele e mucosas, \u00f3rg\u00e3os genitais, piodermites, foliculites, pododermatites e micoses. Tamb\u00e9m est\u00e1 indicado para a antissepsia de feridas, cortes, escoria\u00e7\u00f5es, abscessos, f\u00edstulas e ulcera\u00e7\u00f5es de dec\u00fabito.<\/p>\n<p>N\u00cdVEIS DE GARANTIA PARA CADA 100 ML\/G<\/p>\n<p>Digluconato de Clorexidina \u2026\u2026\u2026\u2026\u2026\u2026\u2026\u2026\u2026\u2026\u2026\u2026\u2026\u2026\u2026\u2026 0,7 g<\/p>\n<p>Excipientes q.s.p. \u2026\u2026\u2026\u2026\u2026\u2026\u2026\u2026\u2026\u2026\u2026\u2026\u2026\u2026\u2026\u2026\u2026\u2026..100 mL\/g<\/p>\n<p>MODO USAR<\/p>\n<p>Fazer a assepsia das regi\u00f5es afetadas com a utiliza\u00e7\u00e3o do Furanil, deixar agir durante 10 minutos e enxaguar.<\/p>\n<p>Repetir a aplica\u00e7\u00e3o do produto, deixando uma camada recobrindo o local. As regi\u00f5es afetadas podem ser recobertas com gaze ou outros curativos. Repetir o tratamento diariamente at\u00e9 a cura.<\/p>\n<p>A frequ\u00eancia de aplica\u00e7\u00e3o e as dosagens poder\u00e3o ser alteradas de acordo com a orienta\u00e7\u00e3o do M\u00e9dico Veterin\u00e1rio.<\/p>\n<p>PRECAU\u00c7\u00d5ES<\/p>\n<p>Evitar o contato do produto com os olhos do animal. N\u00e3o usar o produto no interior do conduto auditivo (somente usar no pavilh\u00e3o auricular).<\/p>\n<p>O produto possui incompatibilidade com cloro, sab\u00f5es e materiais ani\u00f4nicos, n\u00e3o devendo ser usado concomitantemente.<\/p>\n<p>EFEITOS COLATERAIS<\/p>\n<p>N\u00e3o h\u00e1 registro de efeitos colaterais.<\/p>\n","protected":false},"excerpt":{"rendered":"<p>Antimicrobiano a base de Clorexidina INDICA\u00c7\u00c3O DO PRODUTO Furanil Solu\u00e7\u00e3o e Furanil Pomada s\u00e3o indicados para c\u00e3es e gatos na profilaxia e<\/p>\n","protected":false},"featured_media":16487,"template":"","meta":{"_acf_changed":false},"product_brand":[954],"product_cat":[170,175,180],"product_tag":[991],"class_list":{"0":"post-16486","1":"product","2":"type-product","3":"status-publish","4":"has-post-thumbnail","6":"product_brand-vetnil","7":"product_cat-anti-microbianos","8":"product_cat-antimicrobianos-2","9":"product_cat-anti-microbiano","10":"product_tag-vetnil","12":"first","13":"instock","14":"purchasable","15":"product-type-simple"},"acf":[],"_links":{"self":[{"href":"https:\/\/vetsul.com\/index.php\/wp-json\/wp\/v2\/product\/16486","targetHints":{"allow":["GET"]}}],"collection":[{"href":"https:\/\/vetsul.com\/index.php\/wp-json\/wp\/v2\/product"}],"about":[{"href":"https:\/\/vetsul.com\/index.php\/wp-json\/wp\/v2\/types\/product"}],"wp:featuredmedia":[{"embeddable":true,"href":"https:\/\/vetsul.com\/index.php\/wp-json\/wp\/v2\/media\/16487"}],"wp:attachment":[{"href":"https:\/\/vetsul.com\/index.php\/wp-json\/wp\/v2\/media?parent=16486"}],"wp:term":[{"taxonomy":"product_brand","embeddable":true,"href":"https:\/\/vetsul.com\/index.php\/wp-json\/wp\/v2\/product_brand?post=16486"},{"taxonomy":"product_cat","embeddable":true,"href":"https:\/\/vetsul.com\/index.php\/wp-json\/wp\/v2\/product_cat?post=16486"},{"taxonomy":"product_tag","embeddable":true,"href":"https:\/\/vetsul.com\/index.php\/wp-json\/wp\/v2\/product_tag?post=16486"}],"curies":[{"name":"wp","href":"https:\/\/api.w.org\/{rel}","templated":true}]}}