{"id":16482,"date":"2018-01-04T10:52:34","date_gmt":"2018-01-04T12:52:34","guid":{"rendered":"http:\/\/35.194.95.18\/wp-admin\/?post_type=product&#038;p=16482"},"modified":"2025-08-11T10:40:33","modified_gmt":"2025-08-11T13:40:33","slug":"fortgal-plus-injetavel-50-ml","status":"publish","type":"product","link":"https:\/\/vetsul.com\/index.php\/product\/fortgal-plus-injetavel-50-ml\/","title":{"rendered":"FORTGAL PLUS INJETAVEL 50 ML"},"content":{"rendered":"<p>Descri\u00e7\u00e3o: O anti-inflamat\u00f3rio Fortgal indicado para o tratamento de infec\u00e7\u00f5es gastrointestinais (diarr\u00e9ias), infec\u00e7\u00f5es respirat\u00f3rias. Pare de se preocupar com as infec\u00e7\u00f5es que tem afetado seu animal, com Fortgal voc\u00ea fica livre das preocupa\u00e7\u00f5es e seu animal sa\u00fadavel outra vez!<\/p>\n<p>Detalhes do anti-inflamat\u00f3rio Fortgal:<\/p>\n<p>O anti-inflamat\u00f3rio Fortgal indicado para o tratamento de infec\u00e7\u00f5es gastrointestinais (diarr\u00e9ias), infec\u00e7\u00f5es respirat\u00f3rias.<\/p>\n<p>Princ\u00edpios Ativos:<\/p>\n<p>Sulfadoxina, trimetoprim e piroxicam<\/p>\n<p>Indica\u00e7\u00f5es do produto Fortgal:<\/p>\n<p>O produto anti-inflamat\u00f3rio Fortgal \u00e9 indicado para o tratamento de infec\u00e7\u00f5es gastrointestinais (diarr\u00e9ias), infec\u00e7\u00f5es respirat\u00f3rias (pneumonias), infec\u00e7\u00f5es do umbigo de rec\u00e9m-nascidos, infec\u00e7\u00f5es de pele, abscessos, actinobacilose, listeriose, nefrites, cistites, mastites, pododermatites, erisipelose, poliartrite infecciosa, rinite atr\u00f3fica e s\u00edndrome mastite-metrite-agalaxia.<\/p>\n<p>Caracter\u00edsticas e Benef\u00edcios do anti-inflamat\u00f3rio Fortgal:<\/p>\n<p>A associa\u00e7\u00e3o entre antibi\u00f3ticos e um antiinflamat\u00f3rio n\u00e3o-esteroidal permite o tratamento adequado dos processos infecciosos em que \u00e9 necess\u00e1rio tamb\u00e9m o controle da inflama\u00e7\u00e3o. Tanto a sulfadoxina\/trimetoprim quanto o piroxicam t\u00eam meia-vida plasm\u00e1tica elevada, possibilitando efeito terap\u00eautico prolongado com uma aplica\u00e7\u00e3o \u00fanica do anti-inflamat\u00f3rio Fortgal.<\/p>\n<p>Posologia e Modo de Usar o anti-inflamat\u00f3rio Fortgal:<\/p>\n<p>O produto deve ser utilizado em dose \u00fanica, nas seguintes doses e vias de administra\u00e7\u00e3o:<\/p>\n<p>Bovinos adultos: 20 a 30 ml, por via intravenosa, intramuscular ou subcut\u00e2nea.<\/p>\n<p>Bezerros: 5 a 15 ml, por via intravenosa, intramuscular ou subcut\u00e2nea.<\/p>\n<p>Eq\u00fcinos adultos: 20 a 30 ml, por via intravenosa (preferencial) ou intramuscular.<\/p>\n<p>Potros: 5 a 15 ml, por via intravenosa (preferencial) ou intramuscular.<\/p>\n<p>Vitelas: 3 a 5 ml, por via intravenosa, intramuscular ou subcut\u00e2nea.<\/p>\n<p>Porcas: 8 a 12 ml, por via intravenosa, intramuscular ou subcut\u00e2nea.<\/p>\n<p>Su\u00ednos de engorda: 5 a 8 ml, por via intravenosa, intramuscular ou subcut\u00e2nea.<\/p>\n<p>Leit\u00f5es: 1 a 2 ml, por via intravenosa, intramuscular ou subcut\u00e2nea.<\/p>\n<p>Ovinos adultos: 3 a 5 ml, por via intravenosa ou intramuscular.<\/p>\n<p>Cordeiros: 0,5 a 1 ml, por via intravenosa ou intramuscular.<\/p>\n<p>Per\u00edodo de Car\u00eancia do anti-inflamat\u00f3rio Fortgal:<\/p>\n<p>Recomenda-se que os animais cuja carne seja destinada ao consumo humano somente sejam abatidos 5 dias ap\u00f3s a \u00faltima administra\u00e7\u00e3o do produto. Recomenda-se n\u00e3o utilizar para consumo humano o leite dos animais produzido no per\u00edodo de 1 dia ap\u00f3s a \u00faltima administra\u00e7\u00e3o do produto.<\/p>\n<p>Apresenta\u00e7\u00e3o do anti-inflamat\u00f3rio Fortgal:<\/p>\n<p>Frasco-ampola do anti-inflamat\u00f3rio Fortgal com 50 ml<\/p>\n","protected":false},"excerpt":{"rendered":"<p>Descri\u00e7\u00e3o: O anti-inflamat\u00f3rio Fortgal indicado para o tratamento de infec\u00e7\u00f5es gastrointestinais (diarr\u00e9ias), infec\u00e7\u00f5es respirat\u00f3rias. Pare de se preocupar com as infec\u00e7\u00f5es que<\/p>\n","protected":false},"featured_media":16483,"template":"","meta":{"_acf_changed":false},"product_brand":[967],"product_cat":[170,175],"product_tag":[994],"class_list":{"0":"post-16482","1":"product","2":"type-product","3":"status-publish","4":"has-post-thumbnail","6":"product_brand-agener-uniao","7":"product_cat-anti-microbianos","8":"product_cat-antimicrobianos-2","9":"product_tag-agener","11":"first","12":"instock","13":"purchasable","14":"product-type-simple"},"acf":[],"_links":{"self":[{"href":"https:\/\/vetsul.com\/index.php\/wp-json\/wp\/v2\/product\/16482","targetHints":{"allow":["GET"]}}],"collection":[{"href":"https:\/\/vetsul.com\/index.php\/wp-json\/wp\/v2\/product"}],"about":[{"href":"https:\/\/vetsul.com\/index.php\/wp-json\/wp\/v2\/types\/product"}],"wp:featuredmedia":[{"embeddable":true,"href":"https:\/\/vetsul.com\/index.php\/wp-json\/wp\/v2\/media\/16483"}],"wp:attachment":[{"href":"https:\/\/vetsul.com\/index.php\/wp-json\/wp\/v2\/media?parent=16482"}],"wp:term":[{"taxonomy":"product_brand","embeddable":true,"href":"https:\/\/vetsul.com\/index.php\/wp-json\/wp\/v2\/product_brand?post=16482"},{"taxonomy":"product_cat","embeddable":true,"href":"https:\/\/vetsul.com\/index.php\/wp-json\/wp\/v2\/product_cat?post=16482"},{"taxonomy":"product_tag","embeddable":true,"href":"https:\/\/vetsul.com\/index.php\/wp-json\/wp\/v2\/product_tag?post=16482"}],"curies":[{"name":"wp","href":"https:\/\/api.w.org\/{rel}","templated":true}]}}