{"id":16474,"date":"2018-01-04T10:38:18","date_gmt":"2018-01-04T12:38:18","guid":{"rendered":"http:\/\/35.194.95.18\/wp-admin\/?post_type=product&#038;p=16474"},"modified":"2025-08-11T10:40:33","modified_gmt":"2025-08-11T13:40:33","slug":"flumedin-50ml","status":"publish","type":"product","link":"https:\/\/vetsul.com\/index.php\/product\/flumedin-50ml\/","title":{"rendered":"Flumedin 50ml"},"content":{"rendered":"<p>USO VETERIN\u00c1RIO<\/p>\n<p>ANALG\u00c9SICO, ANTI-INFLAMAT\u00d3RIO E ANTIPIR\u00c9TICO INJET\u00c1VEL.<\/p>\n<p>F\u00d3RMULA: Cada 100 mL cont\u00e9m:<\/p>\n<p>Flunixino meglumina<span>\t<\/span>8,29 g<\/p>\n<p>Ve\u00edculo q.s.p.<span>\t<\/span>100,00 mL<\/p>\n<p>FLUMEDIN: Pertence ao grupo de anti-inflamat\u00f3rios n\u00e3o esteroides com a\u00e7\u00e3o antiprostagland\u00ednica e, dentro deste grupo, em fun\u00e7\u00e3o de sua estrutura qu\u00edmica, se classifica dentro dos derivados do \u00e1cido fen\u00e2mico. Sua ampla e efetiva atividade farmacol\u00f3gica se explica em fun\u00e7\u00e3o dos seguintes mecanismos: inibi\u00e7\u00e3o da cicloxigenase, desacoplamento da fosforila\u00e7\u00e3o oxidativa, inibi\u00e7\u00e3o da migra\u00e7\u00e3o leucocit\u00e1ria, inibi\u00e7\u00e3o da degrada\u00e7\u00e3o dos proteoglicanos, capacita\u00e7\u00e3o de radicais livres, inibi\u00e7\u00e3o da potencia\u00e7\u00e3o das quininas, diminui\u00e7\u00e3o da atividade de necrose tumoral ou caqu\u00e9tica (FNT) e estabiliza\u00e7\u00e3o das membranas celulares mediada pelo AMP c\u00edclico.<\/p>\n<p>INDICA\u00c7\u00d5ES: FLUMEDIN est\u00e1 indicado para os casos em que se busca um efeito analg\u00e9sico, anti-inflamat\u00f3rio e antipir\u00e9tico, r\u00e1pido e potente, com uma ampla margem de seguran\u00e7a.<\/p>\n<p>\u2013 BOVINOS: doen\u00e7a respirat\u00f3ria aguda, mastites coliformes agudas (choque endot\u00f3xico), outros processos febris, dor (s\u00edndrome da vaca inchada), diarreias dos bezerros e transtornos m\u00fasculo-esquel\u00e9ticos.<\/p>\n<p>\u2013 SU\u00cdNOS: M.M.A. (mastites, metrites, agalactia), manqueira e artrites (inflama\u00e7\u00f5es do aparelho locomotor em geral).<\/p>\n<p>\u2013 EQUINOS: Transtornos m\u00fasculo-esquel\u00e9ticos, c\u00f3licas, diarreias dos potros (n\u00e3o infecciosa e infec\u00e7\u00f5es neo-natais), choque, colites, laminites e enfermidades respirat\u00f3rias.<\/p>\n<p>ATEN\u00c7\u00c3O: OBEDECER AOS SEGUINTES PER\u00cdODOS DE CAR\u00caNCIA<\/p>\n<p>BOVINOS: ABATE \u2013 O ABATE DOS ANIMAIS TRATADOS SOMENTE DEVE SER REALIZADO 7 DIAS AP\u00d3S A \u00daLTIMA APLICA\u00c7\u00c3O.<\/p>\n<p>LEITE: O LEITE DOS ANIMAIS TRATADOS COM ESTE PRODUTO N\u00c3O DEVE SER DESTINADO AO CONSUMO HUMANO AT\u00c9 2 DIAS AP\u00d3S A \u00daLTIMA APLICA\u00c7\u00c3O DESTE PRODUTO.<\/p>\n<p>EQUINOS: ABATE \u2013 O ABATE DOS ANIMAIS TRATADOS SOMENTE DEVE SER REALIZADO 7 DIAS AP\u00d3S A \u00daLTIMA APLICA\u00c7\u00c3O.<\/p>\n<p>SU\u00cdNOS: ABATE \u2013 O ABATE DOS ANIMAIS TRATADOS SOMENTE DEVE SER REALIZADO 28 DIAS AP\u00d3S A \u00daLTIMA APLICA\u00c7\u00c3O. A UTILIZA\u00c7\u00c3O DO PRODUTO EM CONDI\u00c7\u00d5ES DIFERENTES DAS INDICADAS NESTA BULA PODE CAUSAR A PRESEN\u00c7A DE RES\u00cdDUOS DO PRODUTO ACIMA DOS LIMITES APROVADOS, TORNANDO O ALIMENTO DE ORIGEM ANIMAL IMPR\u00d3PRIO PARA O CONSUMO.<\/p>\n<p>VIA DE ADMINISTRA\u00c7\u00c3O, POSOLOGIA E MODO DE USAR:&nbsp;<\/p>\n<p>BOVINOS: nas altera\u00e7\u00f5es m\u00fasculo-esquel\u00e9ticas: 1,1 mL para cada 50 kg de peso, por via intravenosa ou intramuscular, 1 a 2 vezes ao dia (intervalo de 12 horas entre as doses). Nas demais indica\u00e7\u00f5es: 2 mL para cada 45 kg de peso, por via intravenosa, 1 a 2 vezes ao dia (intervalo de 12 horas entre as doses). Diarreia dos bezerros: 2 a 3 mL por bezerro, geralmente uma \u00fanica aplica\u00e7\u00e3o.<\/p>\n<p>SU\u00cdNOS: manqueiras e artrites (inflama\u00e7\u00f5es do aparelho locomotor em geral): 2 mL para cada 45 kg de peso, por via intramuscular profunda, 1 vez ao dia, durante 5 dias.<\/p>\n<p>M.M.A. (mastites, metrites, agalactia): 2 mL para cada 45 kg de peso, por via intramuscular profunda, 1 a 2 doses (intervalo de 12 horas entre as doses). Recomenda-se administrar as doses cedo, ao aparecerem na porca os primeiros sintomas de inapet\u00eancia ou se os leit\u00f5es derem a impress\u00e3o de n\u00e3o estar recebendo leite suficiente.<\/p>\n<p>Demais indica\u00e7\u00f5es: 2 mL para cada 45 kg de peso, por via intramuscular profunda, 1 a 2 vezes ao dia (intervalo de 12 horas entre as doses).<\/p>\n<p>EQUINOS: colites e pneumonia: 2 mL para cada 45 kg de peso, por via intravenosa ou intramuscular, 1 a 2 vezes ao dia (intervalo de 12 horas entre as doses). Diarreias infecciosas e n\u00e3o infecciosas: 2 mL para cada 45 kg de peso, por via intravenosa, 2 a 4 vezes ao dia (intervalo de 12 ou 6 horas entre as doses). Transtornos m\u00fasculo-esquel\u00e9ticos: 1 mL para cada 45 kg de peso, por via intravenosa ou intramuscular, 1 vez ao dia, durante 5 dias.<\/p>\n<p>C\u00d3LICAS: 1 mL para cada 45 kg de peso, por via endovenosa, por sua pronta a\u00e7\u00e3o, o que ocorre em 15 minutos ou menos. Se com 2 doses n\u00e3o houver melhora pode-se indicar outras medidas, a crit\u00e9rio do M\u00e9dico Veterin\u00e1rio.<\/p>\n<p>CHOQUE: 1 mL para cada 45 kg de peso, at\u00e9 que cesse o choque.<\/p>\n<p>LAMINITES: como curativo: 1 mL para cada 45 kg de peso, por via intravenosa, 1 vez ao dia, durante 3 dias. Como preventivo: 0,5 mL para cada 45 kg de peso, por via intravenosa, 4 vezes ao dia (intervalo de 6 horas entre as doses), durante 3 dias. Nos casos de c\u00f3licas ou infec\u00e7\u00f5es, deve-se determinar a causa e estabelecer um tratamento concomitante adequado (antibi\u00f3ticos, corticosteroides, antidiarreicos, fluidos, enemas, etc.).<\/p>\n<p>SOBREDOSIFICA\u00c7\u00c3O: N\u00e3o exceder as doses recomendadas, nem administrar o tratamento durante mais de 5 dias consecutivos.<\/p>\n<p>EFEITOS COLATERAIS E REA\u00c7\u00d5ES ADVERSAS: Deve-se evitar a inje\u00e7\u00e3o intrarterial em cavalos, j\u00e1 que podem apresentar efeitos secund\u00e1rios (ataxia, incoordena\u00e7\u00e3o, hiperventila\u00e7\u00e3o, histeria e debilidade muscular). As rea\u00e7\u00f5es adversas s\u00e3o transit\u00f3rias e desaparecem, sem necessidade de tratamento, em poucos minutos. N\u00e3o usar em casos de hipersensibilidade em equinos. Rea\u00e7\u00f5es al\u00e9rgicas, gastrites, ulcera\u00e7\u00f5es e les\u00f5es da mucosa g\u00e1strica, em equinos, podem ocorrer. N\u00e3o apresenta nenhum efeito colateral secund\u00e1rio. Pode apresentar efeito colateral secund\u00e1rio, quando se aplica inadvertidamente em cavalos, como citado anteriormente. Tem-se discreta rea\u00e7\u00e3o local, ap\u00f3s inje\u00e7\u00e3o intramuscular nestes casos, principalmente na regi\u00e3o do colo, incluindo inflama\u00e7\u00e3o, endurecimento e rigidez.<\/p>\n<p>PRECAU\u00c7\u00d5ES: Administrar sob controle veterin\u00e1rio. N\u00e3o exceder as doses recomendadas. N\u00e3o administrar o tratamento por mais de 5 dias consecutivos. N\u00e3o administrar em cavalos de corrida nos 8 dias anteriores \u00e0 competi\u00e7\u00e3o. N\u00e3o administrar em f\u00eameas prenhes ou em lacta\u00e7\u00e3o. N\u00e3o utilizar em caso de hipersensibilidade<\/p>\n<p>CONTRAINDICA\u00c7\u00d5ES: N\u00e3o apresenta para as esp\u00e9cies as quais se destina. N\u00e3o administrar em gatos.<\/p>\n<p>INTERA\u00c7\u00c3O COM OUTROS MEDICAMENTOS: N\u00e3o se deve administrar FLUMEDIN com outros medicamentos anti-inflamat\u00f3rios n\u00e3o esteroides (AINEs). Tamb\u00e9m deve-se evitar a associa\u00e7\u00e3o com medicamentos que apresentam toxicidade renal.<\/p>\n<p>N\u00e3o existem estudos que estabele\u00e7am seguran\u00e7a quando do uso de FLUMEDIN com outros medicamentos. Por esta raz\u00e3o deve-se monitorar e controlar os animais quando se administra este medicamento juntamente com outros princ\u00edpios ativos.<\/p>\n<p>CUIDADOS DE CONSERVA\u00c7\u00c3O: Conservar as embalagens fechadas, em local seco e fresco, ao abrigo da luz solar, fora do alcance de crian\u00e7as.<\/p>\n","protected":false},"excerpt":{"rendered":"<p>USO VETERIN\u00c1RIO ANALG\u00c9SICO, ANTI-INFLAMAT\u00d3RIO E ANTIPIR\u00c9TICO INJET\u00c1VEL. F\u00d3RMULA: Cada 100 mL cont\u00e9m: Flunixino meglumina 8,29 g Ve\u00edculo q.s.p. 100,00 mL FLUMEDIN: Pertence<\/p>\n","protected":false},"featured_media":16475,"template":"","meta":{"_acf_changed":false},"product_brand":[973],"product_cat":[168,174],"product_tag":[1064,1065,1055],"class_list":{"0":"post-16474","1":"product","2":"type-product","3":"status-publish","4":"has-post-thumbnail","6":"product_brand-jofadel","7":"product_cat-anti-inflamatorios","8":"product_cat-anti-inflamatorios-3","9":"product_tag-banamine","10":"product_tag-flunixina","11":"product_tag-jofadel","13":"first","14":"instock","15":"purchasable","16":"product-type-simple"},"acf":[],"_links":{"self":[{"href":"https:\/\/vetsul.com\/index.php\/wp-json\/wp\/v2\/product\/16474","targetHints":{"allow":["GET"]}}],"collection":[{"href":"https:\/\/vetsul.com\/index.php\/wp-json\/wp\/v2\/product"}],"about":[{"href":"https:\/\/vetsul.com\/index.php\/wp-json\/wp\/v2\/types\/product"}],"wp:featuredmedia":[{"embeddable":true,"href":"https:\/\/vetsul.com\/index.php\/wp-json\/wp\/v2\/media\/16475"}],"wp:attachment":[{"href":"https:\/\/vetsul.com\/index.php\/wp-json\/wp\/v2\/media?parent=16474"}],"wp:term":[{"taxonomy":"product_brand","embeddable":true,"href":"https:\/\/vetsul.com\/index.php\/wp-json\/wp\/v2\/product_brand?post=16474"},{"taxonomy":"product_cat","embeddable":true,"href":"https:\/\/vetsul.com\/index.php\/wp-json\/wp\/v2\/product_cat?post=16474"},{"taxonomy":"product_tag","embeddable":true,"href":"https:\/\/vetsul.com\/index.php\/wp-json\/wp\/v2\/product_tag?post=16474"}],"curies":[{"name":"wp","href":"https:\/\/api.w.org\/{rel}","templated":true}]}}