{"id":16470,"date":"2018-01-04T10:32:21","date_gmt":"2018-01-04T12:32:21","guid":{"rendered":"http:\/\/35.194.95.18\/wp-admin\/?post_type=product&#038;p=16470"},"modified":"2025-04-04T11:23:42","modified_gmt":"2025-04-04T14:23:42","slug":"fluido-ibasa-spray-muscular-200ml","status":"publish","type":"product","link":"https:\/\/vetsul.com\/index.php\/product\/fluido-ibasa-spray-muscular-200ml\/","title":{"rendered":"FLUIDO IBASA SPRAY MUSCULAR-200ml"},"content":{"rendered":"<p>ENTORSE, DISTENS\u00c3O, LES\u00c3O TRAUM\u00c1TICA, BURSITE<\/p>\n<p>Fluido para tratamento de dores musculares. Incolor, de uso t\u00f3pico em fric\u00e7\u00f5es e massagens.<\/p>\n<p>INDICA\u00c7\u00d5ES<\/p>\n<p>Dores, entorses, distens\u00f5es musculares e dos tend\u00f5es, bursites e qualquer les\u00e3o traum\u00e1tica do tecido subcut\u00e2neo de aves, bovinos, caninos, equinos e ovinos. Uso em cavalos de corrida.<\/p>\n<p>Bovinos, Equinos,\u00a0Ovinos,\u00a0Aves e C\u00e3es.<\/p>\n<p>MODO DE USAR<\/p>\n<p>Em fric\u00e7\u00f5es, massagens, sendo a parte massageada sempre que poss\u00edvel protegida por uma atadura. Em aplica\u00e7\u00f5es di\u00e1rias, uma ou mais vezes..<\/p>\n","protected":false},"excerpt":{"rendered":"<p>ENTORSE, DISTENS\u00c3O, LES\u00c3O TRAUM\u00c1TICA, BURSITE Fluido para tratamento de dores musculares. Incolor, de uso t\u00f3pico em fric\u00e7\u00f5es e massagens. INDICA\u00c7\u00d5ES Dores, entorses,<\/p>\n","protected":false},"featured_media":17890,"template":"","meta":{"_acf_changed":false},"product_brand":[971],"product_cat":[168,174,179],"product_tag":[1066],"class_list":{"0":"post-16470","1":"product","2":"type-product","3":"status-publish","4":"has-post-thumbnail","6":"product_brand-ibasa","7":"product_cat-anti-inflamatorios","8":"product_cat-anti-inflamatorios-3","9":"product_cat-anti-inflamatorio","10":"product_tag-ibasa","12":"first","13":"instock","14":"purchasable","15":"product-type-simple"},"acf":[],"_links":{"self":[{"href":"https:\/\/vetsul.com\/index.php\/wp-json\/wp\/v2\/product\/16470","targetHints":{"allow":["GET"]}}],"collection":[{"href":"https:\/\/vetsul.com\/index.php\/wp-json\/wp\/v2\/product"}],"about":[{"href":"https:\/\/vetsul.com\/index.php\/wp-json\/wp\/v2\/types\/product"}],"wp:featuredmedia":[{"embeddable":true,"href":"https:\/\/vetsul.com\/index.php\/wp-json\/wp\/v2\/media\/17890"}],"wp:attachment":[{"href":"https:\/\/vetsul.com\/index.php\/wp-json\/wp\/v2\/media?parent=16470"}],"wp:term":[{"taxonomy":"product_brand","embeddable":true,"href":"https:\/\/vetsul.com\/index.php\/wp-json\/wp\/v2\/product_brand?post=16470"},{"taxonomy":"product_cat","embeddable":true,"href":"https:\/\/vetsul.com\/index.php\/wp-json\/wp\/v2\/product_cat?post=16470"},{"taxonomy":"product_tag","embeddable":true,"href":"https:\/\/vetsul.com\/index.php\/wp-json\/wp\/v2\/product_tag?post=16470"}],"curies":[{"name":"wp","href":"https:\/\/api.w.org\/{rel}","templated":true}]}}