{"id":16468,"date":"2018-01-04T10:29:25","date_gmt":"2018-01-04T12:29:25","guid":{"rendered":"http:\/\/35.194.95.18\/wp-admin\/?post_type=product&#038;p=16468"},"modified":"2025-04-08T11:12:18","modified_gmt":"2025-04-08T14:12:18","slug":"fluido-ibasa-spray-muscular-100ml","status":"publish","type":"product","link":"https:\/\/vetsul.com\/index.php\/product\/fluido-ibasa-spray-muscular-100ml\/","title":{"rendered":"FLUIDO IBASA SPRAY MUSCULAR-100ml"},"content":{"rendered":"<p>ENTORSE, DISTENS\u00c3O, LES\u00c3O TRAUM\u00c1TICA, BURSITE<\/p>\n<p>Fluido para tratamento de dores musculares. Incolor, de uso t\u00f3pico em fric\u00e7\u00f5es e massagens.<\/p>\n<p>INDICA\u00c7\u00d5ES<\/p>\n<p>Dores, entorses, distens\u00f5es musculares e dos tend\u00f5es, bursites e qualquer les\u00e3o traum\u00e1tica do tecido subcut\u00e2neo de aves, bovinos, caninos, equinos e ovinos. Uso em cavalos de corrida.<\/p>\n<p>Bovinos, Equinos, Ovinos, Aves, C\u00e3es.<\/p>\n<p>MODO DE USAR<\/p>\n<p>Em fric\u00e7\u00f5es, massagens, sendo a parte massageada sempre que poss\u00edvel protegida por uma atadura. Em aplica\u00e7\u00f5es di\u00e1rias, uma ou mais vezes.<\/p>\n<p>DISPON\u00cdVEL EM<\/p>\n<p>200 ml e 100 ml<\/p>\n<p>COMPOSI\u00c7\u00c3O<\/p>\n<p>Cada 100 ml do produto cont\u00e9m:<\/p>\n<table class=\"informacoesTabela\" style=\"margin: 0px;padding: 10px 25px 0px 54px;border: 0px;font-size: 12px;vertical-align: baseline;background-image: initial;background-position: initial;background-size: initial;background-attachment: initial;width: 411px;line-height: 18px;font-family: OpenSans, sans-serif\">\n<thead style=\"margin: 0px;padding: 0px;border: 0px;font-size: 12px;vertical-align: baseline;background: transparent\">\n<tr style=\"margin: 0px;padding: 0px;border: 0px;font-size: 12px;vertical-align: baseline;background: transparent\">\n<th class=\"informacoesTabelaTh informacoesTabelaLeft\" style=\"margin: 0px;padding: 10px 15px;border: 0px;font-size: 12px;vertical-align: baseline;text-transform: uppercase\">SUBST\u00c2NCIA<\/th>\n<th class=\"informacoesTabelaTh informacoesTabelaCenter\" style=\"margin: 0px;padding: 10px 15px;border: 0px;font-size: 12px;vertical-align: baseline;text-transform: uppercase;text-align: center\">QTDE.<\/th>\n<\/tr>\n<\/thead>\n<tbody style=\"margin: 0px;padding: 0px;border: 0px;font-size: 12px;vertical-align: baseline;background: transparent\">\n<tr class=\"informacoesTabelaTr informacoesTabelaTr1\" style=\"margin: 0px;padding: 0px;border: 0px;font-size: 12px;vertical-align: baseline;background: transparent\">\n<td class=\"informacoesTabelaTd informacoesTabelaLeft\" style=\"margin: 0px;padding: 5px 15px;border: 0px;font-size: 12px;vertical-align: baseline\">Ess\u00eancia de terebintina<\/td>\n<td class=\"informacoesTabelaTd informacoesTabelaCenter\" style=\"margin: 0px;padding: 5px 15px;border: 0px;font-size: 12px;vertical-align: baseline;text-align: center\">10,0 ml<\/td>\n<\/tr>\n<tr class=\"informacoesTabelaTr informacoesTabelaTr2\" style=\"margin: 0px;padding: 0px;border: 0px;font-size: 12px;vertical-align: baseline;background: transparent\">\n<td class=\"informacoesTabelaTd informacoesTabelaLeft\" style=\"margin: 0px;padding: 5px 15px;border: 0px;font-size: 12px;vertical-align: baseline\">\u00c1lcool et\u00edlico q.s.p<\/td>\n<td class=\"informacoesTabelaTd informacoesTabelaCenter\" style=\"margin: 0px;padding: 5px 15px;border: 0px;font-size: 12px;vertical-align: baseline;text-align: center\">100,0 ml<\/td>\n<\/tr>\n<tr class=\"informacoesTabelaTr informacoesTabelaTr1\" style=\"margin: 0px;padding: 0px;border: 0px;font-size: 12px;vertical-align: baseline;background: transparent\">\n<td class=\"informacoesTabelaTd informacoesTabelaLeft\" style=\"margin: 0px;padding: 5px 15px;border: 0px;font-size: 12px;vertical-align: baseline\">Salicilato de metila<\/td>\n<td class=\"informacoesTabelaTd informacoesTabelaCenter\" style=\"margin: 0px;padding: 5px 15px;border: 0px;font-size: 12px;vertical-align: baseline;text-align: center\">5,0 g<\/td>\n<\/tr>\n<tr class=\"informacoesTabelaTr informacoesTabelaTr2\" style=\"margin: 0px;padding: 0px;border: 0px;font-size: 12px;vertical-align: baseline;background: transparent\">\n<td class=\"informacoesTabelaTd informacoesTabelaLeft\" style=\"margin: 0px;padding: 5px 15px;border: 0px;font-size: 12px;vertical-align: baseline\">C\u00e2nfora<\/td>\n<td class=\"informacoesTabelaTd informacoesTabelaCenter\" style=\"margin: 0px;padding: 5px 15px;border: 0px;font-size: 12px;vertical-align: baseline;text-align: center\">1,0 g<\/td>\n<\/tr>\n<\/tbody>\n<\/table>\n","protected":false},"excerpt":{"rendered":"<p>ENTORSE, DISTENS\u00c3O, LES\u00c3O TRAUM\u00c1TICA, BURSITE Fluido para tratamento de dores musculares. Incolor, de uso t\u00f3pico em fric\u00e7\u00f5es e massagens. INDICA\u00c7\u00d5ES Dores, entorses,<\/p>\n","protected":false},"featured_media":16469,"template":"","meta":{"_acf_changed":false},"product_brand":[971],"product_cat":[168,174,179],"product_tag":[],"class_list":{"0":"post-16468","1":"product","2":"type-product","3":"status-publish","4":"has-post-thumbnail","6":"product_brand-ibasa","7":"product_cat-anti-inflamatorios","8":"product_cat-anti-inflamatorios-3","9":"product_cat-anti-inflamatorio","11":"first","12":"outofstock","13":"purchasable","14":"product-type-simple"},"acf":[],"_links":{"self":[{"href":"https:\/\/vetsul.com\/index.php\/wp-json\/wp\/v2\/product\/16468","targetHints":{"allow":["GET"]}}],"collection":[{"href":"https:\/\/vetsul.com\/index.php\/wp-json\/wp\/v2\/product"}],"about":[{"href":"https:\/\/vetsul.com\/index.php\/wp-json\/wp\/v2\/types\/product"}],"wp:featuredmedia":[{"embeddable":true,"href":"https:\/\/vetsul.com\/index.php\/wp-json\/wp\/v2\/media\/16469"}],"wp:attachment":[{"href":"https:\/\/vetsul.com\/index.php\/wp-json\/wp\/v2\/media?parent=16468"}],"wp:term":[{"taxonomy":"product_brand","embeddable":true,"href":"https:\/\/vetsul.com\/index.php\/wp-json\/wp\/v2\/product_brand?post=16468"},{"taxonomy":"product_cat","embeddable":true,"href":"https:\/\/vetsul.com\/index.php\/wp-json\/wp\/v2\/product_cat?post=16468"},{"taxonomy":"product_tag","embeddable":true,"href":"https:\/\/vetsul.com\/index.php\/wp-json\/wp\/v2\/product_tag?post=16468"}],"curies":[{"name":"wp","href":"https:\/\/api.w.org\/{rel}","templated":true}]}}