{"id":16460,"date":"2018-01-04T10:13:57","date_gmt":"2018-01-04T12:13:57","guid":{"rendered":"http:\/\/35.194.95.18\/wp-admin\/?post_type=product&#038;p=16460"},"modified":"2025-04-04T11:23:35","modified_gmt":"2025-04-04T14:23:35","slug":"fluatac-duo-1l-ourofino-fluazuron-abamectina","status":"publish","type":"product","link":"https:\/\/vetsul.com\/index.php\/product\/fluatac-duo-1l-ourofino-fluazuron-abamectina\/","title":{"rendered":"FLUATAC DUO 1L &#8211; OUROFINO FLUAZURON + ABAMECTINA"},"content":{"rendered":"<p>Fluatac\u00ae DUO proporciona altos n\u00edveis de efic\u00e1cia contra ecto e endoparasitos, at\u00e9 nas mais severas infesta\u00e7\u00f5es de carrapato. Formula\u00e7\u00e3o exclusiva e inovadora, com 20{bad89740ab836af8afd78adf22d5854117f226b234e4f8ee83a0ac8d28f68ffc} mais fluazuron que os produtos dispon\u00edveis no mercado e duplo ataque: Fluazuron + Abamectina.<\/p>\n<p>F\u00f3rmula:<\/p>\n<p>Cada 100 mL cont\u00e9m:<\/p>\n<p>Fluazuron&#8230;&#8230;&#8230;&#8230;&#8230;&#8230;&#8230;&#8230;&#8230;&#8230;&#8230;&#8230;&#8230;&#8230;&#8230;&#8230;&#8230;&#8230;&#8230;3,00 g<\/p>\n<p>Abamectina&#8230;&#8230;&#8230;&#8230;&#8230;&#8230;&#8230;&#8230;&#8230;&#8230;&#8230;&#8230;&#8230;&#8230;&#8230;&#8230;&#8230;..0,50 g<\/p>\n<p>Ve\u00edculo q.s.p. &#8230;&#8230;&#8230;&#8230;&#8230;&#8230;&#8230;&#8230;&#8230;&#8230;&#8230;&#8230;&#8230;&#8230;&#8230;&#8230;.100,00 mL<\/p>\n<p>Indica\u00e7\u00f5es:<\/p>\n<p>Fluatac Duo \u00e9 indicado para o controle estrat\u00e9gico de carrapatos Riphicephalus (Boophilus) microplus, de mosca-dos-chifres (Haematobia irritans) e como auxiliar no controle de bernes (larvas de Dermatobia hominis). Tamb\u00e9m \u00e9 indicado para o tratamento de bovinos infectados por nemat\u00f3deos gastrintestinais (Haemonchus placei, Cooperia punctata, Oesophagostomum radiatum e Trichostrongylus axei).<\/p>\n<p>Dosagem:<\/p>\n<p>Fluatac Duo deve ser administrado na dose de 1 mL para cada 10 kg de peso. O produto \u00e9 de aplica\u00e7\u00e3o em dose \u00fanica, mas pode ser reaplicado nos casos de alta infesta\u00e7\u00e3o ou a crit\u00e9rio do m\u00e9dico veterin\u00e1rio.<\/p>\n<p>Administra\u00e7\u00e3o:<\/p>\n<p>Fluatac Duo deve ser administrado pela via t\u00f3pica (pour on), com aplica\u00e7\u00e3o na linha dorsal dos bovinos (fio do lombo).<\/p>\n<p>Per\u00edodo de car\u00eancia:<\/p>\n<p>N\u00e3o destinar ao consumo humano, a carne de animais tratados antes de transcorridos 60 dias ap\u00f3s a \u00faltima aplica\u00e7\u00e3o.<\/p>\n","protected":false},"excerpt":{"rendered":"<p>Fluatac\u00ae DUO proporciona altos n\u00edveis de efic\u00e1cia contra ecto e endoparasitos, at\u00e9 nas mais severas infesta\u00e7\u00f5es de carrapato. Formula\u00e7\u00e3o exclusiva e inovadora,<\/p>\n","protected":false},"featured_media":16461,"template":"","meta":{"_acf_changed":false},"product_brand":[955],"product_cat":[167],"product_tag":[1030],"class_list":{"0":"post-16460","1":"product","2":"type-product","3":"status-publish","4":"has-post-thumbnail","6":"product_brand-ouro-fino","7":"product_cat-vermifugos-e-carrapaticidas","8":"product_tag-ouro-fino","10":"first","11":"outofstock","12":"purchasable","13":"product-type-simple"},"acf":[],"_links":{"self":[{"href":"https:\/\/vetsul.com\/index.php\/wp-json\/wp\/v2\/product\/16460","targetHints":{"allow":["GET"]}}],"collection":[{"href":"https:\/\/vetsul.com\/index.php\/wp-json\/wp\/v2\/product"}],"about":[{"href":"https:\/\/vetsul.com\/index.php\/wp-json\/wp\/v2\/types\/product"}],"wp:featuredmedia":[{"embeddable":true,"href":"https:\/\/vetsul.com\/index.php\/wp-json\/wp\/v2\/media\/16461"}],"wp:attachment":[{"href":"https:\/\/vetsul.com\/index.php\/wp-json\/wp\/v2\/media?parent=16460"}],"wp:term":[{"taxonomy":"product_brand","embeddable":true,"href":"https:\/\/vetsul.com\/index.php\/wp-json\/wp\/v2\/product_brand?post=16460"},{"taxonomy":"product_cat","embeddable":true,"href":"https:\/\/vetsul.com\/index.php\/wp-json\/wp\/v2\/product_cat?post=16460"},{"taxonomy":"product_tag","embeddable":true,"href":"https:\/\/vetsul.com\/index.php\/wp-json\/wp\/v2\/product_tag?post=16460"}],"curies":[{"name":"wp","href":"https:\/\/api.w.org\/{rel}","templated":true}]}}