{"id":16456,"date":"2018-01-04T09:51:12","date_gmt":"2018-01-04T11:51:12","guid":{"rendered":"http:\/\/35.194.95.18\/wp-admin\/?post_type=product&#038;p=16456"},"modified":"2025-04-04T11:23:35","modified_gmt":"2025-04-04T14:23:35","slug":"ferrodex-50-ml","status":"publish","type":"product","link":"https:\/\/vetsul.com\/index.php\/product\/ferrodex-50-ml\/","title":{"rendered":"FERRODEX 50 ML"},"content":{"rendered":"<p>F\u00f3rmula:<\/p>\n<p>Cada 100g cont\u00e9m:<\/p>\n<p>Ferro elementar (sob a forma de hidr\u00f3xido f\u00e9rrico&nbsp;<\/p>\n<p>em complexo dextr\u00e2nico)&#8230;&#8230;&#8230;&#8230;&#8230;&#8230;&#8230;&#8230;&#8230; 10,0g<\/p>\n<p>Ve\u00edculo q.s.p&#8230;&#8230;&#8230;&#8230;&#8230;&#8230;&#8230;&#8230;&#8230;&#8230;&#8230;&#8230;&#8230;.100,00 mL<\/p>\n<p>Indica\u00e7\u00f5es:<\/p>\n<p>Indicado na preven\u00e7\u00e3o e tratamento da anemia provocada por defici\u00eancia de ferro (anemia ferropriva) em leit\u00f5es, bezerros (terneiros) e cordeiros.<\/p>\n<p>Dosagem:<\/p>\n<p>Leit\u00f5es:&#8230;&#8230;&#8230;&#8230;&#8230;&#8230; 2mL no 3\u00ba dia de vida<\/p>\n<p>Bezerros*:&#8230;&#8230;&#8230;&#8230;.. 4 mL&nbsp;<\/p>\n<p>Cordeiros*:&#8230;&#8230;&#8230;&#8230;. 2 mL<\/p>\n<p>*Em dieta l\u00e1ctea exclusiva<\/p>\n<p>Administra\u00e7\u00e3o:<\/p>\n<p>Somente por inje\u00e7\u00e3o intramuscular<\/p>\n<p>Precau\u00e7\u00f5es:<\/p>\n<p>N\u00e3o aplicar em equ\u00eddeos. Como qualquer inje\u00e7\u00e3o, usar equipamento est\u00e9ril e obedecer \u00e0s normas de assepsia.<\/p>\n<p>Apresenta\u00e7\u00e3o:<\/p>\n<p>Frascos-ampolas \u00e2mbar com 10, 30, 50, 200 e 250 mL<\/p>\n<p>Classe Terap\u00eautica:<\/p>\n<p>MINERAIS (FORMULA\u00c7\u00d5ES PURAS E COMPLEXOS)<\/p>\n<p>Princ\u00edpio(s) Ativo(s): FERRO<\/p>\n<p>Registro no Minist\u00e9rio da Agricultura, Pecu\u00e1ria e Abastecimento:<\/p>\n<p>2487\/68<\/p>\n<p>Respons\u00e1vel T\u00e9cnico:<\/p>\n<p>Ricardo Leandro Cazes &#8211; CRMV: SP\/5102<\/p>\n","protected":false},"excerpt":{"rendered":"<p>F\u00f3rmula: Cada 100g cont\u00e9m: Ferro elementar (sob a forma de hidr\u00f3xido f\u00e9rrico&nbsp; em complexo dextr\u00e2nico)&#8230;&#8230;&#8230;&#8230;&#8230;&#8230;&#8230;&#8230;&#8230; 10,0g Ve\u00edculo q.s.p&#8230;&#8230;&#8230;&#8230;&#8230;&#8230;&#8230;&#8230;&#8230;&#8230;&#8230;&#8230;&#8230;.100,00 mL Indica\u00e7\u00f5es: Indicado na<\/p>\n","protected":false},"featured_media":16457,"template":"","meta":{"_acf_changed":false},"product_brand":[],"product_cat":[173],"product_tag":[],"class_list":{"0":"post-16456","1":"product","2":"type-product","3":"status-publish","4":"has-post-thumbnail","6":"product_cat-suplementos-e-vitaminas","8":"first","9":"instock","10":"purchasable","11":"product-type-simple"},"acf":[],"_links":{"self":[{"href":"https:\/\/vetsul.com\/index.php\/wp-json\/wp\/v2\/product\/16456","targetHints":{"allow":["GET"]}}],"collection":[{"href":"https:\/\/vetsul.com\/index.php\/wp-json\/wp\/v2\/product"}],"about":[{"href":"https:\/\/vetsul.com\/index.php\/wp-json\/wp\/v2\/types\/product"}],"wp:featuredmedia":[{"embeddable":true,"href":"https:\/\/vetsul.com\/index.php\/wp-json\/wp\/v2\/media\/16457"}],"wp:attachment":[{"href":"https:\/\/vetsul.com\/index.php\/wp-json\/wp\/v2\/media?parent=16456"}],"wp:term":[{"taxonomy":"product_brand","embeddable":true,"href":"https:\/\/vetsul.com\/index.php\/wp-json\/wp\/v2\/product_brand?post=16456"},{"taxonomy":"product_cat","embeddable":true,"href":"https:\/\/vetsul.com\/index.php\/wp-json\/wp\/v2\/product_cat?post=16456"},{"taxonomy":"product_tag","embeddable":true,"href":"https:\/\/vetsul.com\/index.php\/wp-json\/wp\/v2\/product_tag?post=16456"}],"curies":[{"name":"wp","href":"https:\/\/api.w.org\/{rel}","templated":true}]}}