{"id":16446,"date":"2018-01-04T09:30:13","date_gmt":"2018-01-04T11:30:13","guid":{"rendered":"http:\/\/35.194.95.18\/wp-admin\/?post_type=product&#038;p=16446"},"modified":"2025-02-07T16:00:11","modified_gmt":"2025-02-07T19:00:11","slug":"estrogin-100ml","status":"publish","type":"product","link":"https:\/\/vetsul.com\/index.php\/product\/estrogin-100ml\/","title":{"rendered":"ESTROGIN 100ML"},"content":{"rendered":"<p>A sua a\u00e7\u00e3o espec\u00edfica \u00e9 sobre a musculatura do \u00fatero e do \u00fabere dos animais.<\/p>\n<p>Possui uma a\u00e7\u00e3o estimulante sobre as contra\u00e7\u00f5es uterinas durante o parto e puerp\u00e9rio p\u00f3s-parto, deixando de ter efeito sobre \u00fatero vazio.<\/p>\n<p>Sob a\u00e7\u00e3o do ESTROGIN injet\u00e1vel, a musculatura dos alv\u00e9olos e canais da gl\u00e2ndula mam\u00e1ria ser\u00e1 contra\u00eddo provocando o esvaziamento das c\u00e9lulas lact\u00edferas. Assim o conte\u00fado dos alv\u00e9olos \u00e9 impulsionado aos condutos galat\u00f3feros e \u00e1s cisternas, resultando a sa\u00edda do leite e o complete esvaziamento da gl\u00e2ndula mam\u00e1ria. ESTROGIN n\u00e3o exerce a\u00e7\u00e3o sobre o peristaltismo intestinal e t\u00e3o pouco sobre o sistema circulat\u00f3rio sangu\u00edno.<\/p>\n<p>Composi\u00e7\u00e3o:<\/p>\n<p>-Benzoato de Estradiol&#8230;&#8230;&#8230;&#8230;&#8230;&#8230;&#8230;&#8230;&#8230;.0,005 g<\/p>\n<p>-\u00d3leo de Amendoim q.s.p&#8230;&#8230;&#8230;&#8230;&#8230;&#8230;&#8230;..5,0 mL<\/p>\n<p>Indica\u00e7\u00f5es:<\/p>\n<p>No tratamento da reten\u00e7\u00e3o da placenta ou no prolapso&nbsp; uterino. Atonia do \u00fatero, hermorragias p\u00f3s parto. Tratamento auxiliar das mastites causadas por reten\u00e7\u00e3o de leite. Medica\u00e7\u00e3o coadjuvante na sincroniza\u00e7\u00e3o do cio.<\/p>\n<p>Modo de usar:<\/p>\n<p>\u00c9guas, vacas e porcas<span>\t<\/span>De 1 a 2 ampolas<\/p>\n<p>Ovelhas e cadelas<span>\t<\/span>1 ampola<\/p>\n<p>Gatas<span>\t<\/span>\u00bd ampola&nbsp; &nbsp; &nbsp;&nbsp;<\/p>\n<p>Aplicar por via intramuscular ou subcut\u00e2nea<\/p>\n<p>Advert\u00eancias:<\/p>\n<p>-N\u00e3o pode ser administrado a f\u00eameas em gesta\u00e7\u00e3o, por provocar aborto.<\/p>\n<p>-Nas f\u00eameas em lacta\u00e7\u00e3o, em doses fracas (1\/5 das habituais) provoca o aumento da produ\u00e7\u00e3o de leite e as doses altas a sua diminui\u00e7\u00e3o.<\/p>\n<p>-Para abate ou produ\u00e7\u00e3o de leite dever\u00e1 ser respeitado o per\u00edodo de 10 dias ap\u00f3s a \u00faltima aplica\u00e7\u00e3o do produto.<\/p>\n","protected":false},"excerpt":{"rendered":"<p>A sua a\u00e7\u00e3o espec\u00edfica \u00e9 sobre a musculatura do \u00fatero e do \u00fabere dos animais. Possui uma a\u00e7\u00e3o estimulante sobre as contra\u00e7\u00f5es<\/p>\n","protected":false},"featured_media":16447,"template":"","meta":{"_acf_changed":false},"product_brand":[958],"product_cat":[172,177],"product_tag":[993],"class_list":{"0":"post-16446","1":"product","2":"type-product","3":"status-publish","4":"has-post-thumbnail","6":"product_brand-biofarm","7":"product_cat-reproducao","8":"product_cat-reproducao-2","9":"product_tag-biofarm","11":"first","12":"outofstock","13":"purchasable","14":"product-type-simple"},"acf":[],"_links":{"self":[{"href":"https:\/\/vetsul.com\/index.php\/wp-json\/wp\/v2\/product\/16446","targetHints":{"allow":["GET"]}}],"collection":[{"href":"https:\/\/vetsul.com\/index.php\/wp-json\/wp\/v2\/product"}],"about":[{"href":"https:\/\/vetsul.com\/index.php\/wp-json\/wp\/v2\/types\/product"}],"wp:featuredmedia":[{"embeddable":true,"href":"https:\/\/vetsul.com\/index.php\/wp-json\/wp\/v2\/media\/16447"}],"wp:attachment":[{"href":"https:\/\/vetsul.com\/index.php\/wp-json\/wp\/v2\/media?parent=16446"}],"wp:term":[{"taxonomy":"product_brand","embeddable":true,"href":"https:\/\/vetsul.com\/index.php\/wp-json\/wp\/v2\/product_brand?post=16446"},{"taxonomy":"product_cat","embeddable":true,"href":"https:\/\/vetsul.com\/index.php\/wp-json\/wp\/v2\/product_cat?post=16446"},{"taxonomy":"product_tag","embeddable":true,"href":"https:\/\/vetsul.com\/index.php\/wp-json\/wp\/v2\/product_tag?post=16446"}],"curies":[{"name":"wp","href":"https:\/\/api.w.org\/{rel}","templated":true}]}}