{"id":16442,"date":"2018-01-04T09:19:27","date_gmt":"2018-01-04T11:19:27","guid":{"rendered":"http:\/\/35.194.95.18\/wp-admin\/?post_type=product&#038;p=16442"},"modified":"2025-08-09T11:07:18","modified_gmt":"2025-08-09T14:07:18","slug":"e-s-e-super-po-500gr","status":"publish","type":"product","link":"https:\/\/vetsul.com\/index.php\/product\/e-s-e-super-po-500gr\/","title":{"rendered":"E-S-E Super P\u00f3 500gr"},"content":{"rendered":"<p>Vitamina E e Sel\u00eanio para os m\u00fasculos<\/p>\n<p>A Vitamina E e o Sel\u00eanio agem sinergicamente na prote\u00e7\u00e3o dos tecidos corporais, particularmente das membranas celulares, enzimas e outras subst\u00e2ncias intracelulares.<\/p>\n<p>INDICA\u00c7\u00c3O DO PRODUTO<\/p>\n<p>Suplementa\u00e7\u00e3o de Vitamina E e Sel\u00eanio em todos os casos onde possa haver alguma defici\u00eancia das mesmas ou ent\u00e3o em situa\u00e7\u00f5es em que se deseja uma suplementa\u00e7\u00e3o de Vitamina E e Sel\u00eanio.<\/p>\n<p>N\u00cdVEIS DE GARANTIA POR KG DO PRODUTO<\/p>\n<p>E-S-E SUPER p\u00f3:<\/p>\n<p>Vitamina E\u2026\u2026\u2026\u2026\u2026\u2026\u2026\u2026\u2026\u2026\u2026\u2026\u2026\u2026\u2026\u2026\u2026\u2026\u2026\u2026.125.000 mg<\/p>\n<p>L-Lisina\u2026\u2026\u2026\u2026\u2026\u2026\u2026\u2026\u2026\u2026\u2026\u2026\u2026\u2026\u2026\u2026\u2026\u2026\u2026\u2026\u2026\u2026\u2026\u2026..100 g<\/p>\n<p>Sel\u00eanio\u2026\u2026\u2026\u2026\u2026\u2026\u2026\u2026\u2026\u2026\u2026\u2026\u2026\u2026\u2026\u2026\u2026\u2026\u2026\u2026\u2026\u2026\u2026\u2026150 mg<\/p>\n<p>Veiculo q.s.p\u2026\u2026\u2026\u2026\u2026\u2026\u2026\u2026\u2026\u2026\u2026\u2026\u2026\u2026\u2026\u2026\u2026\u2026\u2026\u2026\u2026.1.000 g<\/p>\n<p>MODO DE USAR<\/p>\n<p>Para ser usado por via oral.<\/p>\n<p>Equinos, Muares, Asininos: 20 g ou 20 mL por dia;<\/p>\n<p>Potros, P\u00f4neis: 10 g ou 10 mL por dia;<\/p>\n<p>Ovinos, Caprinos e Avestruzes adultos: 10 g ou 10 mL por dia;<\/p>\n<p>Cordeiros, Cabritos e Avestruzes filhotes: 2 g ou 2 mL por dia;<\/p>\n<p>Su\u00ednos adultos: 7,5 g ou 7,5 mL por dia;<\/p>\n<p>Leit\u00f5es: 3 g ou 3 mL por dia.<\/p>\n","protected":false},"excerpt":{"rendered":"<p>Vitamina E e Sel\u00eanio para os m\u00fasculos A Vitamina E e o Sel\u00eanio agem sinergicamente na prote\u00e7\u00e3o dos tecidos corporais, particularmente das<\/p>\n","protected":false},"featured_media":16443,"template":"","meta":{"_acf_changed":false},"product_brand":[954],"product_cat":[178],"product_tag":[991],"class_list":{"0":"post-16442","1":"product","2":"type-product","3":"status-publish","4":"has-post-thumbnail","6":"product_brand-vetnil","7":"product_cat-suplementos-e-vitaminas-2","8":"product_tag-vetnil","10":"first","11":"instock","12":"purchasable","13":"product-type-simple"},"acf":[],"_links":{"self":[{"href":"https:\/\/vetsul.com\/index.php\/wp-json\/wp\/v2\/product\/16442","targetHints":{"allow":["GET"]}}],"collection":[{"href":"https:\/\/vetsul.com\/index.php\/wp-json\/wp\/v2\/product"}],"about":[{"href":"https:\/\/vetsul.com\/index.php\/wp-json\/wp\/v2\/types\/product"}],"wp:featuredmedia":[{"embeddable":true,"href":"https:\/\/vetsul.com\/index.php\/wp-json\/wp\/v2\/media\/16443"}],"wp:attachment":[{"href":"https:\/\/vetsul.com\/index.php\/wp-json\/wp\/v2\/media?parent=16442"}],"wp:term":[{"taxonomy":"product_brand","embeddable":true,"href":"https:\/\/vetsul.com\/index.php\/wp-json\/wp\/v2\/product_brand?post=16442"},{"taxonomy":"product_cat","embeddable":true,"href":"https:\/\/vetsul.com\/index.php\/wp-json\/wp\/v2\/product_cat?post=16442"},{"taxonomy":"product_tag","embeddable":true,"href":"https:\/\/vetsul.com\/index.php\/wp-json\/wp\/v2\/product_tag?post=16442"}],"curies":[{"name":"wp","href":"https:\/\/api.w.org\/{rel}","templated":true}]}}