{"id":16434,"date":"2018-01-04T08:59:19","date_gmt":"2018-01-04T10:59:19","guid":{"rendered":"http:\/\/35.194.95.18\/wp-admin\/?post_type=product&#038;p=16434"},"modified":"2025-04-04T11:23:35","modified_gmt":"2025-04-04T14:23:35","slug":"enterex","status":"publish","type":"product","link":"https:\/\/vetsul.com\/index.php\/product\/enterex\/","title":{"rendered":"Enterex"},"content":{"rendered":"<p>Adsorvente de toxinas e venenos presentes no trato gastrintestinal<\/p>\n<p>INDICA\u00c7\u00c3O DO PRODUTO<\/p>\n<p>Enterex est\u00e1 indicado como adsorvente de toxinas e venenos, presentes no trato gastrintestinal de c\u00e3es e gatos, nos casos de envenenamentos, intoxica\u00e7\u00f5es diversas e auxiliar em diarreias e gastroenterites.<\/p>\n<p>PROPRIEDADES<\/p>\n<p>Carv\u00e3o vegetal ativado: Tem propriedade adsorvente, ou seja, poder de unir subst\u00e2ncias \u00e0 sua superf\u00edcie, o que lhe permite fixar toxinas bacterianas irritantes e gases. Atua tamb\u00e9m como protetor de mucosa. Outra fun\u00e7\u00e3o \u00e9 adsorver diversas subst\u00e2ncias t\u00f3xicas ou venenos no trato gastrintestinal. Suas propriedades devem-se \u00e0 enorme superf\u00edcie do carv\u00e3o ativado, o que o torna uma \u201cesponja r\u00edgida\u201d, fixando as subst\u00e2ncias estranhas. Tamb\u00e9m tem a\u00e7\u00e3o desinfetante e desodorizante.<\/p>\n<p>Zeolita: \u00c9 um mineral proveniente de Cuba, que possui em sua constitui\u00e7\u00e3o a clinoptilolita. Al\u00e9m de propriedades semelhantes ao carv\u00e3o ativado, tamb\u00e9m apresenta as seguintes fun\u00e7\u00f5es: altera\u00e7\u00e3o da acidose metab\u00f3lica, atrav\u00e9s de efeitos na press\u00e3o osm\u00f3tica no l\u00famen intestinal; adsor\u00e7\u00e3o: de \u00e1cidos biliares (causa endog\u00eanica de diarr\u00e9ia), de aflatoxinas B (micotoxina que produz severa toxicidade) e de glicose em excesso (fator irritante); e aumento do tr\u00e2nsito intestinal.<\/p>\n<p>Caolim: Possui a\u00e7\u00e3o adsorvente e de prote\u00e7\u00e3o, formando no intestino uma camada protetora sobre a mucosa, impedindo a a\u00e7\u00e3o de subst\u00e2ncias irritantes. A\u00e7\u00e3o adsorvente superior ao carv\u00e3o ativado em rela\u00e7\u00e3o ao herbicida Paraquat.<\/p>\n<p>Pectina: Tem a\u00e7\u00e3o protetora de mucosa e sua decomposi\u00e7\u00e3o no c\u00f3lon, realizada por bact\u00e9rias, fornece um ambiente desfavor\u00e1vel para a flora bacteriana anormal.<\/p>\n<p>N\u00cdVEIS DE GARANTIA PARA CADA 100 G<\/p>\n<p>Carv\u00e3o Ativado\u2026\u2026\u2026\u2026\u2026\u2026\u2026\u2026\u2026\u2026\u2026\u2026\u2026\u2026\u2026\u2026\u2026\u2026\u2026\u2026\u2026\u2026.40 g<\/p>\n<p>Zeolita\u2026\u2026\u2026\u2026\u2026\u2026\u2026\u2026\u2026\u2026\u2026\u2026\u2026\u2026\u2026\u2026\u2026\u2026\u2026\u2026\u2026\u2026\u2026\u2026\u2026\u2026.40 g<\/p>\n<p>Caolim\u2026\u2026\u2026\u2026\u2026\u2026\u2026\u2026\u2026\u2026\u2026\u2026\u2026\u2026\u2026\u2026\u2026\u2026\u2026\u2026\u2026\u2026\u2026\u2026\u2026\u2026.10 g<\/p>\n<p>Pectina\u2026\u2026\u2026\u2026\u2026\u2026\u2026\u2026\u2026\u2026\u2026\u2026\u2026\u2026\u2026\u2026\u2026\u2026\u2026\u2026\u2026\u2026\u2026\u2026\u2026\u202610 g<\/p>\n<p>MODO DE USAR<\/p>\n<p>Para ser usado por via oral, dilu\u00eddo em \u00e1gua e administrado atrav\u00e9s de seringa, ou sonda nasog\u00e1strica. Para uso da apresenta\u00e7\u00e3o sach\u00ea em \u00e1gua, diluir cada sach\u00ea em 40 mL. O produto tamb\u00e9m pode ser adicionado aos alimentos.<\/p>\n<p>Em casos de diarreias e gastrinterites:<\/p>\n<p>C\u00e3es e Gatos: 40 mL at\u00e9 20 kg de peso vivo, a cada 8 a 12 horas.<\/p>\n<p>Em casos de envenenamentos e intoxica\u00e7\u00f5es:<\/p>\n<p>C\u00e3es e Gatos: 80 mL at\u00e9 20 kg de peso vivo, a cada 4 a 6 horas at\u00e9 melhora dos sintomas.<\/p>\n<p>OBSERVA\u00c7\u00d5ES<\/p>\n<p>1 \u2013 Mais efetivo quando administrado rapidamente no envenenamento agudo, dentro de 30 minutos ap\u00f3s a ingest\u00e3o.<\/p>\n<p>2 \u2013 Em animais de est\u00f4mago simples, a suspens\u00e3o pode ser utilizada para lavagem g\u00e1strica.<\/p>\n<p>As dosagens poder\u00e3o ser alteradas de acordo com a orienta\u00e7\u00e3o do M\u00e9dico Veterin\u00e1rio.<\/p>\n<p>EFEITOS COLATERAIS<\/p>\n<p>As fezes dos animais tratados podem tornar-se negras devido ao carv\u00e3o ativado, n\u00e3o representando nenhum problema para a sa\u00fade do animal.<\/p>\n<p>Deve ser administrado vagarosamente (via oral ou sonda nasog\u00e1strica), durante 15 minutos para prevenir o v\u00f4mito.<\/p>\n<p>Pode haver ligeira constipa\u00e7\u00e3o intestinal.<\/p>\n<p>CONTRAINDICA\u00c7\u00d5ES<\/p>\n<p>Administrar outras medica\u00e7\u00f5es somente duas horas antes ou depois da administra\u00e7\u00e3o de Enterex, pois pode ocorrer adsor\u00e7\u00e3o de seus componentes, impedindo sua a\u00e7\u00e3o<\/p>\n","protected":false},"excerpt":{"rendered":"<p>Adsorvente de toxinas e venenos presentes no trato gastrintestinal INDICA\u00c7\u00c3O DO PRODUTO Enterex est\u00e1 indicado como adsorvente de toxinas e venenos, presentes<\/p>\n","protected":false},"featured_media":16435,"template":"","meta":{"_acf_changed":false},"product_brand":[954],"product_cat":[164,163,165],"product_tag":[991],"class_list":{"0":"post-16434","1":"product","2":"type-product","3":"status-publish","4":"has-post-thumbnail","6":"product_brand-vetnil","7":"product_cat-bovinos-e-ovinos","8":"product_cat-equinos","9":"product_cat-pet","10":"product_tag-vetnil","12":"first","13":"instock","14":"purchasable","15":"product-type-simple"},"acf":[],"_links":{"self":[{"href":"https:\/\/vetsul.com\/index.php\/wp-json\/wp\/v2\/product\/16434","targetHints":{"allow":["GET"]}}],"collection":[{"href":"https:\/\/vetsul.com\/index.php\/wp-json\/wp\/v2\/product"}],"about":[{"href":"https:\/\/vetsul.com\/index.php\/wp-json\/wp\/v2\/types\/product"}],"wp:featuredmedia":[{"embeddable":true,"href":"https:\/\/vetsul.com\/index.php\/wp-json\/wp\/v2\/media\/16435"}],"wp:attachment":[{"href":"https:\/\/vetsul.com\/index.php\/wp-json\/wp\/v2\/media?parent=16434"}],"wp:term":[{"taxonomy":"product_brand","embeddable":true,"href":"https:\/\/vetsul.com\/index.php\/wp-json\/wp\/v2\/product_brand?post=16434"},{"taxonomy":"product_cat","embeddable":true,"href":"https:\/\/vetsul.com\/index.php\/wp-json\/wp\/v2\/product_cat?post=16434"},{"taxonomy":"product_tag","embeddable":true,"href":"https:\/\/vetsul.com\/index.php\/wp-json\/wp\/v2\/product_tag?post=16434"}],"curies":[{"name":"wp","href":"https:\/\/api.w.org\/{rel}","templated":true}]}}