{"id":16426,"date":"2018-01-03T16:46:45","date_gmt":"2018-01-03T18:46:45","guid":{"rendered":"http:\/\/35.194.95.18\/wp-admin\/?post_type=product&#038;p=16426"},"modified":"2025-04-04T09:34:04","modified_gmt":"2025-04-04T12:34:04","slug":"elo-xicam-injet-vel-0-2","status":"publish","type":"product","link":"https:\/\/vetsul.com\/index.php\/product\/elo-xicam-injet-vel-0-2\/","title":{"rendered":"ELO-XICAM INJET\u00c1VEL 0,2%"},"content":{"rendered":"<p>Elo-xicam Injet\u00e1vel 0,2{bad89740ab836af8afd78adf22d5854117f226b234e4f8ee83a0ac8d28f68ffc}<\/p>\n<p>ELO-XICAM INJET\u00c1VEL 0,2{bad89740ab836af8afd78adf22d5854117f226b234e4f8ee83a0ac8d28f68ffc} \u00e9 um potente anti-inflamat\u00f3rio, indicado em processos inflamat\u00f3rios dos c\u00e3es e gatos, nas patologias dolorosas agudas.<\/p>\n<p>INDICA\u00c7\u00d5ES:<\/p>\n<p>Elo-xicam Injet\u00e1vel 0,2{bad89740ab836af8afd78adf22d5854117f226b234e4f8ee83a0ac8d28f68ffc} \u00e9 um potente anti-inflamat\u00f3rio<\/p>\n<p>n\u00e3o esteroide, inibidor de tromboxanas e prostaglandinas,<\/p>\n<p>com excelentes propriedades antipir\u00e9tica e analg\u00e9sica.<\/p>\n<p>O Meloxicam \u00e9 considerado inibidor preferencial da<\/p>\n<p>cicloxigenase &#8211; 2 (COX 2) (seletivo), resultando em<\/p>\n<p>menores efeitos colaterais e sem complica\u00e7\u00f5es<\/p>\n<p>g\u00e1stricas, por um per\u00edodo maior de tratamento.<\/p>\n<p>Elo-xicam Injet\u00e1vel 0,2{bad89740ab836af8afd78adf22d5854117f226b234e4f8ee83a0ac8d28f68ffc} \u00e9 indicado em processos<\/p>\n<p>inflamat\u00f3rios dos c\u00e3es e gatos, nas patologias dolorosas<\/p>\n<p>agudas. A efic\u00e1cia desse produto n\u00e3o foi avaliada pelo<\/p>\n<p>Minist\u00e9rio da Agricultura, Pecu\u00e1ria e Abastecimento.<\/p>\n<p>INTERA\u00c7\u00d5ES MEDICAMENTOSAS<\/p>\n<p>INFORMA\u00c7\u00d5ES PARA USO M\u00c9DICO<\/p>\n<p>\u2022 N\u00e3o administrar junto a outros anti-inflamat\u00f3rios esteroides<\/p>\n<p>e n\u00e3o ester\u00f3ides. Os anti-inflamat\u00f3rios esteroides podem<\/p>\n<p>agravar os efeitos gastrointestinais.<\/p>\n<p>\u2022 N\u00e3o administrar juntamente com antibi\u00f3ticos do grupo<\/p>\n<p>dos aminoglicos\u00eddios (Estreptomicina, Gentamicina,<\/p>\n<p>Kanamicina e Neomicina).<\/p>\n<p>\u2022 N\u00e3o administrar junto com anticoagulantes.<\/p>\n<p>O Meloxicam \u00e9 um anti-inflamat\u00f3rio n\u00e3o esteroide da fam\u00edlia<br \/>\ndos Oxicans e n\u00e3o possui ant\u00eddoto espec\u00edfico. No caso de<br \/>\nintoxica\u00e7\u00e3o e superdosagem sugere-se tratar sintomaticamente<br \/>\ne com suporte geral.<br \/>\nAnti-inflamat\u00f3rio n\u00e3o esteroide para c\u00e3es e gatos.<br \/>\nEfic\u00e1cia com a\u00e7\u00e3o prolongada,<br \/>\nsem complica\u00e7\u00f5es g\u00e1stricas.<br \/>\nApresenta\u00e7\u00e3o: Elo-xicam Injet\u00e1vel 0,2{bad89740ab836af8afd78adf22d5854117f226b234e4f8ee83a0ac8d28f68ffc} \u00e9 apresentado<br \/>\nsob a forma de solu\u00e7\u00e3o injet\u00e1vel, acondicionado em frasco<br \/>\nde 20 mL. Conservar \u00e0 temperatura ambiente (15 \u00baC a 30 \u00baC),<br \/>\nao abrigo da luz solar e fora do alcance de crian\u00e7as e animais<br \/>\ndom\u00e9sticos. Ap\u00f3s aberto utilizar o produto no prazo m\u00e1ximo<br \/>\nde 21 dias. Venda sob prescri\u00e7\u00e3o e aplica\u00e7\u00e3o sob orienta\u00e7\u00e3o<br \/>\ndo M\u00e9dico Veterin\u00e1rio. Licenciado provis\u00f3riamente no MAPA<br \/>\nsob o n\u00ba 6\/2017.<\/p>\n","protected":false},"excerpt":{"rendered":"<p>Elo-xicam Injet\u00e1vel 0,2{bad89740ab836af8afd78adf22d5854117f226b234e4f8ee83a0ac8d28f68ffc} ELO-XICAM INJET\u00c1VEL 0,2{bad89740ab836af8afd78adf22d5854117f226b234e4f8ee83a0ac8d28f68ffc} \u00e9 um potente anti-inflamat\u00f3rio, indicado em processos inflamat\u00f3rios dos c\u00e3es e gatos, nas patologias dolorosas agudas.<\/p>\n","protected":false},"featured_media":16427,"template":"","meta":{"_acf_changed":false},"product_brand":[959],"product_cat":[179],"product_tag":[1008],"class_list":{"0":"post-16426","1":"product","2":"type-product","3":"status-publish","4":"has-post-thumbnail","6":"product_brand-chemitec","7":"product_cat-anti-inflamatorio","8":"product_tag-chemitec","10":"first","11":"instock","12":"shipping-taxable","13":"purchasable","14":"product-type-simple"},"acf":[],"_links":{"self":[{"href":"https:\/\/vetsul.com\/index.php\/wp-json\/wp\/v2\/product\/16426","targetHints":{"allow":["GET"]}}],"collection":[{"href":"https:\/\/vetsul.com\/index.php\/wp-json\/wp\/v2\/product"}],"about":[{"href":"https:\/\/vetsul.com\/index.php\/wp-json\/wp\/v2\/types\/product"}],"wp:featuredmedia":[{"embeddable":true,"href":"https:\/\/vetsul.com\/index.php\/wp-json\/wp\/v2\/media\/16427"}],"wp:attachment":[{"href":"https:\/\/vetsul.com\/index.php\/wp-json\/wp\/v2\/media?parent=16426"}],"wp:term":[{"taxonomy":"product_brand","embeddable":true,"href":"https:\/\/vetsul.com\/index.php\/wp-json\/wp\/v2\/product_brand?post=16426"},{"taxonomy":"product_cat","embeddable":true,"href":"https:\/\/vetsul.com\/index.php\/wp-json\/wp\/v2\/product_cat?post=16426"},{"taxonomy":"product_tag","embeddable":true,"href":"https:\/\/vetsul.com\/index.php\/wp-json\/wp\/v2\/product_tag?post=16426"}],"curies":[{"name":"wp","href":"https:\/\/api.w.org\/{rel}","templated":true}]}}