{"id":16424,"date":"2018-01-03T16:43:08","date_gmt":"2018-01-03T18:43:08","guid":{"rendered":"http:\/\/35.194.95.18\/wp-admin\/?post_type=product&#038;p=16424"},"modified":"2025-04-04T09:34:04","modified_gmt":"2025-04-04T12:34:04","slug":"elo-xicam-comprimidos-2-mg","status":"publish","type":"product","link":"https:\/\/vetsul.com\/index.php\/product\/elo-xicam-comprimidos-2-mg\/","title":{"rendered":"Elo-xicam Comprimidos 2 mg"},"content":{"rendered":"<p>ELO-XICAM COMPRIMIDOS 2,0 mg \u00e9 um potente anti-inflamat\u00f3rio, indicado em processos inflamat\u00f3rios dos c\u00e3es e nas patologias dolorosas agudas.<\/p>\n<p>F\u00f3rmula:<\/p>\n<p>Cada comprimido de 200 mg cont\u00e9m:<\/p>\n<p>Meloxicam &#8230;&#8230;&#8230;&#8230;&#8230;&#8230;&#8230;&#8230;&#8230;&#8230;. 2,0 mg<\/p>\n<p>Excipiente q.s.p. &#8230;&#8230;&#8230;&#8230;&#8230;&#8230;.. 200 mg<\/p>\n","protected":false},"excerpt":{"rendered":"<p>ELO-XICAM COMPRIMIDOS 2,0 mg \u00e9 um potente anti-inflamat\u00f3rio, indicado em processos inflamat\u00f3rios dos c\u00e3es e nas patologias dolorosas agudas. F\u00f3rmula: Cada comprimido<\/p>\n","protected":false},"featured_media":16425,"template":"","meta":{"_acf_changed":false},"product_brand":[959],"product_cat":[179],"product_tag":[1008],"class_list":{"0":"post-16424","1":"product","2":"type-product","3":"status-publish","4":"has-post-thumbnail","6":"product_brand-chemitec","7":"product_cat-anti-inflamatorio","8":"product_tag-chemitec","10":"first","11":"instock","12":"shipping-taxable","13":"purchasable","14":"product-type-simple"},"acf":[],"_links":{"self":[{"href":"https:\/\/vetsul.com\/index.php\/wp-json\/wp\/v2\/product\/16424","targetHints":{"allow":["GET"]}}],"collection":[{"href":"https:\/\/vetsul.com\/index.php\/wp-json\/wp\/v2\/product"}],"about":[{"href":"https:\/\/vetsul.com\/index.php\/wp-json\/wp\/v2\/types\/product"}],"wp:featuredmedia":[{"embeddable":true,"href":"https:\/\/vetsul.com\/index.php\/wp-json\/wp\/v2\/media\/16425"}],"wp:attachment":[{"href":"https:\/\/vetsul.com\/index.php\/wp-json\/wp\/v2\/media?parent=16424"}],"wp:term":[{"taxonomy":"product_brand","embeddable":true,"href":"https:\/\/vetsul.com\/index.php\/wp-json\/wp\/v2\/product_brand?post=16424"},{"taxonomy":"product_cat","embeddable":true,"href":"https:\/\/vetsul.com\/index.php\/wp-json\/wp\/v2\/product_cat?post=16424"},{"taxonomy":"product_tag","embeddable":true,"href":"https:\/\/vetsul.com\/index.php\/wp-json\/wp\/v2\/product_tag?post=16424"}],"curies":[{"name":"wp","href":"https:\/\/api.w.org\/{rel}","templated":true}]}}