{"id":16416,"date":"2018-01-03T16:32:06","date_gmt":"2018-01-03T18:32:06","guid":{"rendered":"http:\/\/35.194.95.18\/wp-admin\/?post_type=product&#038;p=16416"},"modified":"2025-04-04T09:34:04","modified_gmt":"2025-04-04T12:34:04","slug":"eletrolitico-650grs","status":"publish","type":"product","link":"https:\/\/vetsul.com\/index.php\/product\/eletrolitico-650grs\/","title":{"rendered":"Eletrol\u00edtico 650grs"},"content":{"rendered":"<p>Repositor de eletr\u00f3litos<\/p>\n<p>INDICA\u00c7\u00c3O DO PRODUTO<\/p>\n<p>Para equinos, muares, asininos e su\u00ednos na suplementa\u00e7\u00e3o de eletr\u00f3litos perdidos principalmente durante os exerc\u00edcios f\u00edsicos. Para os equ\u00eddeos tamb\u00e9m est\u00e1 indicado no aux\u00edlio \u00e0 restaura\u00e7\u00e3o do equil\u00edbrio hidroeletrol\u00edtico, promovendo a recupera\u00e7\u00e3o ap\u00f3s o exerc\u00edcio, constituindo-se um refor\u00e7o energ\u00e9tico, essencial e de f\u00e1cil assimila\u00e7\u00e3o.<\/p>\n<p>N\u00cdVEIS DE GARANTIA POR KG DO PRODUTO<\/p>\n<p>POT\u00c1SSIO (M\u00cdN.)<span>\t<\/span>60,6 g<\/p>\n<p>CLORO (M\u00cdN.)<span>\t<\/span>325 g<\/p>\n<p>S\u00d3DIO (M\u00cdN.)<span>\t<\/span>167,3 g<\/p>\n<p>MALTODEXTRINA (M\u00cdN.)<span>\t<\/span>150 g<\/p>\n<p>C\u00c1LCIO (M\u00cdN.)<span>\t<\/span>4.750 mg<\/p>\n<p>&nbsp; &nbsp; &nbsp; &nbsp; &nbsp; &nbsp; &nbsp; &nbsp; (M\u00c1X.)<span>\t<\/span>5.250 mg<\/p>\n<p>MAGN\u00c9SIO (M\u00cdN.)<span>\t<\/span>10,8 g<\/p>\n<p>MODO DE USAR<\/p>\n<p>Equinos, Muares e Asininos adultos: 40 g dilu\u00eddos em 4 litros de \u00e1gua de bebida.<\/p>\n<p>Potros e P\u00f4neis: 10 g dilu\u00eddos em 1 litro de \u00e1gua de bebida.<\/p>\n<p>Su\u00ednos adultos: 10 g dilu\u00eddos em 1 litro de \u00e1gua de bebida.<\/p>\n<p>Leit\u00f5es: 2,5 g dilu\u00eddos em 250 mL de \u00e1gua de bebida.<\/p>\n<p>Administrar a dose recomendada 4 a 6 horas antes do exerc\u00edcio f\u00edsico. A mesma dosagem poder\u00e1 ser repetida durante e ap\u00f3s o exerc\u00edcio f\u00edsico.<\/p>\n<p>Caso o animal se recuse a beber:<\/p>\n<p>Equinos, Muares e Asininos adultos: a dose de 40 g poder\u00e1 ser dilu\u00edda em 100 mL de \u00e1gua e administrada em uma seringa por via oral.<\/p>\n<p>Potros, P\u00f4neis e Su\u00ednos adultos: a dose de 10 g poder\u00e1 ser dilu\u00edda em 25 mL de \u00e1gua e administrada em uma seringa por via oral.<\/p>\n<p>Leit\u00f5es: a dose de 2,5 g poder\u00e1 ser dilu\u00edda em 6 mL de \u00e1gua e administrada em uma seringa por via oral.<\/p>\n<p>Deixar \u00e1gua \u00e0 disposi\u00e7\u00e3o dos animais durante a utiliza\u00e7\u00e3o do Eletrol\u00edtico. O produto tamb\u00e9m pode ser administrado na ra\u00e7\u00e3o.<\/p>\n<p>APRESENTA\u00c7\u00c3O<\/p>\n<p>Pote de 650g com medida dosadora<\/p>\n","protected":false},"excerpt":{"rendered":"<p>Repositor de eletr\u00f3litos INDICA\u00c7\u00c3O DO PRODUTO Para equinos, muares, asininos e su\u00ednos na suplementa\u00e7\u00e3o de eletr\u00f3litos perdidos principalmente durante os exerc\u00edcios f\u00edsicos.<\/p>\n","protected":false},"featured_media":16417,"template":"","meta":{"_acf_changed":false},"product_brand":[954],"product_cat":[173,178],"product_tag":[991],"class_list":{"0":"post-16416","1":"product","2":"type-product","3":"status-publish","4":"has-post-thumbnail","6":"product_brand-vetnil","7":"product_cat-suplementos-e-vitaminas","8":"product_cat-suplementos-e-vitaminas-2","9":"product_tag-vetnil","11":"first","12":"instock","13":"purchasable","14":"product-type-simple"},"acf":[],"_links":{"self":[{"href":"https:\/\/vetsul.com\/index.php\/wp-json\/wp\/v2\/product\/16416","targetHints":{"allow":["GET"]}}],"collection":[{"href":"https:\/\/vetsul.com\/index.php\/wp-json\/wp\/v2\/product"}],"about":[{"href":"https:\/\/vetsul.com\/index.php\/wp-json\/wp\/v2\/types\/product"}],"wp:featuredmedia":[{"embeddable":true,"href":"https:\/\/vetsul.com\/index.php\/wp-json\/wp\/v2\/media\/16417"}],"wp:attachment":[{"href":"https:\/\/vetsul.com\/index.php\/wp-json\/wp\/v2\/media?parent=16416"}],"wp:term":[{"taxonomy":"product_brand","embeddable":true,"href":"https:\/\/vetsul.com\/index.php\/wp-json\/wp\/v2\/product_brand?post=16416"},{"taxonomy":"product_cat","embeddable":true,"href":"https:\/\/vetsul.com\/index.php\/wp-json\/wp\/v2\/product_cat?post=16416"},{"taxonomy":"product_tag","embeddable":true,"href":"https:\/\/vetsul.com\/index.php\/wp-json\/wp\/v2\/product_tag?post=16416"}],"curies":[{"name":"wp","href":"https:\/\/api.w.org\/{rel}","templated":true}]}}