{"id":16414,"date":"2018-01-03T16:28:27","date_gmt":"2018-01-03T18:28:27","guid":{"rendered":"http:\/\/35.194.95.18\/wp-admin\/?post_type=product&#038;p=16414"},"modified":"2025-02-07T16:00:11","modified_gmt":"2025-02-07T19:00:11","slug":"ekyflogyl-100-ml","status":"publish","type":"product","link":"https:\/\/vetsul.com\/index.php\/product\/ekyflogyl-100-ml\/","title":{"rendered":"Ekyflogyl 100 ml"},"content":{"rendered":"<p>PROPRIEDADES:<\/p>\n<p>EKYFLOGYL \u00e9 uma associa\u00e7\u00e3o de prednisolona com lidoca\u00edna em ve\u00edculo de alto poder de penetra\u00e7\u00e3o, DMSO (Dimetilsulf\u00f3xido), sendo indicado no tratamento externo das les\u00f5es inflamat\u00f3rias localizadas, atingindo rapidamente um efeito analg\u00e9sico e antiiflamat\u00f3rio. A prednisolona, cortic\u00f3ide de alta a\u00e7\u00e3o, superior \u00e0 cortisona; a lidoca\u00edna, um analg\u00e9sico com forte atividade anest\u00e9sica local, superior a proca\u00edna, fazem com que o medicamento possua efeito prolongado, promovendo perfeito al\u00edvio dos estados dolorosos, O DMSO, al\u00e9m de possuir a\u00e7\u00e3o antiinflamat\u00f3ria, analg\u00e9sica, anti-s\u00e9ptica e antif\u00fangica, tem como a\u00e7\u00e3o principal, um grande poder de penetra\u00e7\u00e3o pela pele logo ap\u00f3s a sua aplica\u00e7\u00e3o, podendo aumentar em at\u00e9 25 vezes a absor\u00e7\u00e3o cut\u00e2nea dos compostos associados a ele.<\/p>\n<p>INDICA\u00c7\u00d5ES:<\/p>\n<p>Estados inflamat\u00f3rios e dolorosos de todas as les\u00f5es externas, atuando principalmente nas inflama\u00e7\u00f5es m\u00fasculo-esquel\u00e9ticas, traum\u00e1ticas ou infecciosas. Atua tamb\u00e9m nas sinovites, oste\u00edtes, tumores moles ou duros, estiramentos, contus\u00f5es, reumatismos e nas artrites. Estados inflamat\u00f3rios do \u00fabere e tratamento externo auxiliar das mastites. Devido ao poder de penetra\u00e7\u00e3o do ve\u00edculo (Dimetilsulf\u00f3xido \u2013 DMSO), a prednisolona (antiflog\u00edstica) e a lidoca\u00edna (anestesia local) s\u00e3o facilmente absorvidas pela pele e rapidamente atingem o foco da les\u00e3o, atacando os fen\u00f4menos dolorosos, inflamat\u00f3rios e rea\u00e7\u00f5es locais.<\/p>\n<p>CADA 100ML CONT\u00c9M:<\/p>\n<p>Acetato de prednisolona &#8230;&#8230;&#8230;&#8230;&#8230;&#8230;&#8230;&#8230;..0,20g<\/p>\n<p>Cloridrato de lidoca\u00edna &#8230;&#8230;&#8230;&#8230;&#8230;&#8230;&#8230;&#8230;&#8230;..1,00g<\/p>\n<p>Dimetilsulf\u00f3xido (DMSO)&#8230;&#8230;&#8230;&#8230;&#8230;&#8230;&#8230;.88,00ml<\/p>\n<p>Ve\u00edculo q.s.p&#8230;&#8230;&#8230;&#8230;&#8230;&#8230;&#8230;&#8230;&#8230;&#8230;&#8230;&#8230;&#8230;.100,00 ml<\/p>\n<p>MODO DE USAR:<\/p>\n<p>EXCLUSIVAMENTE POR VIA EXTERNA.<\/p>\n<p>Aplicar usando luva de pl\u00e1stico ou pincel macio, uma camada n\u00e3o muito espessa de EKYFLOGYL sobre a parte afetada. Fazer duas aplica\u00e7\u00f5es di\u00e1rias.<\/p>\n<p>PRECAU\u00c7\u00d5ES:<\/p>\n<p>Deixar o animal em repouso at\u00e9 a recupera\u00e7\u00e3o da les\u00e3o.<\/p>\n<p>N\u00e3o usar liga\/bandagem ou cobrir o local da les\u00e3o.<\/p>\n<p>Evitar o contato do produto com os olhos e as mucosas.<\/p>\n<p>CONTRA-INDICA\u00c7\u00c3O:<\/p>\n<p>Deve-se evitar o uso de prepara\u00e7\u00f5es com corticoster\u00f3ides nos quadros infecciosos agudos, especialmente em curativos oclusivos, face suas a\u00e7\u00f5es imunossupressoras.<\/p>\n<p>Quando utilizados em quadros infeccionados n\u00e3o agudos , deve-se associar o tratamento a antibi\u00f3ticos bactericidas em detrimento dos bacteriost\u00e1ticos.<\/p>\n<p>Em geral os corticoster\u00f3ides s\u00e3o contra-indicados nas infec\u00e7\u00f5es virais e no final da prenhez, quando podem induzir o parto. O produto \u00e9 contra-indicado para felinos (gatos).<\/p>\n<p>O DMSO possui potencial teratog\u00eanico, n\u00e3o sendo recomendado seu uso nos 3 primeiros meses de prenhez.<\/p>\n<p>Conservar em local seco e fresco, ao abrigo da luz, fora do alcance de crian\u00e7as.<\/p>\n<p>Venda sob prescri\u00e7\u00e3o e aplica\u00e7\u00e3o sob orienta\u00e7\u00e3o do M\u00e9dico Veterin\u00e1rio.<\/p>\n<p>APRESENTA\u00c7\u00c3O:<\/p>\n<p>Frascos contendo 100 mL<\/p>\n","protected":false},"excerpt":{"rendered":"<p>PROPRIEDADES: EKYFLOGYL \u00e9 uma associa\u00e7\u00e3o de prednisolona com lidoca\u00edna em ve\u00edculo de alto poder de penetra\u00e7\u00e3o, DMSO (Dimetilsulf\u00f3xido), sendo indicado no tratamento<\/p>\n","protected":false},"featured_media":16415,"template":"","meta":{"_acf_changed":false},"product_brand":[966],"product_cat":[168,174],"product_tag":[1035],"class_list":{"0":"post-16414","1":"product","2":"type-product","3":"status-publish","4":"has-post-thumbnail","6":"product_brand-ceva","7":"product_cat-anti-inflamatorios","8":"product_cat-anti-inflamatorios-3","9":"product_tag-ceva","11":"first","12":"outofstock","13":"purchasable","14":"product-type-simple"},"acf":[],"_links":{"self":[{"href":"https:\/\/vetsul.com\/index.php\/wp-json\/wp\/v2\/product\/16414","targetHints":{"allow":["GET"]}}],"collection":[{"href":"https:\/\/vetsul.com\/index.php\/wp-json\/wp\/v2\/product"}],"about":[{"href":"https:\/\/vetsul.com\/index.php\/wp-json\/wp\/v2\/types\/product"}],"wp:featuredmedia":[{"embeddable":true,"href":"https:\/\/vetsul.com\/index.php\/wp-json\/wp\/v2\/media\/16415"}],"wp:attachment":[{"href":"https:\/\/vetsul.com\/index.php\/wp-json\/wp\/v2\/media?parent=16414"}],"wp:term":[{"taxonomy":"product_brand","embeddable":true,"href":"https:\/\/vetsul.com\/index.php\/wp-json\/wp\/v2\/product_brand?post=16414"},{"taxonomy":"product_cat","embeddable":true,"href":"https:\/\/vetsul.com\/index.php\/wp-json\/wp\/v2\/product_cat?post=16414"},{"taxonomy":"product_tag","embeddable":true,"href":"https:\/\/vetsul.com\/index.php\/wp-json\/wp\/v2\/product_tag?post=16414"}],"curies":[{"name":"wp","href":"https:\/\/api.w.org\/{rel}","templated":true}]}}