{"id":16412,"date":"2018-01-03T16:24:02","date_gmt":"2018-01-03T18:24:02","guid":{"rendered":"http:\/\/35.194.95.18\/wp-admin\/?post_type=product&#038;p=16412"},"modified":"2025-08-09T11:07:12","modified_gmt":"2025-08-09T14:07:12","slug":"e-c-p-cipionato-de-estradiol-10ml","status":"publish","type":"product","link":"https:\/\/vetsul.com\/index.php\/product\/e-c-p-cipionato-de-estradiol-10ml\/","title":{"rendered":"E.C.P. (CIPIONATO DE ESTRADIOL) &#8211; 10ml"},"content":{"rendered":"<p>E.C.P.\u00ae (Cipionato de Estradiol) tem um largo raio de a\u00e7\u00e3o na pr\u00e1tica veterin\u00e1ria, porquanto oferece todas as atividades funcionais das subst\u00e2ncias estr\u00f3genas naturais, com a vantagem de a\u00e7\u00e3o mais uniforme e profunda.<\/p>\n<p>F\u00f3rmula:<\/p>\n<p>Cada mL cont\u00e9m:<\/p>\n<p>Cipionato de Estradiol &#8230;&#8230;&#8230;&#8230;&#8230;&#8230;&#8230;&#8230;&#8230;&#8230;&#8230;&#8230;&#8230;&#8230;&#8230;&#8230;&#8230;&#8230;&#8230;&#8230;&#8230;&#8230;&#8230;&#8230;..2 mg<\/p>\n<p>Clorobutanol &#8230;&#8230;&#8230;&#8230;&#8230;&#8230;&#8230;&#8230;&#8230;&#8230;&#8230;&#8230;&#8230;&#8230;&#8230;&#8230;&#8230;&#8230;&#8230;&#8230;&#8230;&#8230;&#8230;&#8230;&#8230;&#8230;&#8230;&#8230;..5 mg<\/p>\n<p>\u00d3leo de caro\u00e7o de algod\u00e3o &#8230;.. q.s.p. &#8230;&#8230;&#8230;&#8230;&#8230;&#8230;&#8230;&#8230;&#8230;&#8230;&#8230;&#8230;&#8230;&#8230;&#8230;&#8230;&#8230;<span style=\"white-space:pre\">\t<\/span>1 mL<\/p>\n<p>Indica\u00e7\u00f5es:<\/p>\n<p>E.C.P.\u00ae (Cipionato de estradiol) \u00e9 indicado para corre\u00e7\u00e3o do anestro (aus\u00eancia de cio). Tratamento de gado leiteiro que reteve corpo l\u00fateo. Para expelir pus do \u00fatero na piometrite de vacas e cadelas. Tratamento da hipertrofia prost\u00e1tica em c\u00e3es, atrav\u00e9s da inibi\u00e7\u00e3o do horm\u00f4nio sexual e inativa\u00e7\u00e3o da gl\u00e2ndula prost\u00e1tica. Como terapia de reposi\u00e7\u00e3o em cadelas castradas, particularmente aquelas com incontin\u00eancia urin\u00e1ria. Para estimular a expuls\u00e3o uterina de placentas retidas e de fetos mumificados. Para tratamento da &#8220;falsa prenhez&#8221; nas cadelas. Preven\u00e7\u00e3o da implanta\u00e7\u00e3o do \u00f3vulo fertilizado na cadela erroneamente acasalada. Evid\u00eancias cl\u00ednicas indicam ter o E.C.P.\u00ae (Cipionato de estradiol) valor como tratamento paleativo para tumores anais benignos em c\u00e3es idosos e no tratamento de hidropsia amini\u00f3tica do gado.<\/p>\n<p>Dosagem:<\/p>\n<p>E.C.P.\u00ae (Cipionato de estradiol) Solu\u00e7\u00e3o Est\u00e9ril, 2 mg\/mL, &#8211; as doses m\u00e9dias recomendadas s\u00e3o como a seguir e poder\u00e3o ser repetidas, se necess\u00e1rio, em uma semana, a crit\u00e9rio do m\u00e9dico veterin\u00e1rio.<\/p>\n<p>Vacas<\/p>\n<p>Anestro &#8230;&#8230;&#8230;&#8230;&#8230;&#8230;&#8230;&#8230;&#8230;&#8230;&#8230;&#8230;&#8230;&#8230;&#8230;&#8230;&#8230;&#8230;&#8230;&#8230;&#8230;&#8230;&#8230;&#8230;&#8230;&#8230;1,5 mL a 2,5 mL<\/p>\n<p>Piometrite &#8230;&#8230;&#8230;&#8230;&#8230;&#8230;&#8230;&#8230;&#8230;&#8230;&#8230;&#8230;&#8230;&#8230;&#8230;&#8230;&#8230;&#8230;&#8230;&#8230;&#8230;&#8230;&#8230;&#8230;&#8230;&#8230;&#8230;&#8230;&#8230;&#8230;.5 mL<\/p>\n<p>Placenta retida &#8230;&#8230;&#8230;&#8230;&#8230;&#8230;&#8230;&#8230;&#8230;&#8230;&#8230;&#8230;&#8230;&#8230;&#8230;&#8230;&#8230;&#8230;&#8230;&#8230;&#8230;&#8230;&#8230;&#8230;&#8230;&#8230;&#8230;&#8230;.5 mL<\/p>\n<p>Corpo l\u00fateo persistente &#8230;&#8230;&#8230;&#8230;&#8230;&#8230;&#8230;&#8230;&#8230;&#8230;&#8230;&#8230;&#8230;&#8230;&#8230;&#8230;&#8230;&#8230;&#8230;&#8230;&#8230;&#8230;&#8230;&#8230;.2 mL<\/p>\n<p>Feto mumificado &#8230;&#8230;&#8230;&#8230;&#8230;&#8230;&#8230;&#8230;&#8230;&#8230;&#8230;&#8230;&#8230;&#8230;&#8230;&#8230;&#8230;&#8230;&#8230;&#8230;&#8230;&#8230;&#8230;&#8230;&#8230;&#8230;&#8230;..5 mL<\/p>\n<p>Hidro-amnios &#8230;&#8230;&#8230;&#8230;&#8230;&#8230;&#8230;&#8230;&#8230;&#8230;&#8230;&#8230;&#8230;&#8230;&#8230;&#8230;&#8230;&#8230;&#8230;&#8230;&#8230;&#8230;&#8230;&#8230;&#8230;&#8230;3 mL a 4 mL<\/p>\n<p>Novilhas:<\/p>\n<p>Anestro &#8230;&#8230;&#8230;&#8230;&#8230;&#8230;&#8230;&#8230;&#8230;&#8230;&#8230;&#8230;&#8230;&#8230;&#8230;&#8230;&#8230;&#8230;&#8230;&#8230;&#8230;&#8230;&#8230;&#8230;&#8230;&#8230;&#8230;&#8230;&#8230;&#8230;..1,5 mL<\/p>\n<p>\u00c9guas:<\/p>\n<p>Anestro &#8230;&#8230;&#8230;&#8230;&#8230;&#8230;&#8230;&#8230;&#8230;&#8230;&#8230;&#8230;&#8230;&#8230;&#8230;&#8230;&#8230;&#8230;&#8230;&#8230;&#8230;&#8230;&#8230;&#8230;&#8230;&#8230;&#8230;.2,5 mL a 5 mL<\/p>\n<p>Porcas:<\/p>\n<p>Anestro &#8230;&#8230;&#8230;&#8230;&#8230;&#8230;&#8230;&#8230;&#8230;&#8230;&#8230;&#8230;&#8230;&#8230;&#8230;&#8230;&#8230;&#8230;&#8230;&#8230;&#8230;&#8230;&#8230;&#8230;&#8230;&#8230;0,25 mL a 0,5 mL<\/p>\n<p>Ovelhas:<\/p>\n<p>Anestro &#8230;&#8230;&#8230;&#8230;&#8230;&#8230;&#8230;&#8230;&#8230;&#8230;&#8230;&#8230;&#8230;&#8230;&#8230;&#8230;&#8230;&#8230;&#8230;&#8230;&#8230;&#8230;&#8230;&#8230;&#8230;&#8230;0,25 mL a 0,5 mL<\/p>\n<p>Cadelas:<\/p>\n<p>Anestro &#8230;&#8230;&#8230;&#8230;&#8230;&#8230;&#8230;&#8230;&#8230;&#8230;&#8230;&#8230;&#8230;&#8230;&#8230;&#8230;&#8230;&#8230;&#8230;&#8230;&#8230;&#8230;&#8230;&#8230;&#8230;&#8230;0,25 mL a 0,5 mL<\/p>\n<p>Incontin\u00eancia urin\u00e1ria &#8230;&#8230;&#8230;&#8230;&#8230;&#8230;&#8230;&#8230;&#8230;&#8230;&#8230;&#8230;&#8230;&#8230;&#8230;&#8230;&#8230;&#8230;&#8230;&#8230;0,25 mL a 0,5 mL<\/p>\n<p>Falsa gravidez &#8230;&#8230;&#8230;&#8230;&#8230;&#8230;&#8230;&#8230;&#8230;&#8230;&#8230;&#8230;&#8230;&#8230;&#8230;&#8230;&#8230;&#8230;&#8230;&#8230;&#8230;&#8230;&#8230;..0,25 mL a 0,5 mL<\/p>\n<p>Piometrite &#8230;&#8230;&#8230;&#8230;&#8230;&#8230;&#8230;&#8230;&#8230;&#8230;&#8230;&#8230;&#8230;&#8230;&#8230;&#8230;&#8230;&#8230;&#8230;&#8230;&#8230;&#8230;&#8230;&#8230;&#8230;&#8230;..0,5 mL a 1 mL<\/p>\n<p>Acasalamento err\u00f4neo &#8230;&#8230;&#8230;&#8230;&#8230;&#8230;&#8230;&#8230;&#8230;&#8230;&#8230;&#8230;&#8230;&#8230;&#8230;&#8230;&#8230;&#8230;&#8230;..0,25 mL a 2,5 mL<\/p>\n<p>C\u00e3es de ra\u00e7a:<\/p>\n<p>Hipertofia prost\u00e1tica &#8230;&#8230;&#8230;&#8230;&#8230;&#8230;&#8230;&#8230;&#8230;&#8230;&#8230;&#8230;&#8230;&#8230;&#8230;&#8230;&#8230;&#8230;&#8230;&#8230;&#8230;&#8230;0,5 mL a 1 mL<\/p>\n<p>Adenoma anal &#8230;&#8230;&#8230;&#8230;&#8230;&#8230;&#8230;&#8230;&#8230;&#8230;&#8230;&#8230;&#8230;&#8230;&#8230;&#8230;&#8230;&#8230;&#8230;&#8230;&#8230;&#8230;&#8230;&#8230;..0,5 mL a 1 mL<\/p>\n<p>Gatos:<\/p>\n<p>Anestro &#8230;&#8230;&#8230;&#8230;&#8230;&#8230;&#8230;&#8230;&#8230;&#8230;&#8230;&#8230;&#8230;&#8230;&#8230;&#8230;&#8230;&#8230;&#8230;&#8230;&#8230;&#8230;&#8230;&#8230;&#8230;0,125 mL a 0,25 mL<\/p>\n<p>Chinchilas:<\/p>\n<p>Anestro &#8230;&#8230;&#8230;&#8230;&#8230;&#8230;&#8230;&#8230;&#8230;&#8230;&#8230;&#8230;&#8230;&#8230;&#8230;&#8230;&#8230;&#8230;&#8230;&#8230;&#8230;&#8230;&#8230;&#8230;&#8230;&#8230;&#8230;&#8230;&#8230;&#8230;&#8230;0,1 mL<\/p>\n<p>Administra\u00e7\u00e3o:<\/p>\n<p>E.C.P.\u00ae (Cipionato de estradiol) \u00e9 administrado unicamente por via intramuscular.<\/p>\n<p>Precau\u00e7\u00f5es:<\/p>\n<p>&#8211; Quando empregado em cadelas acasaladas erroneamente, a inje\u00e7\u00e3o dever\u00e1 ser aplicada t\u00e3o logo quanto poss\u00edvel ap\u00f3s o acasalamento. Depois da implanta\u00e7\u00e3o do \u00f3vulo fertilizado, o regime torna-se ineficaz.<\/p>\n<p>&#8211; Nos casos em que o cio \u00e9 prolongado atrav\u00e9s do uso de estr\u00f3genos, uma prepara\u00e7\u00e3o antiestrutural, tal como a Solu\u00e7\u00e3o Est\u00e9ril de Progesterona, poder\u00e1 ser empregada.<\/p>\n<p>&#8211; N\u00e3o empregue dosagem excessiva. Estro prolongado, desenvolvimento precoce, irrita\u00e7\u00e3o genital e redu\u00e7\u00e3o de leite s\u00e3o fen\u00f4menos decorrentes de dosagem excessiva, assim sendo, a dose dever\u00e1 ser reduzida de acordo.<\/p>\n<p>&#8211; Devido ao fato de ser imposs\u00edvel determinar exatamente se ou quando a ovula\u00e7\u00e3o pode ocorrer nas f\u00eameas sob terapia, durante um per\u00edodo induzido de cio ou nos per\u00edodos subseq\u00fcentes, pode ser \u00fatil que a f\u00eamea seja acasalada repetidamente durante os per\u00edodos de cio induzido, a fim de influenciar a possibilidade de concep\u00e7\u00e3o.<\/p>\n<p>Apresenta\u00e7\u00e3o:<\/p>\n<p>Frasco ampola contendo 10 mL.<\/p>\n<p>Classe Terap\u00eautica:<\/p>\n<p>HORM\u00d4NIOS\/SIMILARES<\/p>\n<p>Princ\u00edpio(s) Ativo(s):<\/p>\n<p>ESTRADIOL<\/p>\n<p>Registro no Minist\u00e9rio da Agricultura, Pecu\u00e1ria e Abastecimento:<\/p>\n<p>205 em 18\/09\/72<\/p>\n<p>Respons\u00e1vel T\u00e9cnico:<\/p>\n<p>Elvira Aparecida Centeio &#8211; CRMV: CRF-SP n\u00ba 11.142<\/p>\n<div><\/div>\n","protected":false},"excerpt":{"rendered":"<p>E.C.P.\u00ae (Cipionato de Estradiol) tem um largo raio de a\u00e7\u00e3o na pr\u00e1tica veterin\u00e1ria, porquanto oferece todas as atividades funcionais das subst\u00e2ncias estr\u00f3genas<\/p>\n","protected":false},"featured_media":16413,"template":"","meta":{"_acf_changed":false},"product_brand":[970],"product_cat":[165,172,177],"product_tag":[822],"class_list":{"0":"post-16412","1":"product","2":"type-product","3":"status-publish","4":"has-post-thumbnail","6":"product_brand-zoetis","7":"product_cat-pet","8":"product_cat-reproducao","9":"product_cat-reproducao-2","10":"product_tag-zoetis","12":"first","13":"instock","14":"purchasable","15":"product-type-simple"},"acf":[],"_links":{"self":[{"href":"https:\/\/vetsul.com\/index.php\/wp-json\/wp\/v2\/product\/16412","targetHints":{"allow":["GET"]}}],"collection":[{"href":"https:\/\/vetsul.com\/index.php\/wp-json\/wp\/v2\/product"}],"about":[{"href":"https:\/\/vetsul.com\/index.php\/wp-json\/wp\/v2\/types\/product"}],"wp:featuredmedia":[{"embeddable":true,"href":"https:\/\/vetsul.com\/index.php\/wp-json\/wp\/v2\/media\/16413"}],"wp:attachment":[{"href":"https:\/\/vetsul.com\/index.php\/wp-json\/wp\/v2\/media?parent=16412"}],"wp:term":[{"taxonomy":"product_brand","embeddable":true,"href":"https:\/\/vetsul.com\/index.php\/wp-json\/wp\/v2\/product_brand?post=16412"},{"taxonomy":"product_cat","embeddable":true,"href":"https:\/\/vetsul.com\/index.php\/wp-json\/wp\/v2\/product_cat?post=16412"},{"taxonomy":"product_tag","embeddable":true,"href":"https:\/\/vetsul.com\/index.php\/wp-json\/wp\/v2\/product_tag?post=16412"}],"curies":[{"name":"wp","href":"https:\/\/api.w.org\/{rel}","templated":true}]}}