{"id":16410,"date":"2018-01-03T16:14:35","date_gmt":"2018-01-03T18:14:35","guid":{"rendered":"http:\/\/35.194.95.18\/wp-admin\/?post_type=product&#038;p=16410"},"modified":"2026-04-24T14:22:45","modified_gmt":"2026-04-24T17:22:45","slug":"borgal-50ml","status":"publish","type":"product","link":"https:\/\/vetsul.com\/index.php\/product\/borgal-50ml\/","title":{"rendered":"Borgal 50ml"},"content":{"rendered":"<p>F\u00f3rmula:<\/p>\n<p>Cada 100 ml cont\u00e9m:<\/p>\n<p>Sulfadoxina &#8230;&#8230;&#8230;&#8230;&#8230;&#8230;&#8230;&#8230;&#8230;&#8230;&#8230;&#8230;&#8230;&#8230;20,00 g<\/p>\n<p>Trimetoprima &#8230;&#8230;&#8230;&#8230;&#8230;&#8230;&#8230;&#8230;&#8230;&#8230;&#8230;&#8230;&#8230;&#8230;4,00 g<\/p>\n<p>Ve\u00edculo q.s.p. &#8230;&#8230;&#8230;&#8230;&#8230;&#8230;&#8230;&#8230;&#8230;&#8230;&#8230;&#8230;.100,00 ml<\/p>\n<p>Indica\u00e7\u00f5es:<\/p>\n<p>Doen\u00e7as infecciosas bacterianas prim\u00e1rias e infec\u00e7\u00f5es bacterianas secund\u00e1rias no decurso de doen\u00e7as provocadas por v\u00edrus em bovinos, equinos, su\u00ednos, ovinos e c\u00e3es, tais como:<\/p>\n<p>BOVINOS<\/p>\n<p>Pneumonia e Infec\u00e7\u00f5es respirat\u00f3rias (Staphylococcus aureus, Streptococcus spp, Pasteurella multocida, Haemophilus spp); Enterites (Escherichia coli, Salmonella spp);Actinobacilose (Actinobacillus spp); Listeriose (Listeria spp); Nefrites, Abcessos, Piodermites, Cistites (Streptococcus spp, Staphylococcus spp, Corynebacterium spp, Klebsiella spp, Proteus mirabilis); Mastites (Enterobacter aerogenes, Streptococcus spp, Staphylococcus aureus, Corynebacterium pyogenes); Onfaloflebite (Streptococcus spp, Staphylococcus spp); Pododermatite (Fusobacterium necrophorum, Staphylococcus aureus e Streptococcus spp).<\/p>\n<p>EQUINOS<\/p>\n<p>Pneumonia e Infec\u00e7\u00f5es respirat\u00f3rias (Staphylococcus aureus, Streptococcus spp, Pasteurella multocida, Haemophilus spp); Enterites (Escherichia coli, Salmonella spp);Nefrites, Abcessos, Piodermites, Cistites (Streptococcus spp, Staphylococcus spp, Corynebacterium spp, Klebsiella spp, Proteus mirabilis); Mastites (Enterobacter aerogenes, Streptococcus spp, Staphylococcus aureus, Corynebacterium pyogenes); Onfaloflebite (Streptococcus spp, Staphylococcus spp).<\/p>\n<p>SU\u00cdNOS<\/p>\n<p>Enterites (Escherichia coli, Salmonella spp); Broncopneumonia (Staphylococcus aureus, Streptococcus spp, Klebsiella spp); Poliartrite Infecciosa (Haemophilus parasuis);Erisipela (Erysipelotrix rusiopathiae); Rinite atr\u00f3fica (Bordetella bronchiseptica); S\u00edndrome MMA (Staphylococcus spp, Streptococcus spp, Corynebacterium spp); Nefrites, Metrites, Cistites, Abcessos (Staphylococcus spp, Streptococcus spp, Corynebacterium pyogenes); Pododermatite; (Fusobacterium necrophorum, Staphylococcus aureus e Streptococcus spp).<\/p>\n<p>OVINOS \/ CAPRINOS<\/p>\n<p>Broncopneumonia (Staphylococcus aureus, Streptococcus spp, Klebsiella spp); Enterites (Shigella spp, Escherichia coli, Salmonella spp); Pneumonia (Pasteurella multocida, Haemophilus spp); Actinobacilose (Actinobacillus spp); Nefrites, Cistites, Mastites, Abcessos, Piodermites, (Streptococcus spp, Staphylococcus spp, Corynebacterium pyogenes, Pseudomonas spp, Proteus spp); Foot-Root (Fusobacterium necrophorum).<\/p>\n<p>C\u00c3ES<\/p>\n<p>Enterites (E. coli, Salmonella spp); Pneumonia (Pasteurella sp, Klebsiela spp); Metrite (Klebsiela spp, Staphylococcus spp, Streptococcus spp); Artrite (E. Coli, Salmonella spp);Feridas infecciosas (Staphylococcus sp, Streptococcus spp, E. coli) na preven\u00e7\u00e3o das infec\u00e7\u00f5es p\u00f3s-cir\u00fargicas e p\u00f3s-parto.<\/p>\n<p>AVES<\/p>\n<p>Borgal\u00ae \u00e9 indicado na profilaxia e tratamento curativo das infec\u00e7\u00f5es bacterianas por germes Gram-positivos e Gram-negativos sens\u00edveis ao espectro da Sulfadoxina\/Trimetoprima: Colibacilose, C\u00f3lera Avi\u00e1ria (Pasteurelose), Tifo Avi\u00e1rio (Salmonella gallinarum), Pulorose (Salmonella pullorum).<\/p>\n<p>Para prevenir as infec\u00e7\u00f5es secund\u00e1rias por v\u00edrus. No tratamento auxiliar das complica\u00e7\u00f5es da Doen\u00e7a Cr\u00f4nica Respirat\u00f3ria \u2013 DCR (Mycoplasma spp). No tratamento da Coriza Infecciosa (Haemophilus gallinarum) e suas complica\u00e7\u00f5es.<\/p>\n<p>Dosagem:<\/p>\n<p>A dose de refer\u00eancia para todos os animais \u00e9 de 10-15 mg\/kg de peso, em rela\u00e7\u00e3o ao teor do princ\u00edpio ativo de BORGAL\u00ae.<\/p>\n<p style=\"margin-bottom: 15px; padding: 0px; border: 0px; outline: none; list-style: none; color: rgb(83, 83, 83); font-size: 12px; font-family: Roboto, sans-serif; text-align: justify;\"><strong style=\"margin: 0px; padding: 0px; border: 0px; outline: none; list-style: none;\">Injet\u00e1vel<\/strong><\/p>\n<table border=\"0\" cellpadding=\"0\" cellspacing=\"0\" style=\"margin: 0px; padding: 0px; border: 0px; outline: none; list-style: none; color: rgb(93, 93, 93); font-family: Roboto, sans-serif; font-size: 12px; text-align: justify;\">\n<tbody style=\"margin: 0px; padding: 0px; border: 0px; outline: none; list-style: none;\">\n<tr style=\"margin: 0px; padding: 0px; border: 0px; outline: none; list-style: none;\">\n<td style=\"margin: 0px; border: 0px; outline: none; list-style: none;\">\n<p style=\"margin-bottom: 15px; padding: 0px; border: 0px; outline: none; list-style: none; color: rgb(83, 83, 83); font-size: 12px;\"><strong style=\"margin: 0px; padding: 0px; border: 0px; outline: none; list-style: none;\">Esp\u00e9cie<\/strong><\/p>\n<\/td>\n<td style=\"margin: 0px; border: 0px; outline: none; list-style: none;\">\n<p style=\"margin-bottom: 15px; padding: 0px; border: 0px; outline: none; list-style: none; color: rgb(83, 83, 83); font-size: 12px;\"><strong style=\"margin: 0px; padding: 0px; border: 0px; outline: none; list-style: none;\">Dosagem (mL)<\/strong><\/p>\n<\/td>\n<td style=\"margin: 0px; border: 0px; outline: none; list-style: none;\">\n<p style=\"margin-bottom: 15px; padding: 0px; border: 0px; outline: none; list-style: none; color: rgb(83, 83, 83); font-size: 12px;\"><strong style=\"margin: 0px; padding: 0px; border: 0px; outline: none; list-style: none;\">N\u00b0 de Doses<\/strong><\/p>\n<\/td>\n<\/tr>\n<tr style=\"margin: 0px; padding: 0px; border: 0px; outline: none; list-style: none;\">\n<td style=\"margin: 0px; border: 0px; outline: none; list-style: none;\">\n<p style=\"margin-bottom: 15px; padding: 0px; border: 0px; outline: none; list-style: none; color: rgb(83, 83, 83); font-size: 12px;\">Bovinos e eq\u00fcinos adultos<\/p>\n<\/td>\n<td style=\"margin: 0px; border: 0px; outline: none; list-style: none;\">\n<p style=\"margin-bottom: 15px; padding: 0px; border: 0px; outline: none; list-style: none; color: rgb(83, 83, 83); font-size: 12px;\">20-30&nbsp;mL<\/p>\n<\/td>\n<td style=\"margin: 0px; border: 0px; outline: none; list-style: none;\">\n<p style=\"margin-bottom: 15px; padding: 0px; border: 0px; outline: none; list-style: none; color: rgb(83, 83, 83); font-size: 12px;\">\u00daNICA<\/p>\n<\/td>\n<\/tr>\n<tr style=\"margin: 0px; padding: 0px; border: 0px; outline: none; list-style: none;\">\n<td style=\"margin: 0px; border: 0px; outline: none; list-style: none;\">\n<p style=\"margin-bottom: 15px; padding: 0px; border: 0px; outline: none; list-style: none; color: rgb(83, 83, 83); font-size: 12px;\">Bovinos, bezerros&nbsp;e potros<\/p>\n<\/td>\n<td style=\"margin: 0px; border: 0px; outline: none; list-style: none;\">\n<p style=\"margin-bottom: 15px; padding: 0px; border: 0px; outline: none; list-style: none; color: rgb(83, 83, 83); font-size: 12px;\">&nbsp;&nbsp;5-15&nbsp;mL<\/p>\n<\/td>\n<td style=\"margin: 0px; border: 0px; outline: none; list-style: none;\">\n<p style=\"margin-bottom: 15px; padding: 0px; border: 0px; outline: none; list-style: none; color: rgb(83, 83, 83); font-size: 12px;\">\u00daNICA<\/p>\n<\/td>\n<\/tr>\n<tr style=\"margin: 0px; padding: 0px; border: 0px; outline: none; list-style: none;\">\n<td style=\"margin: 0px; border: 0px; outline: none; list-style: none;\">\n<p style=\"margin-bottom: 15px; padding: 0px; border: 0px; outline: none; list-style: none; color: rgb(83, 83, 83); font-size: 12px;\">Vitelas<\/p>\n<\/td>\n<td style=\"margin: 0px; border: 0px; outline: none; list-style: none;\">\n<p style=\"margin-bottom: 15px; padding: 0px; border: 0px; outline: none; list-style: none; color: rgb(83, 83, 83); font-size: 12px;\">&nbsp;&nbsp;&nbsp;&nbsp;3-5&nbsp;mL<\/p>\n<\/td>\n<td style=\"margin: 0px; border: 0px; outline: none; list-style: none;\">\n<p style=\"margin-bottom: 15px; padding: 0px; border: 0px; outline: none; list-style: none; color: rgb(83, 83, 83); font-size: 12px;\">\u00daNICA<\/p>\n<\/td>\n<\/tr>\n<tr style=\"margin: 0px; padding: 0px; border: 0px; outline: none; list-style: none;\">\n<td style=\"margin: 0px; border: 0px; outline: none; list-style: none;\">\n<p style=\"margin-bottom: 15px; padding: 0px; border: 0px; outline: none; list-style: none; color: rgb(83, 83, 83); font-size: 12px;\">Porcas<\/p>\n<\/td>\n<td style=\"margin: 0px; border: 0px; outline: none; list-style: none;\">\n<p style=\"margin-bottom: 15px; padding: 0px; border: 0px; outline: none; list-style: none; color: rgb(83, 83, 83); font-size: 12px;\">&nbsp;&nbsp;8-12&nbsp;mL<\/p>\n<\/td>\n<td style=\"margin: 0px; border: 0px; outline: none; list-style: none;\">\n<p style=\"margin-bottom: 15px; padding: 0px; border: 0px; outline: none; list-style: none; color: rgb(83, 83, 83); font-size: 12px;\">\u00daNICA<\/p>\n<\/td>\n<\/tr>\n<tr style=\"margin: 0px; padding: 0px; border: 0px; outline: none; list-style: none;\">\n<td style=\"margin: 0px; border: 0px; outline: none; list-style: none;\">\n<p style=\"margin-bottom: 15px; padding: 0px; border: 0px; outline: none; list-style: none; color: rgb(83, 83, 83); font-size: 12px;\">Su\u00ednos de engorda<\/p>\n<\/td>\n<td style=\"margin: 0px; border: 0px; outline: none; list-style: none;\">\n<p style=\"margin-bottom: 15px; padding: 0px; border: 0px; outline: none; list-style: none; color: rgb(83, 83, 83); font-size: 12px;\">&nbsp;&nbsp;&nbsp;&nbsp;5-8&nbsp;mL<\/p>\n<\/td>\n<td style=\"margin: 0px; border: 0px; outline: none; list-style: none;\">\n<p style=\"margin-bottom: 15px; padding: 0px; border: 0px; outline: none; list-style: none; color: rgb(83, 83, 83); font-size: 12px;\">\u00daNICA<\/p>\n<\/td>\n<\/tr>\n<tr style=\"margin: 0px; padding: 0px; border: 0px; outline: none; list-style: none;\">\n<td style=\"margin: 0px; border: 0px; outline: none; list-style: none;\">\n<p style=\"margin-bottom: 15px; padding: 0px; border: 0px; outline: none; list-style: none; color: rgb(83, 83, 83); font-size: 12px;\">Leit\u00f5es<\/p>\n<\/td>\n<td style=\"margin: 0px; border: 0px; outline: none; list-style: none;\">\n<p style=\"margin-bottom: 15px; padding: 0px; border: 0px; outline: none; list-style: none; color: rgb(83, 83, 83); font-size: 12px;\">&nbsp;&nbsp;&nbsp;&nbsp;1-2&nbsp;mL<\/p>\n<\/td>\n<td style=\"margin: 0px; border: 0px; outline: none; list-style: none;\">\n<p style=\"margin-bottom: 15px; padding: 0px; border: 0px; outline: none; list-style: none; color: rgb(83, 83, 83); font-size: 12px;\">\u00daNICA<\/p>\n<\/td>\n<\/tr>\n<tr style=\"margin: 0px; padding: 0px; border: 0px; outline: none; list-style: none;\">\n<td style=\"margin: 0px; border: 0px; outline: none; list-style: none;\">\n<p style=\"margin-bottom: 15px; padding: 0px; border: 0px; outline: none; list-style: none; color: rgb(83, 83, 83); font-size: 12px;\">Ovinos adultos<\/p>\n<\/td>\n<td style=\"margin: 0px; border: 0px; outline: none; list-style: none;\">\n<p style=\"margin-bottom: 15px; padding: 0px; border: 0px; outline: none; list-style: none; color: rgb(83, 83, 83); font-size: 12px;\">&nbsp;&nbsp;&nbsp;&nbsp;3-5&nbsp;mL<\/p>\n<\/td>\n<td style=\"margin: 0px; border: 0px; outline: none; list-style: none;\">\n<p style=\"margin-bottom: 15px; padding: 0px; border: 0px; outline: none; list-style: none; color: rgb(83, 83, 83); font-size: 12px;\">\u00daNICA<\/p>\n<\/td>\n<\/tr>\n<tr style=\"margin: 0px; padding: 0px; border: 0px; outline: none; list-style: none;\">\n<td style=\"margin: 0px; border: 0px; outline: none; list-style: none;\">\n<p style=\"margin-bottom: 15px; padding: 0px; border: 0px; outline: none; list-style: none; color: rgb(83, 83, 83); font-size: 12px;\">Cordeiros<\/p>\n<\/td>\n<td style=\"margin: 0px; border: 0px; outline: none; list-style: none;\">\n<p style=\"margin-bottom: 15px; padding: 0px; border: 0px; outline: none; list-style: none; color: rgb(83, 83, 83); font-size: 12px;\">&nbsp;&nbsp;0,5-1&nbsp;mL<\/p>\n<\/td>\n<td style=\"margin: 0px; border: 0px; outline: none; list-style: none;\">\n<p style=\"margin-bottom: 15px; padding: 0px; border: 0px; outline: none; list-style: none; color: rgb(83, 83, 83); font-size: 12px;\">\u00daNICA<\/p>\n<\/td>\n<\/tr>\n<tr style=\"margin: 0px; padding: 0px; border: 0px; outline: none; list-style: none;\">\n<td style=\"margin: 0px; border: 0px; outline: none; list-style: none;\">\n<p style=\"margin-bottom: 15px; padding: 0px; border: 0px; outline: none; list-style: none; color: rgb(83, 83, 83); font-size: 12px;\">Poedeiras comerciais<\/p>\n<p style=\"margin-bottom: 15px; padding: 0px; border: 0px; outline: none; list-style: none; color: rgb(83, 83, 83); font-size: 12px;\">e&nbsp;matrizes<\/p>\n<\/td>\n<td style=\"margin: 0px; border: 0px; outline: none; list-style: none;\">\n<p style=\"margin-bottom: 15px; padding: 0px; border: 0px; outline: none; list-style: none; color: rgb(83, 83, 83); font-size: 12px;\">0,1&nbsp;mL\/kg&nbsp;de peso<\/p>\n<\/td>\n<td style=\"margin: 0px; border: 0px; outline: none; list-style: none;\">\n<p style=\"margin-bottom: 15px; padding: 0px; border: 0px; outline: none; list-style: none; color: rgb(83, 83, 83); font-size: 12px;\">2&nbsp;doses com<\/p>\n<p style=\"margin-bottom: 15px; padding: 0px; border: 0px; outline: none; list-style: none; color: rgb(83, 83, 83); font-size: 12px;\">intervalo&nbsp;de 24 horas<\/p>\n<\/td>\n<\/tr>\n<tr style=\"margin: 0px; padding: 0px; border: 0px; outline: none; list-style: none;\">\n<td style=\"margin: 0px; border: 0px; outline: none; list-style: none;\">\n<p style=\"margin-bottom: 15px; padding: 0px; border: 0px; outline: none; list-style: none; color: rgb(83, 83, 83); font-size: 12px;\">C\u00e3es<\/p>\n<\/td>\n<td style=\"margin: 0px; border: 0px; outline: none; list-style: none;\">\n<p style=\"margin-bottom: 15px; padding: 0px; border: 0px; outline: none; list-style: none; color: rgb(83, 83, 83); font-size: 12px;\">0,25 mL\/3,75 kg<\/p>\n<p style=\"margin-bottom: 15px; padding: 0px; border: 0px; outline: none; list-style: none; color: rgb(83, 83, 83); font-size: 12px;\">&nbsp;&nbsp;0,50 mL\/7,5 kg<\/p>\n<p style=\"margin-bottom: 15px; padding: 0px; border: 0px; outline: none; list-style: none; color: rgb(83, 83, 83); font-size: 12px;\">&nbsp;&nbsp;&nbsp;1,00 mL\/15 kg<\/p>\n<\/td>\n<td style=\"margin: 0px; border: 0px; outline: none; list-style: none;\">\n<p style=\"margin-bottom: 15px; padding: 0px; border: 0px; outline: none; list-style: none; color: rgb(83, 83, 83); font-size: 12px;\">\u00daNICA<\/p>\n<\/td>\n<\/tr>\n<\/tbody>\n<\/table>\n<p>\u00daNICA<\/p>\n<p>Administra\u00e7\u00e3o:<\/p>\n<p>Aplica\u00e7\u00e3o<\/p>\n<p>Bovinos \u2013 vias endovenosa, intramuscular e subcut\u00e2nea<\/p>\n<p>Equ\u00ednos \u2013 de prefer\u00eancia por via endovenosa, podendo ser usado tamb\u00e9m \u00e0 via intramuscular.<\/p>\n<p>Su\u00ednos: vias endovenosa, intramuscular, subcut\u00e2nea e oral<\/p>\n<p>Ovinos \u2013 vias endovenosa e intramuscular<\/p>\n<p>C\u00e3es \u2013 vias intramuscular, endovenosa e subcut\u00e2nea<\/p>\n<p>Aves \u2013 via intramuscular<\/p>\n<p>Precau\u00e7\u00f5es:<\/p>\n<p>Em casos espor\u00e1dicos, a solu\u00e7\u00e3o do produto conservada a baixas temperaturas pode apresentar pequenos cristais, facilmente elimin\u00e1veis mediante ligeiro aquecimento em banho-maria.<\/p>\n<p>Per\u00edodo de Car\u00eancia<\/p>\n<p>Carne &#8211; 5 dias&nbsp;<\/p>\n<p>Leite para consumo humano &#8211; 24 horas ou uma ordenha.<\/p>\n<p>Apresenta\u00e7\u00e3o:<\/p>\n<p>Frasco-ampola de vidro \u00e2mbar com 5,10 e 50 ml.<\/p>\n<p>Classe Terap\u00eautica:<\/p>\n<p>ANTIMICROBIANOS GERAIS; ANTIF\u00daNGICOS E ANTIPROTOZO\u00c1RIOS (COCCIDIOS, FLAGELADOS)<\/p>\n<p>Princ\u00edpio(s) Ativo(s):<\/p>\n<p>SULFADOXINA<\/p>\n<p>TRIMETOPRIMA<\/p>\n<p>Registro no Minist\u00e9rio da Agricultura, Pecu\u00e1ria e Abastecimento:<\/p>\n<p>7570\/00<\/p>\n<p>Respons\u00e1vel T\u00e9cnico:<\/p>\n<p>Roberto Muratovic &#8211; CRMV: 1613<\/p>\n<p><\/p>\n<p>&nbsp;<\/p>\n","protected":false},"excerpt":{"rendered":"<p>F\u00f3rmula: Cada 100 ml cont\u00e9m: Sulfadoxina &#8230;&#8230;&#8230;&#8230;&#8230;&#8230;&#8230;&#8230;&#8230;&#8230;&#8230;&#8230;&#8230;&#8230;20,00 g Trimetoprima &#8230;&#8230;&#8230;&#8230;&#8230;&#8230;&#8230;&#8230;&#8230;&#8230;&#8230;&#8230;&#8230;&#8230;4,00 g Ve\u00edculo q.s.p. &#8230;&#8230;&#8230;&#8230;&#8230;&#8230;&#8230;&#8230;&#8230;&#8230;&#8230;&#8230;.100,00 ml Indica\u00e7\u00f5es: Doen\u00e7as infecciosas bacterianas prim\u00e1rias e infec\u00e7\u00f5es<\/p>\n","protected":false},"featured_media":16411,"template":"","meta":{"_acf_changed":false},"product_brand":[961],"product_cat":[170,175,164,163,194],"product_tag":[996],"class_list":{"0":"post-16410","1":"product","2":"type-product","3":"status-publish","4":"has-post-thumbnail","6":"product_brand-msd","7":"product_cat-anti-microbianos","8":"product_cat-antimicrobianos-2","9":"product_cat-bovinos-e-ovinos","10":"product_cat-equinos","11":"product_cat-todos-os-produtos","12":"product_tag-msd","14":"first","15":"instock","16":"shipping-taxable","17":"purchasable","18":"product-type-simple"},"acf":[],"_links":{"self":[{"href":"https:\/\/vetsul.com\/index.php\/wp-json\/wp\/v2\/product\/16410","targetHints":{"allow":["GET"]}}],"collection":[{"href":"https:\/\/vetsul.com\/index.php\/wp-json\/wp\/v2\/product"}],"about":[{"href":"https:\/\/vetsul.com\/index.php\/wp-json\/wp\/v2\/types\/product"}],"wp:featuredmedia":[{"embeddable":true,"href":"https:\/\/vetsul.com\/index.php\/wp-json\/wp\/v2\/media\/16411"}],"wp:attachment":[{"href":"https:\/\/vetsul.com\/index.php\/wp-json\/wp\/v2\/media?parent=16410"}],"wp:term":[{"taxonomy":"product_brand","embeddable":true,"href":"https:\/\/vetsul.com\/index.php\/wp-json\/wp\/v2\/product_brand?post=16410"},{"taxonomy":"product_cat","embeddable":true,"href":"https:\/\/vetsul.com\/index.php\/wp-json\/wp\/v2\/product_cat?post=16410"},{"taxonomy":"product_tag","embeddable":true,"href":"https:\/\/vetsul.com\/index.php\/wp-json\/wp\/v2\/product_tag?post=16410"}],"curies":[{"name":"wp","href":"https:\/\/api.w.org\/{rel}","templated":true}]}}