{"id":16406,"date":"2018-01-03T16:07:06","date_gmt":"2018-01-03T18:07:06","guid":{"rendered":"http:\/\/35.194.95.18\/wp-admin\/?post_type=product&#038;p=16406"},"modified":"2025-02-07T16:00:11","modified_gmt":"2025-02-07T19:00:11","slug":"biozen-oral-250-ml","status":"publish","type":"product","link":"https:\/\/vetsul.com\/index.php\/product\/biozen-oral-250-ml\/","title":{"rendered":"BIOZEN ORAL 250 ML"},"content":{"rendered":"<p>COMPOSI\u00c7\u00c3O:<\/p>\n<p><\/p>\n<p>Albendazol: 10 g<\/p>\n<p>Ve\u00ed\u00adculo q.s.p.: 100mL<\/p>\n<p><\/p>\n<p>INDICA\u00c7AO:<\/p>\n<p>Anti-helm\u00edntico oral para Bovinos, Ovinos e Caprinos.<\/p>\n<p><\/p>\n<p>MODO DE USAR E DOSAGENS:<\/p>\n<p>Administrar por via oral (com aux\u00ed\u00adlio de pistola dosificadora), na dose de 5mL de BIOZEN para cada 100Kg de peso corp\u00f3reo (combate de nemat\u00f3deos gastrointestinais, pulmonares e cest\u00c3\u00b3deos), e 7,5mL de BIOZEN para cada&nbsp;<\/p>\n<p>100Kg de peso corp\u00f3reo (combate de Ostertagia tipo II, infesta\u00e7\u00f5es maci\u00e7as de nemat\u00f3deos gastrointestinais, pulmonares e cest\u00f3deos).<\/p>\n<p><\/p>\n<p>APRESENTA\u00c7OES:<\/p>\n<p>Embalagem contendo 12 frascos com 250ml cada &#8211; c\u00f3d. 027;<\/p>\n<p>Caixa Papel\u00e3o contendo 6 frascos com 1 L cada &#8211; c\u00f3d. 028;<\/p>\n<p>Gal\u00e3o unit\u00e1\u00a1rio contendo 5 L cada &#8211; c\u00f3d. 029.<\/p>\n","protected":false},"excerpt":{"rendered":"<p>COMPOSI\u00c7\u00c3O: Albendazol: 10 g Ve\u00ed\u00adculo q.s.p.: 100mL INDICA\u00c7AO: Anti-helm\u00edntico oral para Bovinos, Ovinos e Caprinos. MODO DE USAR E DOSAGENS: Administrar por<\/p>\n","protected":false},"featured_media":16407,"template":"","meta":{"_acf_changed":false},"product_brand":[958],"product_cat":[164,194,167],"product_tag":[993],"class_list":{"0":"post-16406","1":"product","2":"type-product","3":"status-publish","4":"has-post-thumbnail","6":"product_brand-biofarm","7":"product_cat-bovinos-e-ovinos","8":"product_cat-todos-os-produtos","9":"product_cat-vermifugos-e-carrapaticidas","10":"product_tag-biofarm","12":"first","13":"instock","14":"shipping-taxable","15":"purchasable","16":"product-type-simple"},"acf":[],"_links":{"self":[{"href":"https:\/\/vetsul.com\/index.php\/wp-json\/wp\/v2\/product\/16406","targetHints":{"allow":["GET"]}}],"collection":[{"href":"https:\/\/vetsul.com\/index.php\/wp-json\/wp\/v2\/product"}],"about":[{"href":"https:\/\/vetsul.com\/index.php\/wp-json\/wp\/v2\/types\/product"}],"wp:featuredmedia":[{"embeddable":true,"href":"https:\/\/vetsul.com\/index.php\/wp-json\/wp\/v2\/media\/16407"}],"wp:attachment":[{"href":"https:\/\/vetsul.com\/index.php\/wp-json\/wp\/v2\/media?parent=16406"}],"wp:term":[{"taxonomy":"product_brand","embeddable":true,"href":"https:\/\/vetsul.com\/index.php\/wp-json\/wp\/v2\/product_brand?post=16406"},{"taxonomy":"product_cat","embeddable":true,"href":"https:\/\/vetsul.com\/index.php\/wp-json\/wp\/v2\/product_cat?post=16406"},{"taxonomy":"product_tag","embeddable":true,"href":"https:\/\/vetsul.com\/index.php\/wp-json\/wp\/v2\/product_tag?post=16406"}],"curies":[{"name":"wp","href":"https:\/\/api.w.org\/{rel}","templated":true}]}}