{"id":16398,"date":"2018-01-03T15:51:37","date_gmt":"2018-01-03T17:51:37","guid":{"rendered":"http:\/\/35.194.95.18\/wp-admin\/?post_type=product&#038;p=16398"},"modified":"2025-02-07T16:22:40","modified_gmt":"2025-02-07T19:22:40","slug":"biotox-40ml","status":"publish","type":"product","link":"https:\/\/vetsul.com\/index.php\/product\/biotox-40ml\/","title":{"rendered":"Biotox 40ml"},"content":{"rendered":"<p>COMPOSI\u00c7\u00c3O:<\/p>\n<p>Amitraz: 12,5g<\/p>\n<p>Ve\u00edculo q.s.p. :100mL<\/p>\n<p>INDICA\u00c7\u00c3O:<\/p>\n<p>Carrapaticida, Sarnicida e Piolhicida pulveriza\u00e7\u00e3o para Bovinos, Ovinos, Caprinos, Su\u00ednos.<\/p>\n<p>MODO DE USAR E DOSAGENS:<\/p>\n<p>Uso externo atrav\u00e9s de pulveriza\u00e7\u00e3o ou banho de imers\u00e3o, utilizando as seguintes osagens:<\/p>\n<p>Bovinos e Caprinos: Diluir 40mL de BIOTOX em 20 litros de \u00e1gua;<\/p>\n<p>Ovinos: aplicar em banho de imers\u00e3o, na dilui\u00e7\u00e3o de 4 litros de BIOTOX para cada 1000 litros de \u00e1gua. Na recarga, usar 4 litros de BIOTOX para cada 500 litros de \u00e1gua;<\/p>\n<p>Su\u00ednos: Diluir 20mL de BIOTOX para cada 5 litros de \u00e1gua.<\/p>\n<p>Deixar os animais secar na sombra antes do contato direto com o sol.<\/p>\n","protected":false},"excerpt":{"rendered":"<p>COMPOSI\u00c7\u00c3O: Amitraz: 12,5g Ve\u00edculo q.s.p. :100mL INDICA\u00c7\u00c3O: Carrapaticida, Sarnicida e Piolhicida pulveriza\u00e7\u00e3o para Bovinos, Ovinos, Caprinos, Su\u00ednos. MODO DE USAR E DOSAGENS:<\/p>\n","protected":false},"featured_media":16399,"template":"","meta":{"_acf_changed":false},"product_brand":[958],"product_cat":[167],"product_tag":[993],"class_list":{"0":"post-16398","1":"product","2":"type-product","3":"status-publish","4":"has-post-thumbnail","6":"product_brand-biofarm","7":"product_cat-vermifugos-e-carrapaticidas","8":"product_tag-biofarm","10":"first","11":"outofstock","12":"purchasable","13":"product-type-simple"},"acf":[],"_links":{"self":[{"href":"https:\/\/vetsul.com\/index.php\/wp-json\/wp\/v2\/product\/16398","targetHints":{"allow":["GET"]}}],"collection":[{"href":"https:\/\/vetsul.com\/index.php\/wp-json\/wp\/v2\/product"}],"about":[{"href":"https:\/\/vetsul.com\/index.php\/wp-json\/wp\/v2\/types\/product"}],"wp:featuredmedia":[{"embeddable":true,"href":"https:\/\/vetsul.com\/index.php\/wp-json\/wp\/v2\/media\/16399"}],"wp:attachment":[{"href":"https:\/\/vetsul.com\/index.php\/wp-json\/wp\/v2\/media?parent=16398"}],"wp:term":[{"taxonomy":"product_brand","embeddable":true,"href":"https:\/\/vetsul.com\/index.php\/wp-json\/wp\/v2\/product_brand?post=16398"},{"taxonomy":"product_cat","embeddable":true,"href":"https:\/\/vetsul.com\/index.php\/wp-json\/wp\/v2\/product_cat?post=16398"},{"taxonomy":"product_tag","embeddable":true,"href":"https:\/\/vetsul.com\/index.php\/wp-json\/wp\/v2\/product_tag?post=16398"}],"curies":[{"name":"wp","href":"https:\/\/api.w.org\/{rel}","templated":true}]}}