{"id":16390,"date":"2018-01-03T15:35:50","date_gmt":"2018-01-03T17:35:50","guid":{"rendered":"http:\/\/35.194.95.18\/wp-admin\/?post_type=product&#038;p=16390"},"modified":"2025-04-03T16:12:41","modified_gmt":"2025-04-03T19:12:41","slug":"bionew-100ml","status":"publish","type":"product","link":"https:\/\/vetsul.com\/index.php\/product\/bionew-100ml\/","title":{"rendered":"Bionew  100ml"},"content":{"rendered":"<p>Associa\u00e7\u00e3o de Vitaminas do Complexo B, Nicotinamida,<\/p>\n<p>Amino\u00e1cidos, Frutose, Macro e Microminerais<\/p>\n<p>INDICA\u00c7\u00c3O DO PRODUTO<\/p>\n<p>Bionew \u00e9 um complexo de Vitaminas do complexo B, Nicotinamida, Frutose, Amino\u00e1cidos, Macro e Microminerais. \u00c9 indicado para grandes e pequenos animais nos casos de esgotamento f\u00edsico por excesso de exerc\u00edcios ou produ\u00e7\u00e3o, em quadros de intoxica\u00e7\u00f5es, anorexia, inapet\u00eancias, convalescen\u00e7as, anemias e estresse.<\/p>\n<p>Como coadjuvante no restabelecimento de doen\u00e7as infecciosas e parasit\u00e1rias. Devido \u00e0 presen\u00e7a do Sel\u00eanio, Pot\u00e1ssio, Vitamina B1 e Pantotenato de C\u00e1lcio, Bionew \u00e9 um excelente reparador muscular, sendo um importante auxiliar no tratamento de miosites, mioglobin\u00faria paral\u00edtica e outras miopatias.<\/p>\n<p>N\u00cdVEIS DE GARANTIA DO PRODUTO<\/p>\n<p>Cada 100 mL cont\u00e9m:<\/p>\n<p>Cloridrato de Tiamina (Vitamina B1)\u2026\u2026\u2026\u2026\u2026\u2026\u2026\u2026\u2026\u2026\u20261.000 mg<\/p>\n<p>Cloridrato de Piridoxina (Vitamina B6)\u2026\u2026\u2026\u2026\u2026\u2026\u2026\u2026\u2026\u2026\u2026500 mg<\/p>\n<p>Nicotinamida\u2026\u2026\u2026\u2026\u2026\u2026\u2026\u2026\u2026\u2026\u2026\u2026\u2026\u2026\u2026\u2026\u2026\u2026\u2026\u2026\u2026.2.000 mg<\/p>\n<p>Pantotenato de C\u00e1lcio (Vitamina B5)\u2026\u2026\u2026\u2026\u2026\u2026\u2026\u2026\u2026\u2026\u2026..400 mg<\/p>\n<p>Frutose\u2026\u2026\u2026\u2026\u2026\u2026\u2026\u2026\u2026\u2026\u2026\u2026\u2026\u2026\u2026\u2026\u2026\u2026\u2026\u2026\u2026\u2026\u2026\u2026\u2026..20 g<\/p>\n<p>Cloridrato de L-Arginina\u2026\u2026\u2026\u2026\u2026\u2026\u2026\u2026\u2026\u2026\u2026\u2026\u2026\u2026\u2026\u2026\u2026\u2026\u20262 g<\/p>\n<p>Acetil Metionina\u2026\u2026\u2026\u2026\u2026\u2026\u2026\u2026\u2026\u2026\u2026\u2026\u2026\u2026\u2026\u2026\u2026\u2026\u2026\u2026\u2026\u2026..2 g<\/p>\n<p>Aspartato de Pot\u00e1ssio\u2026\u2026\u2026\u2026\u2026\u2026\u2026\u2026\u2026\u2026\u2026\u2026\u2026\u2026\u2026\u2026\u20261.000 mg<\/p>\n<p>Aspartato de Magn\u00e9sio\u2026\u2026\u2026\u2026\u2026\u2026\u2026\u2026\u2026\u2026\u2026\u2026\u2026\u2026\u2026\u2026..1.000 mg<\/p>\n<p>Selenito de S\u00f3dio\u2026\u2026\u2026\u2026\u2026\u2026\u2026\u2026\u2026\u2026\u2026\u2026\u2026\u2026\u2026\u2026\u2026\u2026\u2026\u2026..45 mg<\/p>\n<p>Excipientes q.s.p\u2026\u2026\u2026\u2026\u2026\u2026\u2026\u2026\u2026\u2026\u2026\u2026\u2026\u2026\u2026\u2026\u2026\u2026\u2026\u2026..100 mL<\/p>\n<p>Cada Ampola cont\u00e9m:<\/p>\n<p>Vitamina B12\u2026\u2026\u2026\u2026\u2026\u2026\u2026\u2026\u2026\u2026\u2026\u2026\u2026\u2026\u2026\u2026\u2026\u2026\u20261.500 mcg\/mL<\/p>\n<p>MODO DE USAR<\/p>\n<p>Equinos, bovinos, caprinos, ovinos e su\u00ednos por via intramuscular ou intravenosa. Adicionar o conte\u00fado da ampola (Vitamina B12) ao frasco no momento do uso.<\/p>\n<p>Equinos Adultos: 5 mL para cada 100 kg de peso corporal, at\u00e9 a dose m\u00e1xima de 25 mL em inje\u00e7\u00f5es intramusculares ou intravenosas lentas, preferencialmente dilu\u00eddos em soro e sob supervis\u00e3o do M\u00e9dico Veterin\u00e1rio, com intervalo m\u00ednimo de 2 dias entre as aplica\u00e7\u00f5es. Em animais idosos (acima de 18 anos) deve-se realizar a aplica\u00e7\u00e3o somente por via intramuscular.<\/p>\n<p>Bovinos adultos: 20 mL em inje\u00e7\u00f5es intramusculares ou endovenosas a cada 24 horas, durante 3 \u2013 4 dias.<\/p>\n<p>Bezerros: 10 mL em inje\u00e7\u00f5es intramusculares, com intervalo de 3 \u2013 4 dias.<\/p>\n<p>Ovinos, Caprinos e Su\u00ednos: 2 mL em inje\u00e7\u00f5es intramusculares ou intravenosas lentas, a cada 24 horas, durante 3 \u2013 4 dias.<\/p>\n","protected":false},"excerpt":{"rendered":"<p>Associa\u00e7\u00e3o de Vitaminas do Complexo B, Nicotinamida, Amino\u00e1cidos, Frutose, Macro e Microminerais INDICA\u00c7\u00c3O DO PRODUTO Bionew \u00e9 um complexo de Vitaminas do<\/p>\n","protected":false},"featured_media":16391,"template":"","meta":{"_acf_changed":false},"product_brand":[954],"product_cat":[164,163,165,182,173,178,194],"product_tag":[991],"class_list":{"0":"post-16390","1":"product","2":"type-product","3":"status-publish","4":"has-post-thumbnail","6":"product_brand-vetnil","7":"product_cat-bovinos-e-ovinos","8":"product_cat-equinos","9":"product_cat-pet","10":"product_cat-suplementos-e-vitaminas-3","11":"product_cat-suplementos-e-vitaminas","12":"product_cat-suplementos-e-vitaminas-2","13":"product_cat-todos-os-produtos","14":"product_tag-vetnil","16":"first","17":"instock","18":"purchasable","19":"product-type-simple"},"acf":[],"_links":{"self":[{"href":"https:\/\/vetsul.com\/index.php\/wp-json\/wp\/v2\/product\/16390","targetHints":{"allow":["GET"]}}],"collection":[{"href":"https:\/\/vetsul.com\/index.php\/wp-json\/wp\/v2\/product"}],"about":[{"href":"https:\/\/vetsul.com\/index.php\/wp-json\/wp\/v2\/types\/product"}],"wp:featuredmedia":[{"embeddable":true,"href":"https:\/\/vetsul.com\/index.php\/wp-json\/wp\/v2\/media\/16391"}],"wp:attachment":[{"href":"https:\/\/vetsul.com\/index.php\/wp-json\/wp\/v2\/media?parent=16390"}],"wp:term":[{"taxonomy":"product_brand","embeddable":true,"href":"https:\/\/vetsul.com\/index.php\/wp-json\/wp\/v2\/product_brand?post=16390"},{"taxonomy":"product_cat","embeddable":true,"href":"https:\/\/vetsul.com\/index.php\/wp-json\/wp\/v2\/product_cat?post=16390"},{"taxonomy":"product_tag","embeddable":true,"href":"https:\/\/vetsul.com\/index.php\/wp-json\/wp\/v2\/product_tag?post=16390"}],"curies":[{"name":"wp","href":"https:\/\/api.w.org\/{rel}","templated":true}]}}