{"id":16386,"date":"2018-01-03T15:10:50","date_gmt":"2018-01-03T17:10:50","guid":{"rendered":"http:\/\/35.194.95.18\/wp-admin\/?post_type=product&#038;p=16386"},"modified":"2025-04-03T16:12:34","modified_gmt":"2025-04-03T19:12:34","slug":"biofor-01lt","status":"publish","type":"product","link":"https:\/\/vetsul.com\/index.php\/product\/biofor-01lt\/","title":{"rendered":"Biofor 01lt"},"content":{"rendered":"<p>F\u00f3rmula:<\/p>\n<p>Cada 100 mL cont\u00e9m:<\/p>\n<p>Concentrado de iodophor&#8230;&#8230;&#8230;&#8230;&#8230;&#8230;&#8230;&#8230;&#8230;&#8230;11,25 g*<\/p>\n<p>\u00c1cido fosf\u00f3rico&#8230;&#8230;&#8230;&#8230;&#8230;&#8230;&#8230;&#8230;&#8230;&#8230;&#8230;&#8230;&#8230;&#8230;&#8230;.15,00 g<\/p>\n<p>Ve\u00edculo q.s.p&#8230;&#8230;&#8230;&#8230;&#8230;&#8230;&#8230;&#8230;&#8230;&#8230;&#8230;&#8230;&#8230;&#8230;&#8230;&#8230;.100 mL<\/p>\n<p>* Cont\u00e9m 2,25{bad89740ab836af8afd78adf22d5854117f226b234e4f8ee83a0ac8d28f68ffc} de Iodo Utiliz\u00e1vel&nbsp;<\/p>\n<p>Indica\u00e7\u00f5es:<\/p>\n<p>Biofor\u00e9 um desinfetante \u00e0 base de Complexo de Iodophor, com 2,25{bad89740ab836af8afd78adf22d5854117f226b234e4f8ee83a0ac8d28f68ffc} de iodo livre. Biofor tem um amplo espectro de a\u00e7\u00e3o germicida, possuindo atividade bactericida contra Staphylococcus, Streptococcus, Salmonella cholerae e Typhimurium, Pseudomonas aeruginosa, Escherichia coli, Mycobacterium tuberculosis, Corynebacterium, Bacillus anthracis, Shigella, ap\u00f3s 30 segundos de contato com a superf\u00edcie.<\/p>\n<p>Biofor possui tamb\u00e9m atividade fungicida contra os fungos dos g\u00eaneros: Microsporum, Epidermophiton, Trichophyton, Aspergillus, Candida, Actinomyces e Penicillium; ap\u00f3s 30 segundos de contato com a superf\u00edcie, atividade viricida ap\u00f3s 15 segundos de contato com a superf\u00edcie, contra os v\u00edrus causadores das seguintes doen\u00e7as: Doen\u00e7a de Newcastle, Bouba Avi\u00e1ria, Doen\u00e7a de Gumboro, Encefalomielite Avi\u00e1ria, Laringotraque\u00edte infecciosa, Bronquite infecciosa e Hepatite infecciosa. N\u00e3o \u00e9 t\u00f3xico, corrosivo ou irritante para a pele, quando utilizado nas dosagens recomendadas.<\/p>\n<p>Indica\u00e7\u00f5es Principais<\/p>\n<p>\u2022 AVICULTURA: Limpeza e desinfec\u00e7\u00e3o de equipamentos e instala\u00e7\u00f5es de processamento de ovos; equipamentos e instala\u00e7\u00f5es av\u00edcolas de modo geral. Controle da dissemina\u00e7\u00e3o de doen\u00e7as atrav\u00e9s da \u00e1gua de bebida das aves ou simplesmente para melhorar as condi\u00e7\u00f5es de potabilidade.<\/p>\n<p>\u2022 PECU\u00c1RIA: Limpeza e desinfec\u00e7\u00e3o de instala\u00e7\u00f5es, instrumentos e equipamentos veterin\u00e1rios, pedil\u00favios, vag\u00f5es e ve\u00edculos de transporte de animais, acess\u00f3rios de ordenha, insemina\u00e7\u00e3o artificial, instrumental cir\u00fargico, campo operat\u00f3rio e assepsia.<\/p>\n<p>\u2022 FRIGOR\u00cdFICOS E ABATEDOUROS: Desinfetante de tanques, c\u00e2maras, caminh\u00f5es frigor\u00edficos e dep\u00f3sitos de produtos de origem animal. Na desinfec\u00e7\u00e3o de parede, piso, maquin\u00e1rios, balc\u00f5es e instrumentos.<\/p>\n<p>Dosagem:<\/p>\n<p>\u2022 Preven\u00e7\u00e3o de doen\u00e7as atrav\u00e9s da \u00e1gua de bebida dos animais: 1 litro de Biofor para cada 2.000 litros de \u00e1gua (0,05{bad89740ab836af8afd78adf22d5854117f226b234e4f8ee83a0ac8d28f68ffc}). Trocar a solu\u00e7\u00e3o a cada 24 horas.<\/p>\n<p>\u2022 Lavagem e esteriliza\u00e7\u00e3o de equipamentos, tanques, lat\u00f5es, tanques de leite, abatedouros e frigor\u00edficos: 1 litro de Biofor para cada 1.200 litros de \u00e1gua (0,08{bad89740ab836af8afd78adf22d5854117f226b234e4f8ee83a0ac8d28f68ffc}).&nbsp;<\/p>\n<p>\u2022 Limpeza e desinfec\u00e7\u00e3o de avi\u00e1rios, incubadoras, pocilgas, est\u00e1bulos, coelheiras, canis, comedouros e bebedouros: 1 litro de Biofor para cada 500 litros de \u00e1gua (0,02{bad89740ab836af8afd78adf22d5854117f226b234e4f8ee83a0ac8d28f68ffc}).&nbsp;<\/p>\n<p>\u2022 Desinfec\u00e7\u00e3o e lavagem de \u00faberes das vacas e m\u00e3os dos ordenhadores: 1 litro de Bioforpara cada 250 litros de \u00e1gua (0,4{bad89740ab836af8afd78adf22d5854117f226b234e4f8ee83a0ac8d28f68ffc}).<\/p>\n<p>\u2022 Desinfec\u00e7\u00e3o preventiva contra o v\u00edrus da Febre Aftosa (pedil\u00favios, pulveriza\u00e7\u00e3o de galp\u00f5es, est\u00e1bulos, vag\u00f5es, ve\u00edculos e lavagem da boca dos animais e de equipamentos): 1 litro de Biofor para cada 100 litros de \u00e1gua (1{bad89740ab836af8afd78adf22d5854117f226b234e4f8ee83a0ac8d28f68ffc}).<\/p>\n<p>\u2022 Desinfec\u00e7\u00e3o de est\u00e1bulos contaminados com v\u00edrus da Febre Aftosa e em pedil\u00favios: 1 litro de Biofor para 50 litros de \u00e1gua (2{bad89740ab836af8afd78adf22d5854117f226b234e4f8ee83a0ac8d28f68ffc}).<\/p>\n<p>Obs.: O tempo de atua\u00e7\u00e3o eficaz \u00e9 de 10 minutos ou at\u00e9 as superf\u00edcies secarem.<\/p>\n<p>Administra\u00e7\u00e3o:<\/p>\n<p>Desinfetante para uso externo.<\/p>\n<p>Precau\u00e7\u00f5es:<\/p>\n<p>\u2022 N\u00e3o usar o produto misturado a inseticidas fosforados ou clorados.<\/p>\n<p>\u2022 Para o Iodo, o ant\u00eddoto \u00e9 o Tiossulfato de s\u00f3dio, na dose de 100 mL a 5{bad89740ab836af8afd78adf22d5854117f226b234e4f8ee83a0ac8d28f68ffc} por via oral.<\/p>\n<p>\u2022 Evitar contato direto com a pele. Caso isto ocorra, lavar o local com bastante \u00e1gua corrente limpa. Se houver irrita\u00e7\u00e3o persistente, procurar um m\u00e9dico, levando a embalagem do produto.<\/p>\n<p>\u2022 Informa\u00e7\u00e3o para uso m\u00e9dico: O produto cont\u00e9m iodo em meio \u00e1cido. Caso seja ingerido acidentalmente, administrar por via oral leite de magn\u00e9sia (200 mL ou mais), \u00e1gua e leite para diluir o \u00e1cido. N\u00e3o provocar v\u00f4mitos.<\/p>\n<p>Apresenta\u00e7\u00e3o:<\/p>\n<p>Frascos de 1 Litro<\/p>\n<p>Classe Terap\u00eautica:<\/p>\n<p>ANTI-S\u00c9PTICOS E DESINFETANTES<\/p>\n<p>Princ\u00edpio(s) Ativo(s):<\/p>\n<p>IODO<\/p>\n<p>Registro no Minist\u00e9rio da Agricultura, Pecu\u00e1ria e Abastecimento:<\/p>\n<p>0975 em 14\/09\/79<\/p>\n","protected":false},"excerpt":{"rendered":"<p>F\u00f3rmula: Cada 100 mL cont\u00e9m: Concentrado de iodophor&#8230;&#8230;&#8230;&#8230;&#8230;&#8230;&#8230;&#8230;&#8230;&#8230;11,25 g* \u00c1cido fosf\u00f3rico&#8230;&#8230;&#8230;&#8230;&#8230;&#8230;&#8230;&#8230;&#8230;&#8230;&#8230;&#8230;&#8230;&#8230;&#8230;.15,00 g Ve\u00edculo q.s.p&#8230;&#8230;&#8230;&#8230;&#8230;&#8230;&#8230;&#8230;&#8230;&#8230;&#8230;&#8230;&#8230;&#8230;&#8230;&#8230;.100 mL * Cont\u00e9m 2,25{bad89740ab836af8afd78adf22d5854117f226b234e4f8ee83a0ac8d28f68ffc} de Iodo Utiliz\u00e1vel&nbsp; Indica\u00e7\u00f5es:<\/p>\n","protected":false},"featured_media":16387,"template":"","meta":{"_acf_changed":false},"product_brand":[958],"product_cat":[166,194],"product_tag":[993],"class_list":{"0":"post-16386","1":"product","2":"type-product","3":"status-publish","4":"has-post-thumbnail","6":"product_brand-biofarm","7":"product_cat-equipamentos-utensilios-e-materiais-hospitalares","8":"product_cat-todos-os-produtos","9":"product_tag-biofarm","11":"first","12":"instock","13":"purchasable","14":"product-type-simple"},"acf":[],"_links":{"self":[{"href":"https:\/\/vetsul.com\/index.php\/wp-json\/wp\/v2\/product\/16386","targetHints":{"allow":["GET"]}}],"collection":[{"href":"https:\/\/vetsul.com\/index.php\/wp-json\/wp\/v2\/product"}],"about":[{"href":"https:\/\/vetsul.com\/index.php\/wp-json\/wp\/v2\/types\/product"}],"wp:featuredmedia":[{"embeddable":true,"href":"https:\/\/vetsul.com\/index.php\/wp-json\/wp\/v2\/media\/16387"}],"wp:attachment":[{"href":"https:\/\/vetsul.com\/index.php\/wp-json\/wp\/v2\/media?parent=16386"}],"wp:term":[{"taxonomy":"product_brand","embeddable":true,"href":"https:\/\/vetsul.com\/index.php\/wp-json\/wp\/v2\/product_brand?post=16386"},{"taxonomy":"product_cat","embeddable":true,"href":"https:\/\/vetsul.com\/index.php\/wp-json\/wp\/v2\/product_cat?post=16386"},{"taxonomy":"product_tag","embeddable":true,"href":"https:\/\/vetsul.com\/index.php\/wp-json\/wp\/v2\/product_tag?post=16386"}],"curies":[{"name":"wp","href":"https:\/\/api.w.org\/{rel}","templated":true}]}}