{"id":16382,"date":"2018-01-03T14:57:59","date_gmt":"2018-01-03T16:57:59","guid":{"rendered":"http:\/\/35.194.95.18\/wp-admin\/?post_type=product&#038;p=16382"},"modified":"2025-02-07T16:00:10","modified_gmt":"2025-02-07T19:00:10","slug":"biofen-10-10ml","status":"publish","type":"product","link":"https:\/\/vetsul.com\/index.php\/product\/biofen-10-10ml\/","title":{"rendered":"Biofen 10% 10ml"},"content":{"rendered":"<p>Pela sua potente a\u00e7\u00e3o anti-inflamat\u00f3ria, antipir\u00e9tica e analg\u00e9sica de \u00faltima gera\u00e7\u00e3o o BIOFEN 10{bad89740ab836af8afd78adf22d5854117f226b234e4f8ee83a0ac8d28f68ffc} \u00e9 muito eficaz no al\u00edvio das dores associadas \u00e0s c\u00f3licas e principalmente nos tratamentos dos dist\u00farbios m\u00fasculo-esquel\u00e9ticos tais como: artrose, artrite, distens\u00f5es, tendinites, laminites, entorses, luxa\u00e7\u00f5es, edemas, claudica\u00e7\u00f5es, afec\u00e7\u00f5es respirat\u00f3rias, mamites e c\u00f3licas. Por n\u00e3o ser cortic\u00f3ide \u00e9 muito recomendado nas dores p\u00f3s-traum\u00e1ticas e p\u00f3s-operat\u00f3rias (castra\u00e7\u00f5es, descornas e caudectomia em ovinos). Tratamento sintom\u00e1tico da febre.&nbsp;<\/p>\n<p>INDICA\u00c7\u00d5ES:<\/p>\n<p>BIOFEN 10{bad89740ab836af8afd78adf22d5854117f226b234e4f8ee83a0ac8d28f68ffc} \u00e9 um anti-inflamat\u00f3rio n\u00e3o esteroidal (AINE), \u00e0 base de cetoprofeno, que possui a\u00e7\u00e3o anti-inflamat\u00f3ria, analg\u00e9sica e antipir\u00e9tica. \u00c9 indicado para bovinos, equinos, ovinos, caprinos e su\u00ednos.<\/p>\n<p>Em equinos \u00e9 indicado no tratamento analg\u00e9sico e sintom\u00e1tico associados \u00e0s c\u00f3licas, dist\u00farbios m\u00fasculoesquel\u00e9ticos e osteoarticulares (artroses, artrites, distens\u00f5es, tendinites, laminites e claudica\u00e7\u00f5es), dor p\u00f3s-traum\u00e1tica e p\u00f3s-operat\u00f3ria.<\/p>\n<p>Em bovinos, ovinos, caprinos e su\u00ednos \u00e9 indicado nos casos de dist\u00farbios m\u00fasculoesquel\u00e9ticos, afec\u00e7\u00f5es respirat\u00f3rias, dor p\u00f3s-traum\u00e1tica e p\u00f3s-operat\u00f3ria (castra\u00e7\u00f5es, descornas, caudectomia em ovinos), edemas mam\u00e1rios, s\u00edndrome MMA (Mastite-Metrite-Agalaxia), tratamento sintom\u00e1tico da febre, c\u00f3licas e inflama\u00e7\u00f5es associadas \u00e0s infec\u00e7\u00f5es.<\/p>\n<p>&nbsp;F\u00d3RMULA:<\/p>\n<p>Cada 100mL cont\u00e9m:<\/p>\n<p>Cetoprofeno__________________________________________ 10,0g<\/p>\n<p>Ve\u00edculo q. s. p._______________________________________100,0mL<\/p>\n<p>&nbsp;MODO DE USAR:<\/p>\n<p>Administrar por via intramuscular ou intravenosa uma vez ao dia durante 3 a 5 dias consecutivos.<\/p>\n<p>POSOLOGIA:<\/p>\n<p>Equinos: 2,2mg de cetoprofeno por kg de peso corp\u00f3reo, ou seja, 1mL de BIOFEN 10{bad89740ab836af8afd78adf22d5854117f226b234e4f8ee83a0ac8d28f68ffc} para cada 45kg de peso.<\/p>\n<p>Bovinos, ovinos e caprinos: 3mg de cetoprofeno por kg de peso corp\u00f3reo, ou seja, 1,5mL&nbsp; de BIOFEN 10{bad89740ab836af8afd78adf22d5854117f226b234e4f8ee83a0ac8d28f68ffc} para cada 50kg de peso.&nbsp;<\/p>\n<p>PRECAU\u00c7\u00d5ES:<\/p>\n<p>N\u00e3o misturar o produto com outras subst\u00e2ncias na mesma seringa. N\u00e3o associar com outros anti-inflamat\u00f3rios n\u00e3o esteroidais, diur\u00e9ticos ou anticoagulantes.<\/p>\n<p>O produto \u00e9 contraindicado em casos de ulcera\u00e7\u00f5es gastroduodenais, s\u00edndromes hemorr\u00e1gicas e insufici\u00eancia renal.<\/p>\n<p>N\u00e3o administrar em animais com hist\u00f3rico de hipersensibilidade ao cetoprofeno.<\/p>\n","protected":false},"excerpt":{"rendered":"<p>Pela sua potente a\u00e7\u00e3o anti-inflamat\u00f3ria, antipir\u00e9tica e analg\u00e9sica de \u00faltima gera\u00e7\u00e3o o BIOFEN 10{bad89740ab836af8afd78adf22d5854117f226b234e4f8ee83a0ac8d28f68ffc} \u00e9 muito eficaz no al\u00edvio das dores associadas<\/p>\n","protected":false},"featured_media":16383,"template":"","meta":{"_acf_changed":false},"product_brand":[958],"product_cat":[174,168,164,163,194],"product_tag":[993],"class_list":{"0":"post-16382","1":"product","2":"type-product","3":"status-publish","4":"has-post-thumbnail","6":"product_brand-biofarm","7":"product_cat-anti-inflamatorios-3","8":"product_cat-anti-inflamatorios","9":"product_cat-bovinos-e-ovinos","10":"product_cat-equinos","11":"product_cat-todos-os-produtos","12":"product_tag-biofarm","14":"first","15":"outofstock","16":"purchasable","17":"product-type-simple"},"acf":[],"_links":{"self":[{"href":"https:\/\/vetsul.com\/index.php\/wp-json\/wp\/v2\/product\/16382","targetHints":{"allow":["GET"]}}],"collection":[{"href":"https:\/\/vetsul.com\/index.php\/wp-json\/wp\/v2\/product"}],"about":[{"href":"https:\/\/vetsul.com\/index.php\/wp-json\/wp\/v2\/types\/product"}],"wp:featuredmedia":[{"embeddable":true,"href":"https:\/\/vetsul.com\/index.php\/wp-json\/wp\/v2\/media\/16383"}],"wp:attachment":[{"href":"https:\/\/vetsul.com\/index.php\/wp-json\/wp\/v2\/media?parent=16382"}],"wp:term":[{"taxonomy":"product_brand","embeddable":true,"href":"https:\/\/vetsul.com\/index.php\/wp-json\/wp\/v2\/product_brand?post=16382"},{"taxonomy":"product_cat","embeddable":true,"href":"https:\/\/vetsul.com\/index.php\/wp-json\/wp\/v2\/product_cat?post=16382"},{"taxonomy":"product_tag","embeddable":true,"href":"https:\/\/vetsul.com\/index.php\/wp-json\/wp\/v2\/product_tag?post=16382"}],"curies":[{"name":"wp","href":"https:\/\/api.w.org\/{rel}","templated":true}]}}