{"id":16378,"date":"2018-01-03T14:52:12","date_gmt":"2018-01-03T16:52:12","guid":{"rendered":"http:\/\/35.194.95.18\/wp-admin\/?post_type=product&#038;p=16378"},"modified":"2025-02-07T16:00:10","modified_gmt":"2025-02-07T19:00:10","slug":"biodex-injetavel-10-ml","status":"publish","type":"product","link":"https:\/\/vetsul.com\/index.php\/product\/biodex-injetavel-10-ml\/","title":{"rendered":"BIODEX INJETAVEL 10 ML"},"content":{"rendered":"<p>Potente antiinflamat\u00f3rio. Tamb\u00e9m \u00e9 indicado nas afec\u00e7\u00f5es al\u00e9rgicas, cetose bovina, pruridos associados com dermatoses, eczema n\u00e3o espec\u00edfico e estados anafil\u00e1ticos.<\/p>\n<p>COMPOSI\u00c7\u00c3O:<\/p>\n<p>Dexametasona: 5,0mg*<\/p>\n<p>Ve\u00ed\u00adculo q.s.p.: 1mL<\/p>\n<p>*Equivalente a 3,8 mg de Dexametasona base<\/p>\n<p>MODO DE USAR E DOSAGENS:<\/p>\n<p>Administra\u00e7\u00e3o parenteral, usando as vias intramuscular, subcut\u00e2nea ou intravenosa, seguindo as seguintes doses:<\/p>\n<p>Equinos e bovinos adultos: 2 a 5 mL;<\/p>\n<p>Animais de m\u00e9dio porte: 1 a 3 mL;<\/p>\n<p>APRESENTA\u00c7\u00c3O:<\/p>\n<p>Frasco ampola com 10mL<\/p>\n","protected":false},"excerpt":{"rendered":"<p>Potente antiinflamat\u00f3rio. Tamb\u00e9m \u00e9 indicado nas afec\u00e7\u00f5es al\u00e9rgicas, cetose bovina, pruridos associados com dermatoses, eczema n\u00e3o espec\u00edfico e estados anafil\u00e1ticos. COMPOSI\u00c7\u00c3O: Dexametasona:<\/p>\n","protected":false},"featured_media":16379,"template":"","meta":{"_acf_changed":false},"product_brand":[958],"product_cat":[179,168,174,164,163,165,194],"product_tag":[993],"class_list":{"0":"post-16378","1":"product","2":"type-product","3":"status-publish","4":"has-post-thumbnail","6":"product_brand-biofarm","7":"product_cat-anti-inflamatorio","8":"product_cat-anti-inflamatorios","9":"product_cat-anti-inflamatorios-3","10":"product_cat-bovinos-e-ovinos","11":"product_cat-equinos","12":"product_cat-pet","13":"product_cat-todos-os-produtos","14":"product_tag-biofarm","16":"first","17":"outofstock","18":"purchasable","19":"product-type-simple"},"acf":[],"_links":{"self":[{"href":"https:\/\/vetsul.com\/index.php\/wp-json\/wp\/v2\/product\/16378","targetHints":{"allow":["GET"]}}],"collection":[{"href":"https:\/\/vetsul.com\/index.php\/wp-json\/wp\/v2\/product"}],"about":[{"href":"https:\/\/vetsul.com\/index.php\/wp-json\/wp\/v2\/types\/product"}],"wp:featuredmedia":[{"embeddable":true,"href":"https:\/\/vetsul.com\/index.php\/wp-json\/wp\/v2\/media\/16379"}],"wp:attachment":[{"href":"https:\/\/vetsul.com\/index.php\/wp-json\/wp\/v2\/media?parent=16378"}],"wp:term":[{"taxonomy":"product_brand","embeddable":true,"href":"https:\/\/vetsul.com\/index.php\/wp-json\/wp\/v2\/product_brand?post=16378"},{"taxonomy":"product_cat","embeddable":true,"href":"https:\/\/vetsul.com\/index.php\/wp-json\/wp\/v2\/product_cat?post=16378"},{"taxonomy":"product_tag","embeddable":true,"href":"https:\/\/vetsul.com\/index.php\/wp-json\/wp\/v2\/product_tag?post=16378"}],"curies":[{"name":"wp","href":"https:\/\/api.w.org\/{rel}","templated":true}]}}