{"id":16374,"date":"2018-01-03T14:37:26","date_gmt":"2018-01-03T16:37:26","guid":{"rendered":"http:\/\/35.194.95.18\/wp-admin\/?post_type=product&#038;p=16374"},"modified":"2025-04-03T16:12:34","modified_gmt":"2025-04-03T19:12:34","slug":"bio-hoof-jcr-500gr","status":"publish","type":"product","link":"https:\/\/vetsul.com\/index.php\/product\/bio-hoof-jcr-500gr\/","title":{"rendered":"Bio Hoof JCR 500gr"},"content":{"rendered":"<p>4x mais Zinco, com Cobre, \u00d4megas e Beta\u00edna<\/p>\n<p>Bio Hoof JCR cont\u00e9m os ingredientes essenciais para o crescimento e manuten\u00e7\u00e3o da integridade dos cascos, pelos, crina e cauda. Biotina, Zinco e Cobre participam ativamente das rea\u00e7\u00f5es de queratiniza\u00e7\u00e3o e forma\u00e7\u00e3o da matriz extracelular epid\u00e9rmica, enquanto que o amino\u00e1cido Metionina \u00e9 muito importante para a integra\u00e7\u00e3o das prote\u00ednas estruturais, conferindo rigidez ao tecido. A f\u00f3rmula cont\u00e9m ainda outros componentes como Vitamina B2, Enxofre, \u00c1cido F\u00f3lico e \u00d4megas 3 e 6, que, em conjunto, participam das rea\u00e7\u00f5es de estrutura\u00e7\u00e3o da queratina (epiderme) e da forma\u00e7\u00e3o de col\u00e1geno e elastina (derme).<\/p>\n<p>INDICA\u00c7\u00c3O DO PRODUTO<\/p>\n<p>Suplemento vitam\u00ednico, mineral e amino\u00e1cido para equinos, muares e asininos, que cont\u00e9m elementos que auxiliam o crescimento e manuten\u00e7\u00e3o da integridade dos cascos, pele, pelagem, cauda e crina dos animais.<\/p>\n<p>PRINCIPAIS VANTAGENS<\/p>\n<p>\u2022 Concentra\u00e7\u00f5es ideais de Biotina e Zinco;<\/p>\n<p>\u2022 Melhor associa\u00e7\u00e3o para pele, pelagem e cascos;<\/p>\n<p>\u2022 Aux\u00edlio ao crescimento e manuten\u00e7\u00e3o da integridade dos cascos;<\/p>\n<p>\u2022 Para a qualidade e o brilho da pelagem.<\/p>\n<p>N\u00cdVEIS DE GARANTIA POR KG DO PRODUTO<\/p>\n<p>Bio Hoof P\u00f3<\/p>\n<p>\u00c1cido F\u00f3lico (m\u00edn.)\u2026\u2026\u2026\u2026\u2026\u2026\u2026\u2026\u2026..1.200,3 mg<\/p>\n<p>\u00c1cido linol\u00e9ico (m\u00edn.)\u2026\u2026\u2026\u2026\u2026\u2026\u2026\u2026\u2026.17,134&nbsp; g<\/p>\n<p>\u00c1cido linol\u00eanico (m\u00edn.)\u2026\u2026\u2026\u2026\u2026\u2026\u2026\u2026\u20262.920 mg<\/p>\n<p>Beta\u00edna (m\u00edn.)\u2026\u2026\u2026\u2026\u2026\u2026\u2026\u2026\u2026\u2026\u2026\u2026..2.500 mg<\/p>\n<p>Biotina (m\u00edn.)\u2026\u2026\u2026\u2026\u2026\u2026\u2026\u2026\u2026\u2026\u2026\u2026\u20262.500 mg<\/p>\n<p>Cobre (m\u00edn.)\u2026\u2026\u2026\u2026\u2026\u2026\u2026\u2026\u2026\u2026\u2026\u2026.2.200,9 mg<\/p>\n<p>Enxofre (m\u00edn.)\u2026\u2026\u2026\u2026\u2026\u2026\u2026\u2026\u2026\u2026\u2026\u2026..20,009 g<\/p>\n<p>Extrato Prot\u00e9ico Vegetal (m\u00edn.)\u2026\u2026\u2026\u2026\u20264.000 mg<\/p>\n<p>Lisina (m\u00edn.)\u2026\u2026\u2026\u2026\u2026\u2026\u2026\u2026\u2026\u2026\u2026\u2026\u2026180,031 g<\/p>\n<p>Metionina (m\u00edn.)\u2026\u2026\u2026\u2026\u2026\u2026\u2026\u2026\u2026\u2026\u2026120,087 g<\/p>\n<p>Vitamina B2 (m\u00edn.) \u2026\u2026\u2026\u2026\u2026\u2026\u2026\u2026\u2026\u2026\u2026800 mg<\/p>\n<p>Zinco (m\u00edn.)\u2026\u2026\u2026\u2026\u2026\u2026\u2026\u2026\u2026\u2026\u2026\u2026\u2026\u2026..22,2 g<\/p>\n<p>Bio Hoof L\u00edquido:<\/p>\n<p>Vitamina B6 (M\u00edn.)\u2026\u2026\u2026\u2026\u2026\u2026\u2026\u2026\u2026\u2026..2.403,51 mg<\/p>\n<p>\u00c1cido F\u00f3lico (M\u00edn.) \u2026\u2026\u2026\u2026\u2026\u2026\u2026\u2026\u2026\u2026 1.200,74 mg<\/p>\n<p>Biotina (M\u00edn.)\u2026\u2026\u2026\u2026\u2026\u2026\u2026\u2026\u2026\u2026\u2026\u2026\u2026\u20263.000,7 mg<\/p>\n<p>Beta\u00edna (M\u00edn.) \u2026\u2026\u2026\u2026\u2026\u2026\u2026\u2026\u2026\u2026\u2026\u2026\u2026\u2026 10,0016 g<\/p>\n<p>Beta caroteno (M\u00edn.) \u2026\u2026\u2026\u2026\u2026\u2026\u2026\u2026\u2026\u2026\u2026.. 2,81 mg<\/p>\n<p>Lisina (M\u00edn.)\u2026\u2026\u2026\u2026\u2026\u2026\u2026\u2026\u2026\u2026\u2026\u2026\u2026\u2026\u2026\u2026\u2026 73,2 g<\/p>\n<p>Metionina (M\u00edn.) \u2026\u2026\u2026\u2026\u2026\u2026\u2026\u2026\u2026\u2026\u2026\u2026\u2026\u2026. 29,7 g<\/p>\n<p>Taurina (M\u00edn.)\u2026\u2026\u2026\u2026\u2026\u2026\u2026\u2026\u2026\u2026\u2026\u2026\u2026\u2026\u2026\u2026 21,9 g<\/p>\n<p>Mangan\u00eas (M\u00edn.) \u2026\u2026\u2026\u2026\u2026\u2026\u2026\u2026\u2026\u2026\u2026 6.001,64 mg<\/p>\n<p>Zinco (M\u00edn.) \u2026\u2026\u2026\u2026\u2026\u2026\u2026\u2026\u2026\u2026\u2026\u2026\u2026\u2026\u2026 19,0004 g<\/p>\n<p>Sel\u00eanio (M\u00edn.) \u2026\u2026\u2026\u2026\u2026\u2026\u2026\u2026\u2026\u2026\u2026\u2026\u2026\u2026.. 50,13 mg<\/p>\n<p>MODO DE USAR<\/p>\n<p>Para ser utilizado por via oral.<\/p>\n<p>Bio Hoof P\u00f3<\/p>\n<p>Equinos, muares e asininos adultos: 10 g\/dia.<\/p>\n<p>Potros: 5 g\/dia.<\/p>\n<p>Bio Hoof L\u00edquido<\/p>\n<p>Equinos, Muares e Asininos adultos: 10mL\/dia.<\/p>\n<p>Potros: 5mL\/dia.<\/p>\n","protected":false},"excerpt":{"rendered":"<p>4x mais Zinco, com Cobre, \u00d4megas e Beta\u00edna Bio Hoof JCR cont\u00e9m os ingredientes essenciais para o crescimento e manuten\u00e7\u00e3o da integridade<\/p>\n","protected":false},"featured_media":16375,"template":"","meta":{"_acf_changed":false},"product_brand":[954],"product_cat":[163,178],"product_tag":[991],"class_list":{"0":"post-16374","1":"product","2":"type-product","3":"status-publish","4":"has-post-thumbnail","6":"product_brand-vetnil","7":"product_cat-equinos","8":"product_cat-suplementos-e-vitaminas-2","9":"product_tag-vetnil","11":"first","12":"instock","13":"purchasable","14":"product-type-simple"},"acf":[],"_links":{"self":[{"href":"https:\/\/vetsul.com\/index.php\/wp-json\/wp\/v2\/product\/16374","targetHints":{"allow":["GET"]}}],"collection":[{"href":"https:\/\/vetsul.com\/index.php\/wp-json\/wp\/v2\/product"}],"about":[{"href":"https:\/\/vetsul.com\/index.php\/wp-json\/wp\/v2\/types\/product"}],"wp:featuredmedia":[{"embeddable":true,"href":"https:\/\/vetsul.com\/index.php\/wp-json\/wp\/v2\/media\/16375"}],"wp:attachment":[{"href":"https:\/\/vetsul.com\/index.php\/wp-json\/wp\/v2\/media?parent=16374"}],"wp:term":[{"taxonomy":"product_brand","embeddable":true,"href":"https:\/\/vetsul.com\/index.php\/wp-json\/wp\/v2\/product_brand?post=16374"},{"taxonomy":"product_cat","embeddable":true,"href":"https:\/\/vetsul.com\/index.php\/wp-json\/wp\/v2\/product_cat?post=16374"},{"taxonomy":"product_tag","embeddable":true,"href":"https:\/\/vetsul.com\/index.php\/wp-json\/wp\/v2\/product_tag?post=16374"}],"curies":[{"name":"wp","href":"https:\/\/api.w.org\/{rel}","templated":true}]}}