{"id":16372,"date":"2018-01-03T14:32:18","date_gmt":"2018-01-03T16:32:18","guid":{"rendered":"http:\/\/35.194.95.18\/wp-admin\/?post_type=product&#038;p=16372"},"modified":"2025-08-08T17:41:00","modified_gmt":"2025-08-08T20:41:00","slug":"bio-hoof-liquid","status":"publish","type":"product","link":"https:\/\/vetsul.com\/index.php\/product\/bio-hoof-liquid\/","title":{"rendered":"Bio Hoof Liquid"},"content":{"rendered":"<p>Biotina e Zinco quelatado para os cascos, pelo, crina e cauda<\/p>\n<p>Os elementos Zinco e Enxofre carreiam estas Vitaminas e Amino\u00e1cidos at\u00e9 o epit\u00e9lio do casco, propiciando o est\u00edmulo do crescimento, mantendo as caracter\u00edsticas morfol\u00f3gicas, pl\u00e1sticas e funcionais ideais dos cascos e pelos dos animais. Al\u00e9m de lisina e metionina, Bio Hoof cont\u00e9m Biotina e Zinco quelatado com caracter\u00edsticas de tropismo para regi\u00f5es com presen\u00e7a de queratina.<\/p>\n<p>INDICA\u00c7\u00c3O DO PRODUTO<\/p>\n<p>Bio Hoof:<\/p>\n<p>Suplemento em p\u00f3, contendo elementos para auxiliar o crescimento e manuten\u00e7\u00e3o da integridade dos cascos, pelagem, cauda e crina dos animais.<\/p>\n<p>Bio Hoof Liquid:<\/p>\n<p>Suplemento l\u00edquido, contendo biotina, metionina, lisina e zinco, elementos estes que atuam no crescimento e manuten\u00e7\u00e3o da integridade dos cascos, pelagem, cauda e crina dos animais.<\/p>\n<p>N\u00cdVEIS DE GARANTIA POR KG DO PRODUTO<\/p>\n<p>Bio Hoof:<\/p>\n<p>Vitamina B2 (M\u00edn.)\u2026\u2026\u2026\u2026\u2026\u2026\u2026\u2026\u2026\u2026\u2026\u2026\u2026\u2026\u2026\u2026\u2026\u2026\u2026\u2026\u2026\u20262.400 mg<\/p>\n<p>Biotina (M\u00edn.)\u2026\u2026\u2026\u2026\u2026\u2026\u2026\u2026\u2026\u2026\u2026\u2026\u2026\u2026\u2026\u2026\u2026\u2026\u2026\u2026\u2026\u2026\u2026\u2026.2.500 mg<\/p>\n<p>\u00c1cido F\u00f3lico (M\u00edn.)\u2026\u2026\u2026\u2026\u2026\u2026\u2026\u2026\u2026\u2026\u2026\u2026\u2026\u2026\u2026\u2026\u2026\u2026\u2026\u2026\u2026.2.400 mg<\/p>\n<p>DL-Metionina (M\u00edn.)\u2026\u2026\u2026\u2026\u2026\u2026\u2026\u2026\u2026\u2026\u2026\u2026\u2026\u2026\u2026\u2026\u2026\u2026\u2026\u2026\u2026\u2026\u2026120 g<\/p>\n<p>L-Lisina (M\u00edn.)\u2026\u2026\u2026\u2026\u2026\u2026\u2026\u2026\u2026\u2026\u2026\u2026\u2026\u2026\u2026\u2026\u2026\u2026\u2026\u2026\u2026\u2026\u2026\u2026\u2026\u2026180 g<\/p>\n<p>Zinco (M\u00edn.)\u2026\u2026\u2026\u2026\u2026\u2026\u2026\u2026\u2026\u2026\u2026\u2026\u2026\u2026\u2026\u2026\u2026\u2026\u2026\u2026\u2026\u2026\u2026\u2026\u20265.000 mg<\/p>\n<p>Enxofre (M\u00edn.)\u2026\u2026\u2026\u2026\u2026\u2026\u2026\u2026\u2026\u2026\u2026\u2026\u2026\u2026\u2026\u2026\u2026\u2026\u2026\u2026\u2026\u2026\u2026\u2026\u2026\u2026..20 g<\/p>\n<p>Bio Hoof Liquid:<\/p>\n<p>Biotina (M\u00edn.)\u2026\u2026\u2026\u2026\u2026\u2026\u2026\u2026\u2026\u2026\u2026\u2026\u2026\u2026\u2026\u2026\u2026\u2026\u2026\u2026\u2026\u2026\u2026..2.500 mg<\/p>\n<p>DL-Metionina (M\u00edn.)\u2026\u2026\u2026\u2026\u2026\u2026\u2026\u2026\u2026\u2026\u2026\u2026\u2026\u2026\u2026\u2026\u2026\u2026\u2026\u2026\u2026\u2026\u202625 g<\/p>\n<p>L-Lisina (M\u00edn.)\u2026\u2026\u2026\u2026\u2026\u2026\u2026\u2026\u2026\u2026\u2026\u2026\u2026\u2026\u2026\u2026\u2026\u2026\u2026\u2026\u2026\u2026\u2026\u2026\u2026..50 g<\/p>\n<p>Zinco (M\u00edn.)\u2026\u2026\u2026\u2026\u2026\u2026\u2026\u2026\u2026\u2026\u2026\u2026\u2026\u2026\u2026\u2026\u2026\u2026\u2026\u2026\u2026\u2026\u2026\u2026\u2026.12,75 g<\/p>\n<p>MODO DE USAR<\/p>\n<p>Bio Hoof:<\/p>\n<p>Para ser adicionado ao alimento.<\/p>\n<p>Equinos, Muares e Asininos adultos: 10 g\/dia.<\/p>\n<p>Potros e P\u00f4neis: 5 g\/dia.<\/p>\n<p>Avestruzes adultos: 5 g\/dia.<\/p>\n<p>Avestruzes filhotes: 1 g\/dia.<\/p>\n<p>Su\u00ednos adultos: 3 g\/dia.<\/p>\n<p>Leit\u00f5es: 0,5 g\/dia.<\/p>\n<p>Bio Hoof Liquid:<\/p>\n<p>Para ser usado por via oral.<\/p>\n<p>Equinos, Muares e Asininos adultos: 10 mL\/dia.<\/p>\n<p>Potros e P\u00f4neis: 5 mL\/dia.<\/p>\n<p>Avestruzes adultos: 5 mL\/dia.<\/p>\n<p>Avestruzes filhotes: 1 mL\/dia.<\/p>\n<p>Su\u00ednos adultos: 3 mL\/dia.<\/p>\n<p>Leit\u00f5es: 0,5 mL\/dia.<\/p>\n","protected":false},"excerpt":{"rendered":"<p>Biotina e Zinco quelatado para os cascos, pelo, crina e cauda Os elementos Zinco e Enxofre carreiam estas Vitaminas e Amino\u00e1cidos at\u00e9<\/p>\n","protected":false},"featured_media":16373,"template":"","meta":{"_acf_changed":false},"product_brand":[954],"product_cat":[163,178],"product_tag":[991],"class_list":{"0":"post-16372","1":"product","2":"type-product","3":"status-publish","4":"has-post-thumbnail","6":"product_brand-vetnil","7":"product_cat-equinos","8":"product_cat-suplementos-e-vitaminas-2","9":"product_tag-vetnil","11":"first","12":"instock","13":"shipping-taxable","14":"purchasable","15":"product-type-simple"},"acf":[],"_links":{"self":[{"href":"https:\/\/vetsul.com\/index.php\/wp-json\/wp\/v2\/product\/16372","targetHints":{"allow":["GET"]}}],"collection":[{"href":"https:\/\/vetsul.com\/index.php\/wp-json\/wp\/v2\/product"}],"about":[{"href":"https:\/\/vetsul.com\/index.php\/wp-json\/wp\/v2\/types\/product"}],"wp:featuredmedia":[{"embeddable":true,"href":"https:\/\/vetsul.com\/index.php\/wp-json\/wp\/v2\/media\/16373"}],"wp:attachment":[{"href":"https:\/\/vetsul.com\/index.php\/wp-json\/wp\/v2\/media?parent=16372"}],"wp:term":[{"taxonomy":"product_brand","embeddable":true,"href":"https:\/\/vetsul.com\/index.php\/wp-json\/wp\/v2\/product_brand?post=16372"},{"taxonomy":"product_cat","embeddable":true,"href":"https:\/\/vetsul.com\/index.php\/wp-json\/wp\/v2\/product_cat?post=16372"},{"taxonomy":"product_tag","embeddable":true,"href":"https:\/\/vetsul.com\/index.php\/wp-json\/wp\/v2\/product_tag?post=16372"}],"curies":[{"name":"wp","href":"https:\/\/api.w.org\/{rel}","templated":true}]}}