{"id":16368,"date":"2018-01-03T14:22:25","date_gmt":"2018-01-03T16:22:25","guid":{"rendered":"http:\/\/35.194.95.18\/wp-admin\/?post_type=product&#038;p=16368"},"modified":"2025-04-03T16:12:34","modified_gmt":"2025-04-03T19:12:34","slug":"bifetacel-10","status":"publish","type":"product","link":"https:\/\/vetsul.com\/index.php\/product\/bifetacel-10\/","title":{"rendered":"Bifetacel 10% 01 Litro"},"content":{"rendered":"<p>Fenbendazole 10%<\/p>\n<p>Antiparasit\u00e1rio Oral de amplo espectro para bovinos, ovinos e equ\u0308inos.<\/p>\n<p>F\u00d3RMULA:<\/p>\n<p>Cada 100 mL cont\u00e9m:<\/p>\n<p>Fenbendazole\u2026\u2026\u2026\u2026\u2026\u2026\u2026\u2026\u2026\u2026\u2026\u2026. 10,0 g<\/p>\n<p>Ve\u00edculo q.s.p \u2026\u2026\u2026\u2026\u2026\u2026\u2026\u2026\u2026\u2026\u2026\u2026.. 100 mL<\/p>\n<p>INDICA\u00c7\u00d5ES:<\/p>\n<p>Antiparasit\u00e1rio de amplo espectro, eficaz contra as infesta\u00e7\u00f5es por nemat\u00f3ides gastrintestinais e pulmonares.<\/p>\n<p>Bovinos e Ovinos: Haemonchus spp.; Ostertagia spp.; Cooperia spp.; Trichostrongylus spp.; Dictyocaulus viv\u00edparus; Bunostomum spp.; Trichuris spp.; Strongyloides spp.<\/p>\n<p>Equ\u0308inos: Strongylus spp. (incluindo larvas migrans), Parascaris equorum; Oxyuris equi; Trichostrongylus spp.; Habronema muscae, Draschia spp.<\/p>\n<p>MODO DE USAR:<\/p>\n<p>Administrado por via oral com auxilio de seringas dosadoras.<\/p>\n<p>Agitar bem antes de usar.<\/p>\n<p>DOSIFICA\u00c7\u00c3O:<\/p>\n<p>Bovinos e Ovinos: * 5 mg\/kg de peso equivalente a 1 mL para cada 20 kg de peso em dose \u00fanica. Em Ostertagiasis tipo II (larvas hipobi\u00f3ticas) 7,5 mg\/kg de peso ou 1 mL para cada 13 kg de peso, em dose \u00fanica.<\/p>\n<p>Equ\u0308inos: * 7,5 mg\/kg de peso equivalente a 1 mL para cada 13 kg de peso, em dose \u00fanica.<\/p>\n<p>Em infesta\u00e7\u00f5es por Strongylus westeri em potros lactantes administrar 2,5 mL para cada 50 kg de peso, em dose \u00fanica.<\/p>\n<p>AGITAR BEM ANTES DE USAR.<\/p>\n<p>PER\u00cdODO DE CAR\u00caNCIA:<\/p>\n<p>Bovinos, Ovinos e Equ\u0308inos: \u201cAbate: O abate dos animais tratados com este produto somente deve ser realizado \u201c14\u201d dias ap\u00f3s a \u00faltima aplica\u00e7\u00e3o\u201d.<\/p>\n<p>Bovinos e Ovinos: \u201cLeite: O leite dos animais tratados com este produto n\u00e3o deve ser destinado ao consumo humano at\u00e9 \u201c3 dias\u201d ap\u00f3s a \u00faltima aplica\u00e7\u00e3o deste produto\u201d.<\/p>\n<p>PRECAU\u00c7\u00d5ES:<\/p>\n<p>Pode ser utilizado em f\u00eameas gestantes, em qualquer etapa da gesta\u00e7\u00e3o.<\/p>\n","protected":false},"excerpt":{"rendered":"<p>Fenbendazole 10% Antiparasit\u00e1rio Oral de amplo espectro para bovinos, ovinos e equ\u0308inos. F\u00d3RMULA: Cada 100 mL cont\u00e9m: Fenbendazole\u2026\u2026\u2026\u2026\u2026\u2026\u2026\u2026\u2026\u2026\u2026\u2026. 10,0 g Ve\u00edculo q.s.p<\/p>\n","protected":false},"featured_media":16369,"template":"","meta":{"_acf_changed":false},"product_brand":[962],"product_cat":[164,163,186,167],"product_tag":[992],"class_list":{"0":"post-16368","1":"product","2":"type-product","3":"status-publish","4":"has-post-thumbnail","6":"product_brand-microsules","7":"product_cat-bovinos-e-ovinos","8":"product_cat-equinos","9":"product_cat-vermifugo-e-carrapaticida","10":"product_cat-vermifugos-e-carrapaticidas","11":"product_tag-microsules","13":"first","14":"instock","15":"purchasable","16":"product-type-simple"},"acf":[],"_links":{"self":[{"href":"https:\/\/vetsul.com\/index.php\/wp-json\/wp\/v2\/product\/16368","targetHints":{"allow":["GET"]}}],"collection":[{"href":"https:\/\/vetsul.com\/index.php\/wp-json\/wp\/v2\/product"}],"about":[{"href":"https:\/\/vetsul.com\/index.php\/wp-json\/wp\/v2\/types\/product"}],"wp:featuredmedia":[{"embeddable":true,"href":"https:\/\/vetsul.com\/index.php\/wp-json\/wp\/v2\/media\/16369"}],"wp:attachment":[{"href":"https:\/\/vetsul.com\/index.php\/wp-json\/wp\/v2\/media?parent=16368"}],"wp:term":[{"taxonomy":"product_brand","embeddable":true,"href":"https:\/\/vetsul.com\/index.php\/wp-json\/wp\/v2\/product_brand?post=16368"},{"taxonomy":"product_cat","embeddable":true,"href":"https:\/\/vetsul.com\/index.php\/wp-json\/wp\/v2\/product_cat?post=16368"},{"taxonomy":"product_tag","embeddable":true,"href":"https:\/\/vetsul.com\/index.php\/wp-json\/wp\/v2\/product_tag?post=16368"}],"curies":[{"name":"wp","href":"https:\/\/api.w.org\/{rel}","templated":true}]}}