{"id":16364,"date":"2018-01-03T14:09:14","date_gmt":"2018-01-03T16:09:14","guid":{"rendered":"http:\/\/35.194.95.18\/wp-admin\/?post_type=product&#038;p=16364"},"modified":"2025-08-08T17:41:00","modified_gmt":"2025-08-08T20:41:00","slug":"beroseg-solu-ao-injet-vel-7-30ml","status":"publish","type":"product","link":"https:\/\/vetsul.com\/index.php\/product\/beroseg-solu-ao-injet-vel-7-30ml\/","title":{"rendered":"BEROSEG SOLU\u00c7\u00c3O INJET\u00c1VEL 7% &#8211; 30ml"},"content":{"rendered":"<p>Tratamento da Babesiose e Tripanossomose dos Bovinos, Caprinos, Ovinos, Eq\u00fcinos e Caninos e Papilomatose dos bovinos.<\/p>\n<p>Combate a &#8220;tristeza bovina&#8221; e o &#8220;mal das cadeiras&#8221;.<\/p>\n<p>F\u00f3rmula:<\/p>\n<p>Cada 100 mL cont\u00e9m:<\/p>\n<p>Diminazeno (Diaceturato)&#8230;&#8230;&#8230;&#8230;&#8230;&#8230;&#8230;&#8230;&#8230;&#8230;&#8230;&#8230;&#8230;&#8230;&#8230;&#8230;&#8230;7,0 g<\/p>\n<p>Ve\u00edculo, q.s.p&#8230;&#8230;&#8230;&#8230;&#8230;&#8230;&#8230;&#8230;&#8230;&#8230;&#8230;&#8230;&#8230;&#8230;&#8230;&#8230;&#8230;&#8230;&#8230;&#8230;&#8230;.100,0 mL<\/p>\n<p>Indica\u00e7\u00f5es:<\/p>\n<p>Beroseg Solu\u00e7\u00e3o Injet\u00e1vel a 7{bad89740ab836af8afd78adf22d5854117f226b234e4f8ee83a0ac8d28f68ffc} apresenta tripla a\u00e7\u00e3o, gra\u00e7as a sua formula\u00e7\u00e3o especial: o diaceturato de diminazeno \u00e9 eficaz no combate a Babesia bigemina, Babesia bovis, Babesia canis, Trypanosoma congolense, Trypanosoma vivax, Trypanosoma brucei e Papilomav\u00edrus, causadores, respectivamente, da babesiose (piroplasmose), tripanossomose e papilomatose dos animais dom\u00e9sticos.<\/p>\n<p>Beroseg Solu\u00e7\u00e3o Injet\u00e1vel a 7{bad89740ab836af8afd78adf22d5854117f226b234e4f8ee83a0ac8d28f68ffc}\u00e9 indicado para Bovinos, Caprinos, Ovinos, Eq\u00fcinos e caninos no tratamento da Babesiose, Tripanossomose e da Papilomatose bovina.<\/p>\n<p>Babesiose: Caninos (Babesia canis), Bovinos (Babesia bigemina, Babesia bovis), Eq\u00fcinos (Babesia equi, Babesia caballi), Caprinos\/Ovinos (Babesia ovis).<\/p>\n<p>Tripanossomose: Caninos (Trypanosoma brucei, Trypanosoma congolense), Bovinos (Trypanosoma brucei, Trypanosoma congolense, Trypanosoma vivax), Eq\u00fcinos (Trypanosoma brucei, Trypanosoma congolense, Trypanosoma vivax), Caprinos\/Ovinos (Trypanosoma brucei, Trypanosoma vivax).<\/p>\n<p>Papilomatose: Bovinos (Papilomavirus).<\/p>\n<p>Dosagem:<\/p>\n<p>1. Bovinos, ovinos, caprinos e caninos: a dose recomendada \u00e9 de 3,5mg\/kg de diminazeno, equivalente a 1mL de Beroseg Solu\u00e7\u00e3o Injet\u00e1vel a 7{bad89740ab836af8afd78adf22d5854117f226b234e4f8ee83a0ac8d28f68ffc} para cada 20kg de peso corporal. Em c\u00e3es recomenda-se dose \u00fanica.<\/p>\n<p>2. Eq\u00fcinos: a dose recomendada \u00e9 de 5,0mg\/kg de diminazeno, equivalente a 1,5mL de Beroseg Solu\u00e7\u00e3o Injet\u00e1vel a 7{bad89740ab836af8afd78adf22d5854117f226b234e4f8ee83a0ac8d28f68ffc} para cada 20kg de peso corporal.<\/p>\n<p>Geralmente uma s\u00f3 aplica\u00e7\u00e3o \u00e9 suficiente para o tratamento da tripanossomose e babesiose, por\u00e9m, na persist\u00eancia dos sintomas uma segunda aplica\u00e7\u00e3o pode ser administrada de 48 a 72 horas ap\u00f3s a primeira, de acordo com orienta\u00e7\u00e3o do M\u00e9dico Veterin\u00e1rio.<\/p>\n<p>Na tripanossomose causada pelo Tripanossoma brucei, a dosagem recomendada \u00e9 de 7,0mg\/kg de diminazeno, equivalente a 1mL de Beroseg Solu\u00e7\u00e3o Injet\u00e1vel a 7{bad89740ab836af8afd78adf22d5854117f226b234e4f8ee83a0ac8d28f68ffc} para cada 10kg de peso corporal.<\/p>\n<p>Na papilomatose, obedecer a dosagem recomendada, com aplica\u00e7\u00f5es a cada 15 dias durante 3 a 4 meses.<\/p>\n<p>Administra\u00e7\u00e3o:<\/p>\n<p>Administrar por via intramuscular.<\/p>\n<p>Precau\u00e7\u00f5es:<\/p>\n<p>&#8211; Doses volumosas dever\u00e3o ser divididas, n\u00e3o ultrapassando 10mL por ponto de aplica\u00e7\u00e3o.<\/p>\n<p>&#8211; O produto n\u00e3o apresenta efeitos colaterais nas doses recomendadas. Os casos de hipersensibilidade ao diminazeno s\u00e3o raros e transit\u00f3rios, desaparecendo com a suspens\u00e3o do tratamento.<\/p>\n<p>Efeitos Colaterais:<\/p>\n<p>&#8211; O diminazeno \u00e9 bem tolerado na dose indicada, por\u00e9m, raramente, os animais poder\u00e3o apresentar tremor muscular, saliva\u00e7\u00e3o, queda de press\u00e3o sang\u00fc\u00ednea e pulso acelerado.<\/p>\n<p>Nesses casos suspender imediatamente as aplica\u00e7\u00f5es; o tratamento sintom\u00e1tico deve ser de acordo com o atendimento do m\u00e9dico veterin\u00e1rio.<\/p>\n<p>Per\u00edodos de Car\u00eancia:<\/p>\n<p>Carne: N\u00e3o destinar a carne e derivados dos animais tratados para o consumo humano antes de decorridos 30 dias ap\u00f3s a \u00faltima aplica\u00e7\u00e3o.<\/p>\n<p>Leite: N\u00e3o destinar o leite de animais tratados para o consumo humano, antes de decorridos 21 dias.<\/p>\n<p>Apresenta\u00e7\u00e3o:<\/p>\n<p>Frasco ampola contendo 30 mL de BEROSEG SOLU\u00c7\u00c3O INJET\u00c1VEL 7{bad89740ab836af8afd78adf22d5854117f226b234e4f8ee83a0ac8d28f68ffc}<\/p>\n<p>Classe Terap\u00eautica:<\/p>\n<p>ANTIMICROBIANOS GERAIS; ANTIF\u00daNGICOS E ANTIPROTOZO\u00c1RIOS (COCCIDIOS, FLAGELADOS)<\/p>\n<p>Princ\u00edpio(s) Ativo(s):<\/p>\n<p>DIACETURATO DE DIMINAZENE<\/p>\n<p>Registro no Minist\u00e9rio da Agricultura, Pecu\u00e1ria e Abastecimento:<\/p>\n<p>8651 em 18\/07\/2003<\/p>\n<p>Respons\u00e1vel T\u00e9cnico:<\/p>\n<p>Adriana Cristina Pereira Cini &#8211; CRMV: SP 8413<\/p>\n","protected":false},"excerpt":{"rendered":"<p>Tratamento da Babesiose e Tripanossomose dos Bovinos, Caprinos, Ovinos, Eq\u00fcinos e Caninos e Papilomatose dos bovinos. Combate a &#8220;tristeza bovina&#8221; e o<\/p>\n","protected":false},"featured_media":16365,"template":"","meta":{"_acf_changed":false},"product_brand":[959],"product_cat":[164,163],"product_tag":[1008,396],"class_list":{"0":"post-16364","1":"product","2":"type-product","3":"status-publish","4":"has-post-thumbnail","6":"product_brand-chemitec","7":"product_cat-bovinos-e-ovinos","8":"product_cat-equinos","9":"product_tag-chemitec","10":"product_tag-tristeza-bovina","12":"first","13":"instock","14":"purchasable","15":"product-type-simple"},"acf":[],"_links":{"self":[{"href":"https:\/\/vetsul.com\/index.php\/wp-json\/wp\/v2\/product\/16364","targetHints":{"allow":["GET"]}}],"collection":[{"href":"https:\/\/vetsul.com\/index.php\/wp-json\/wp\/v2\/product"}],"about":[{"href":"https:\/\/vetsul.com\/index.php\/wp-json\/wp\/v2\/types\/product"}],"wp:featuredmedia":[{"embeddable":true,"href":"https:\/\/vetsul.com\/index.php\/wp-json\/wp\/v2\/media\/16365"}],"wp:attachment":[{"href":"https:\/\/vetsul.com\/index.php\/wp-json\/wp\/v2\/media?parent=16364"}],"wp:term":[{"taxonomy":"product_brand","embeddable":true,"href":"https:\/\/vetsul.com\/index.php\/wp-json\/wp\/v2\/product_brand?post=16364"},{"taxonomy":"product_cat","embeddable":true,"href":"https:\/\/vetsul.com\/index.php\/wp-json\/wp\/v2\/product_cat?post=16364"},{"taxonomy":"product_tag","embeddable":true,"href":"https:\/\/vetsul.com\/index.php\/wp-json\/wp\/v2\/product_tag?post=16364"}],"curies":[{"name":"wp","href":"https:\/\/api.w.org\/{rel}","templated":true}]}}