{"id":16360,"date":"2018-01-03T13:23:09","date_gmt":"2018-01-03T15:23:09","guid":{"rendered":"http:\/\/35.194.95.18\/wp-admin\/?post_type=product&#038;p=16360"},"modified":"2025-02-07T16:00:09","modified_gmt":"2025-02-07T19:00:09","slug":"bandagem-elastica-hoppner","status":"publish","type":"product","link":"https:\/\/vetsul.com\/index.php\/product\/bandagem-elastica-hoppner\/","title":{"rendered":"Bandagem El\u00e1stica Hoppner"},"content":{"rendered":"<p>Bandagem El\u00e1stica Hoppner composta por l\u00e1tex natural.<\/p>\n<p><\/p>\n<p>01 unidade, embalada individualmente, medindo 10 cm x 4,50 m (esticado)<\/p>\n<p><span style=\"background-color: rgb(255, 255, 0);\"><font color=\"#0000ff\"><br \/><\/font><\/span><\/p>\n<p><span style=\"background-color: rgb(255, 255, 0);\"><font color=\"#0000ff\"><b>CONSULTAR DISPONIBILIDADE DE CORES<\/b><\/font><\/span><\/p>\n","protected":false},"excerpt":{"rendered":"<p>Bandagem El\u00e1stica Hoppner composta por l\u00e1tex natural. 01 unidade, embalada individualmente, medindo 10 cm x 4,50 m (esticado) CONSULTAR DISPONIBILIDADE DE CORES<\/p>\n","protected":false},"featured_media":16361,"template":"","meta":{"_acf_changed":false},"product_brand":[],"product_cat":[164,163,166,165],"product_tag":[389,390],"class_list":{"0":"post-16360","1":"product","2":"type-product","3":"status-publish","4":"has-post-thumbnail","6":"product_cat-bovinos-e-ovinos","7":"product_cat-equinos","8":"product_cat-equipamentos-utensilios-e-materiais-hospitalares","9":"product_cat-pet","10":"product_tag-bandagem","11":"product_tag-coflex","13":"first","14":"instock","15":"shipping-taxable","16":"purchasable","17":"product-type-simple"},"acf":[],"_links":{"self":[{"href":"https:\/\/vetsul.com\/index.php\/wp-json\/wp\/v2\/product\/16360","targetHints":{"allow":["GET"]}}],"collection":[{"href":"https:\/\/vetsul.com\/index.php\/wp-json\/wp\/v2\/product"}],"about":[{"href":"https:\/\/vetsul.com\/index.php\/wp-json\/wp\/v2\/types\/product"}],"wp:featuredmedia":[{"embeddable":true,"href":"https:\/\/vetsul.com\/index.php\/wp-json\/wp\/v2\/media\/16361"}],"wp:attachment":[{"href":"https:\/\/vetsul.com\/index.php\/wp-json\/wp\/v2\/media?parent=16360"}],"wp:term":[{"taxonomy":"product_brand","embeddable":true,"href":"https:\/\/vetsul.com\/index.php\/wp-json\/wp\/v2\/product_brand?post=16360"},{"taxonomy":"product_cat","embeddable":true,"href":"https:\/\/vetsul.com\/index.php\/wp-json\/wp\/v2\/product_cat?post=16360"},{"taxonomy":"product_tag","embeddable":true,"href":"https:\/\/vetsul.com\/index.php\/wp-json\/wp\/v2\/product_tag?post=16360"}],"curies":[{"name":"wp","href":"https:\/\/api.w.org\/{rel}","templated":true}]}}