{"id":16358,"date":"2018-01-03T13:17:08","date_gmt":"2018-01-03T15:17:08","guid":{"rendered":"http:\/\/35.194.95.18\/wp-admin\/?post_type=product&#038;p=16358"},"modified":"2025-04-03T16:12:28","modified_gmt":"2025-04-03T19:12:28","slug":"banamine-inj-50ml","status":"publish","type":"product","link":"https:\/\/vetsul.com\/index.php\/product\/banamine-inj-50ml\/","title":{"rendered":"Banamine Inj. 50ml"},"content":{"rendered":"<p>F\u00f3rmula<\/p>\n<p><\/p>\n<p>Cada mL cont\u00e9m:<\/p>\n<p><\/p>\n<p>Flunixina meglumina equivalente a 50 mg de flunixina&nbsp;<\/p>\n<p>Ve\u00edculo q.s.p&#8230;&#8230;&#8230;&#8230;&#8230;&#8230;&#8230;&#8230;&#8230;&#8230;&#8230;&#8230;&#8230;&#8230;&#8230;&#8230;.1,0 mL<\/p>\n<p><\/p>\n<p>Indica\u00e7\u00f5es<\/p>\n<p><\/p>\n<p>BANAMINE\u00ae INJET\u00c1VEL \u00e9 um potente analg\u00e9sico, n\u00e3o-narc\u00f3tico, n\u00e3o-esteroidal, com atividade antiinflamat\u00f3ria e antipir\u00e9tica, recomendado para eq\u00fcinos e bovinos.<\/p>\n<p><\/p>\n<p>Via de aplica\u00e7\u00e3o<\/p>\n<p><\/p>\n<p>Administrar atrav\u00e9s das vias intravenosa ou intramuscular.<\/p>\n<p><\/p>\n<p>Dosagem<\/p>\n<p><\/p>\n<p>\u2022 Eq\u00fcinos: Nas desordens m\u00fasculo-esquel\u00e9ticas, injetar 1 mL de BANAMINE\u00ae INJET\u00c1VEL para cada 45 quilos de peso vivo (1,1 mg\/ kg) por dia. O tratamento pode ser repetido durante cinco dias seguidos. O in\u00edcio da a\u00e7\u00e3o se faz dentro de uma hora, com pico entre 12 e 16 horas e dura\u00e7\u00e3o da atividade entre 24 e 36 horas. Para o al\u00edvio da dor associada com c\u00f3licas, aplicar 1mL para cada 45 quilos de peso vivo (1,1 mg\/ kg). Nestes casos a via intravenosa \u00e9 recomendada para pronta a\u00e7\u00e3o, o que pode ocorrer dentro de quinze minutos ou menos. O tratamento pode ser repetido se reaparecerem os sinais de c\u00f3licas. A causa da c\u00f3lica deve ser determinada e tratada concomitantemente \u00e0 terap\u00eautica indicada.&nbsp;<\/p>\n<p><\/p>\n<p>\u2022 Bovinos: Diarr\u00e9ia dos bezerros: 2 a 3 mL por bezerro (geralmente uma \u00fanica aplica\u00e7\u00e3o). Outras indica\u00e7\u00f5es: 2,2 mg\/ kg por dia (2 mL para cada 45 quilos de peso vivo).&nbsp;<\/p>\n","protected":false},"excerpt":{"rendered":"<p>F\u00f3rmula Cada mL cont\u00e9m: Flunixina meglumina equivalente a 50 mg de flunixina&nbsp; Ve\u00edculo q.s.p&#8230;&#8230;&#8230;&#8230;&#8230;&#8230;&#8230;&#8230;&#8230;&#8230;&#8230;&#8230;&#8230;&#8230;&#8230;&#8230;.1,0 mL Indica\u00e7\u00f5es BANAMINE\u00ae INJET\u00c1VEL \u00e9 um potente analg\u00e9sico,<\/p>\n","protected":false},"featured_media":16359,"template":"","meta":{"_acf_changed":false},"product_brand":[961],"product_cat":[168,174,164,163],"product_tag":[386,383,384,996],"class_list":{"0":"post-16358","1":"product","2":"type-product","3":"status-publish","4":"has-post-thumbnail","6":"product_brand-msd","7":"product_cat-anti-inflamatorios","8":"product_cat-anti-inflamatorios-3","9":"product_cat-bovinos-e-ovinos","10":"product_cat-equinos","11":"product_tag-colica","12":"product_tag-dor","13":"product_tag-inchaco","14":"product_tag-msd","16":"first","17":"instock","18":"shipping-taxable","19":"purchasable","20":"product-type-simple"},"acf":[],"_links":{"self":[{"href":"https:\/\/vetsul.com\/index.php\/wp-json\/wp\/v2\/product\/16358","targetHints":{"allow":["GET"]}}],"collection":[{"href":"https:\/\/vetsul.com\/index.php\/wp-json\/wp\/v2\/product"}],"about":[{"href":"https:\/\/vetsul.com\/index.php\/wp-json\/wp\/v2\/types\/product"}],"wp:featuredmedia":[{"embeddable":true,"href":"https:\/\/vetsul.com\/index.php\/wp-json\/wp\/v2\/media\/16359"}],"wp:attachment":[{"href":"https:\/\/vetsul.com\/index.php\/wp-json\/wp\/v2\/media?parent=16358"}],"wp:term":[{"taxonomy":"product_brand","embeddable":true,"href":"https:\/\/vetsul.com\/index.php\/wp-json\/wp\/v2\/product_brand?post=16358"},{"taxonomy":"product_cat","embeddable":true,"href":"https:\/\/vetsul.com\/index.php\/wp-json\/wp\/v2\/product_cat?post=16358"},{"taxonomy":"product_tag","embeddable":true,"href":"https:\/\/vetsul.com\/index.php\/wp-json\/wp\/v2\/product_tag?post=16358"}],"curies":[{"name":"wp","href":"https:\/\/api.w.org\/{rel}","templated":true}]}}